{"id":765280,"date":"2025-08-28T11:38:04","date_gmt":"2025-08-28T08:38:04","guid":{"rendered":"https:\/\/roveyayinevi.com.tr\/index.php\/urun\/finansal-tablolari-anlama-ve-analiz\/"},"modified":"2026-04-15T03:30:58","modified_gmt":"2026-04-15T00:30:58","slug":"finansal-tablolari-anlama-ve-analiz","status":"publish","type":"product","link":"https:\/\/roveyayinevi.com.tr\/index.php\/urun\/finansal-tablolari-anlama-ve-analiz\/","title":{"rendered":"Finansal Tablolar\u0131 Anlama ve Analiz"},"content":{"rendered":"<p>\u0130\u00e7indekiler :     B\u0130R\u0130NC\u0130 B\u00d6L\u00dcM Finansal Tablolar\u0131 Anlama   \u0130K\u0130NC\u0130 B\u00d6L\u00dcM Finansal Bilgi Analizi   \u00dc\u00c7\u00dcNC\u00dc B\u00d6L\u00dcM Finansal Analiz Ara\u00e7lar\u0131   D\u00d6RD\u00dcNC\u00dc B\u00d6L\u00dcM Finansal Durum Tablosu   BE\u015e\u0130NC\u0130 B\u00d6L\u00dcM K\u00e2r\/Zarar Tablosu   ALTINCI B\u00d6L\u00dcM Nakit Ak\u0131\u015f Tablosu   YED\u0130NC\u0130 B\u00d6L\u00dcM Finansal Tablolar\u0131n G\u00fcvenilirli\u011fi ve Denetim <\/p>\n","protected":false},"excerpt":{"rendered":"<p>\u0130\u00e7indekiler : B\u0130R\u0130NC\u0130 B\u00d6L\u00dcM Finansal Tablolar\u0131 Anlama \u0130K\u0130NC\u0130 B\u00d6L\u00dcM Finansal Bilgi Analizi \u00dc\u00c7\u00dcNC\u00dc B\u00d6L\u00dcM Finansal Analiz Ara\u00e7lar\u0131 D\u00d6RD\u00dcNC\u00dc B\u00d6L\u00dcM Finansal Durum Tablosu BE\u015e\u0130NC\u0130 B\u00d6L\u00dcM K\u00e2r\/Zarar Tablosu<span class=\"excerpt-hellip\"> [\u2026]<\/span><\/p>\n","protected":false},"featured_media":0,"template":"","meta":{"_monsterinsights_skip_tracking":false,"_monsterinsights_sitenote_active":false,"_monsterinsights_sitenote_note":"","_monsterinsights_sitenote_category":0},"product_brand":[],"product_cat":[13043],"product_tag":[],"class_list":{"0":"post-765280","1":"product","2":"type-product","3":"status-publish","5":"product_cat-ekonomi","6":"pa_cilt-ciltsiz","7":"pa_tur-kitap","8":"pa_yayinevi-gazi-kitabevi","9":"pa_yazar-turgay-sakin","11":"first","12":"instock","13":"sale","14":"shipping-taxable","15":"purchasable","16":"product-type-simple"},"_links":{"self":[{"href":"https:\/\/roveyayinevi.com.tr\/index.php\/wp-json\/wp\/v2\/product\/765280","targetHints":{"allow":["GET"]}}],"collection":[{"href":"https:\/\/roveyayinevi.com.tr\/index.php\/wp-json\/wp\/v2\/product"}],"about":[{"href":"https:\/\/roveyayinevi.com.tr\/index.php\/wp-json\/wp\/v2\/types\/product"}],"wp:attachment":[{"href":"https:\/\/roveyayinevi.com.tr\/index.php\/wp-json\/wp\/v2\/media?parent=765280"}],"wp:term":[{"taxonomy":"product_brand","embeddable":true,"href":"https:\/\/roveyayinevi.com.tr\/index.php\/wp-json\/wp\/v2\/product_brand?post=765280"},{"taxonomy":"product_cat","embeddable":true,"href":"https:\/\/roveyayinevi.com.tr\/index.php\/wp-json\/wp\/v2\/product_cat?post=765280"},{"taxonomy":"product_tag","embeddable":true,"href":"https:\/\/roveyayinevi.com.tr\/index.php\/wp-json\/wp\/v2\/product_tag?post=765280"}],"curies":[{"name":"wp","href":"https:\/\/api.w.org\/{rel}","templated":true}]}}