{"id":765278,"date":"2025-08-28T11:38:02","date_gmt":"2025-08-28T08:38:02","guid":{"rendered":"https:\/\/roveyayinevi.com.tr\/index.php\/urun\/homopoliticus\/"},"modified":"2026-04-15T03:30:58","modified_gmt":"2026-04-15T00:30:58","slug":"homopoliticus","status":"publish","type":"product","link":"https:\/\/roveyayinevi.com.tr\/index.php\/urun\/homopoliticus\/","title":{"rendered":"Homopoliticus"},"content":{"rendered":"<p>G\u00fcven Arif Sarg\u0131n, yirmi y\u0131la varan entelekt\u00fcel eme\u011finin sonucu olan kitab\u0131nda, kapitalist u\u0308retim rejimine ve mek\u00e2nsal pratiklere ili\u015fkin temel meselelerin tahliline giri\u015fiyor. Bir yandan, metala\u015fma, yabanc\u0131la\u015fma, kullan\u0131m, de\u011fi\u015fim, art\u0131 ve sembolik de\u011fer benzeri kavramlar ile sermaye d\u00f6ngu\u0308su\u0308 ve i\u00e7sel\/d\u0131\u015fsal \u00e7eli\u015fkiler, yap\u0131sal ya da yap\u0131sal olmayan krizleri irdelerken, bir yandan da, topra\u011fa dayal\u0131 birikim rejiminde ortaya \u00e7\u0131kan \u00e7eli\u015fkiler, sermaye ve eme\u011fin mek\u00e2nsal da\u011f\u0131l\u0131m\u0131, mek\u00e2n\u0131n s\u00f6mu\u0308ru\u0308su\u0308 ve buna ba\u011f\u0131l cereyan eden \u00f6zneler ve\/veya s\u0131n\u0131flar aras\u0131 \u00e7at\u0131\u015fma form ve su\u0308re\u00e7lerini sorguluyor.\u00d6zne meselesine ve bu \u00e7er\u00e7evede \u00f6zgu\u0308rle\u015ftirici praksis sorunsal\u0131na \u00f6znel bir yorum getirebilmeyi ama\u00e7layan Sarg\u0131n, kapitalist u\u0308retime ba\u015fat olas\u0131 \u00f6zgu\u0308r ve \u00f6zerk pratiklerin kapasitelerini anlamaya \u00e7al\u0131\u015f\u0131yor; kapitalizme i\u00e7kin \u00e7eli\u015fki ve krizlerin, anti-kapitalist siyasetle a\u015f\u0131lmas\u0131 gerekti\u011fini iddia ederek, kolektif \u00f6zne ve beden sorunsal\u0131na dair yorumlarda bulunuyor, \u00f6zgu\u0308r ve \u00f6zerk alanlar\u0131n izlerini su\u0308ru\u0308yor.Kitapta yer alan metinler, devrimci (\u00f6zgu\u0308rle\u015ftirici) praksisin, kolektif prati\u011fin otonom yap\u0131s\u0131 ve \u00f6znelerin s\u0131n\u0131fsal ba\u011f\u0131yla kaim oldu\u011funu; \u00f6zgu\u0308r ve \u00f6zerk alan\u0131n ancak s\u0131n\u0131fsal bilinci olu\u015fmu\u015f siyas\u00ee \u00f6znelerle mu\u0308mku\u0308n olabilece\u011fini iddia ediyor. Kitab\u0131n bu\u0308tu\u0308nu\u0308ne h\u00e2kim olan bu s\u00f6ylem, \u00f6znenin s\u0131n\u0131fsal aidiyetine dair \u00e7\u0131karsamalarda bulunuyor ve bu ama\u00e7la, bireyin siyas\u00ee \u00f6zneye d\u00f6nu\u0308\u015fu\u0308mu\u0308nu\u0308 tart\u0131\u015fmaya a\u00e7\u0131yor. <\/p>\n","protected":false},"excerpt":{"rendered":"<p>G\u00fcven Arif Sarg\u0131n, yirmi y\u0131la varan entelekt\u00fcel eme\u011finin sonucu olan kitab\u0131nda, kapitalist u\u0308retim rejimine ve mek\u00e2nsal pratiklere ili\u015fkin temel meselelerin tahliline giri\u015fiyor. Bir yandan, metala\u015fma, yabanc\u0131la\u015fma,<span class=\"excerpt-hellip\"> [\u2026]<\/span><\/p>\n","protected":false},"featured_media":0,"template":"","meta":{"_monsterinsights_skip_tracking":false,"_monsterinsights_sitenote_active":false,"_monsterinsights_sitenote_note":"","_monsterinsights_sitenote_category":0},"product_brand":[],"product_cat":[12337],"product_tag":[],"class_list":{"0":"post-765278","1":"product","2":"type-product","3":"status-publish","5":"product_cat-politika-siyaset","6":"pa_cilt-ciltsiz","7":"pa_tur-kitap","8":"pa_yayinevi-nika-yayinevi","9":"pa_yazar-guven-arif-sargin","11":"first","12":"instock","13":"sale","14":"shipping-taxable","15":"purchasable","16":"product-type-simple"},"_links":{"self":[{"href":"https:\/\/roveyayinevi.com.tr\/index.php\/wp-json\/wp\/v2\/product\/765278","targetHints":{"allow":["GET"]}}],"collection":[{"href":"https:\/\/roveyayinevi.com.tr\/index.php\/wp-json\/wp\/v2\/product"}],"about":[{"href":"https:\/\/roveyayinevi.com.tr\/index.php\/wp-json\/wp\/v2\/types\/product"}],"wp:attachment":[{"href":"https:\/\/roveyayinevi.com.tr\/index.php\/wp-json\/wp\/v2\/media?parent=765278"}],"wp:term":[{"taxonomy":"product_brand","embeddable":true,"href":"https:\/\/roveyayinevi.com.tr\/index.php\/wp-json\/wp\/v2\/product_brand?post=765278"},{"taxonomy":"product_cat","embeddable":true,"href":"https:\/\/roveyayinevi.com.tr\/index.php\/wp-json\/wp\/v2\/product_cat?post=765278"},{"taxonomy":"product_tag","embeddable":true,"href":"https:\/\/roveyayinevi.com.tr\/index.php\/wp-json\/wp\/v2\/product_tag?post=765278"}],"curies":[{"name":"wp","href":"https:\/\/api.w.org\/{rel}","templated":true}]}}