{"id":765277,"date":"2025-08-28T11:38:01","date_gmt":"2025-08-28T08:38:01","guid":{"rendered":"https:\/\/roveyayinevi.com.tr\/index.php\/urun\/davaciyim\/"},"modified":"2026-04-15T03:30:58","modified_gmt":"2026-04-15T00:30:58","slug":"davaciyim","status":"publish","type":"product","link":"https:\/\/roveyayinevi.com.tr\/index.php\/urun\/davaciyim\/","title":{"rendered":"Davac\u0131y\u0131m"},"content":{"rendered":"<p>Profes\u00f6r Shahrzad Mojab\u2019\u0131n \u00f6ns\u00f6z\u00fcyle Siyasi g\u00f6r\u00fc\u015flerimiz ve bar\u0131\u015f, demokrasi ve insan haklar\u0131 temelinde geli\u015fmeler sa\u011flamak ad\u0131na y\u00fcr\u00fctt\u00fc\u011f\u00fcm\u00fcz \u00e7al\u0131\u015fmalar nedeniyle yarg\u0131lan\u0131yoruz. Bu nedenle asl\u0131nda bu davada yapt\u0131\u011f\u0131m\u0131z \u015fey bug\u00fcn bir kez daha burada da tekrarlayacaklar\u0131mla bir savunma de\u011fildir. Ben ve arkada\u015flar\u0131m san\u0131k de\u011filiz, bizler davac\u0131y\u0131z. Ben ve arkada\u015flar\u0131m halklar\u0131m\u0131za, demokrasiye, insan haklar\u0131na kar\u015f\u0131 su\u00e7 i\u015fleyenlerden, kad\u0131n haklar\u0131na kar\u015f\u0131 su\u00e7 i\u015fleyenlerden davac\u0131y\u0131z. Anayasay\u0131 rafa kald\u0131ranlardan davac\u0131y\u0131z. Yanl\u0131\u015f eksik de olsa kanunlara uymayanlardan, hukuka ayk\u0131r\u0131 ithamlarla bizi y\u0131llarca cezaevinde siyasi rehine olarak tutanlardan davac\u0131y\u0131z. Bu kumpaslar\u0131 kuranlardan davac\u0131y\u0131z, bu siyasi operasyonlar\u0131 yapanlardan davac\u0131y\u0131z. Bar\u0131\u015f ve \u00e7\u00f6z\u00fcm konusunda bu kadar \u00e7aba sarf etti\u011fimiz halde ve bu \u00fclkenin, az de\u011fil \u00e7\u00f6z\u00fcm konusunda epeyce birikmi\u015f bir deneyimi olmas\u0131na ra\u011fmen hala sava\u015fta \u0131srar edip, bu \u00fclkenin evlatlar\u0131n\u0131 \u00f6lmeye-\u00f6ld\u00fcrmeye g\u00f6nderenlerden davac\u0131y\u0131z. <\/p>\n","protected":false},"excerpt":{"rendered":"<p>Profes\u00f6r Shahrzad Mojab\u2019\u0131n \u00f6ns\u00f6z\u00fcyle Siyasi g\u00f6r\u00fc\u015flerimiz ve bar\u0131\u015f, demokrasi ve insan haklar\u0131 temelinde geli\u015fmeler sa\u011flamak ad\u0131na y\u00fcr\u00fctt\u00fc\u011f\u00fcm\u00fcz \u00e7al\u0131\u015fmalar nedeniyle yarg\u0131lan\u0131yoruz. Bu nedenle asl\u0131nda bu davada yapt\u0131\u011f\u0131m\u0131z<span class=\"excerpt-hellip\"> [\u2026]<\/span><\/p>\n","protected":false},"featured_media":0,"template":"","meta":{"_monsterinsights_skip_tracking":false,"_monsterinsights_sitenote_active":false,"_monsterinsights_sitenote_note":"","_monsterinsights_sitenote_category":0},"product_brand":[],"product_cat":[15350],"product_tag":[],"class_list":{"0":"post-765277","1":"product","2":"type-product","3":"status-publish","5":"product_cat-hukuk","6":"pa_cilt-ciltsiz","7":"pa_tur-kitap","8":"pa_yayinevi-dipnot-yayinlari","9":"pa_yazar-gultan-kisanak","11":"first","12":"instock","13":"sale","14":"shipping-taxable","15":"purchasable","16":"product-type-simple"},"_links":{"self":[{"href":"https:\/\/roveyayinevi.com.tr\/index.php\/wp-json\/wp\/v2\/product\/765277","targetHints":{"allow":["GET"]}}],"collection":[{"href":"https:\/\/roveyayinevi.com.tr\/index.php\/wp-json\/wp\/v2\/product"}],"about":[{"href":"https:\/\/roveyayinevi.com.tr\/index.php\/wp-json\/wp\/v2\/types\/product"}],"wp:attachment":[{"href":"https:\/\/roveyayinevi.com.tr\/index.php\/wp-json\/wp\/v2\/media?parent=765277"}],"wp:term":[{"taxonomy":"product_brand","embeddable":true,"href":"https:\/\/roveyayinevi.com.tr\/index.php\/wp-json\/wp\/v2\/product_brand?post=765277"},{"taxonomy":"product_cat","embeddable":true,"href":"https:\/\/roveyayinevi.com.tr\/index.php\/wp-json\/wp\/v2\/product_cat?post=765277"},{"taxonomy":"product_tag","embeddable":true,"href":"https:\/\/roveyayinevi.com.tr\/index.php\/wp-json\/wp\/v2\/product_tag?post=765277"}],"curies":[{"name":"wp","href":"https:\/\/api.w.org\/{rel}","templated":true}]}}