{"id":765276,"date":"2025-08-28T11:37:58","date_gmt":"2025-08-28T08:37:58","guid":{"rendered":"https:\/\/roveyayinevi.com.tr\/index.php\/urun\/denizin-kucuk-hikayeleri-oz-guven-ve-oz-saygi\/"},"modified":"2026-04-15T03:30:58","modified_gmt":"2026-04-15T00:30:58","slug":"denizin-kucuk-hikayeleri-oz-guven-ve-oz-saygi","status":"publish","type":"product","link":"https:\/\/roveyayinevi.com.tr\/index.php\/urun\/denizin-kucuk-hikayeleri-oz-guven-ve-oz-saygi\/","title":{"rendered":"Deniz\u2019in K\u00fc\u00e7\u00fck Hikayeleri : \u00d6z G\u00fcven ve \u00d6z Sayg\u0131"},"content":{"rendered":"<p>Neden baz\u0131 \u00e7ocuklar utanga\u00e7 olur?Deniz\u2019in hik\u00e2yesi, \u00e7ocuklar\u0131n kendilerine olan g\u00fcvenlerini art\u0131rmalar\u0131na, i\u00e7 seslerine kulak vermelerine ve sosyal becerilerini geli\u015ftirmelerine yard\u0131mc\u0131 olacak e\u011flencelibir yolculuk sunuyor. Psikoterapist ve \u00e7ocuk terapisti Virginie Limousin ile Fransa\u2019da pozitif ebeveynli\u011fin \u00f6nde gelen isimlerinden biri olan psikoterapist Isabelle Filliozat taraf\u0131ndan kaleme al\u0131nan bu kitap, \u00c9ric Veill\u00e9\u2019nin e\u011flenceli \u00e7izimleriyle donat\u0131lm\u0131\u015ft\u0131r.\u00c7ocu\u011fun Duygusal D\u00fcnyas\u0131 ve Denemedi\u011fim Yol Kalmad\u0131 gibi \u00e7ok satan kitaplar\u0131n yazar\u0131ndan, t\u00fcm sorular\u0131n\u0131za cevap bulabilece\u011finiz zengin i\u00e7erikli bir eser.<\/p>\n","protected":false},"excerpt":{"rendered":"<p>Neden baz\u0131 \u00e7ocuklar utanga\u00e7 olur?Deniz\u2019in hik\u00e2yesi, \u00e7ocuklar\u0131n kendilerine olan g\u00fcvenlerini art\u0131rmalar\u0131na, i\u00e7 seslerine kulak vermelerine ve sosyal becerilerini geli\u015ftirmelerine yard\u0131mc\u0131 olacak e\u011flencelibir yolculuk sunuyor. Psikoterapist ve<span class=\"excerpt-hellip\"> [\u2026]<\/span><\/p>\n","protected":false},"featured_media":0,"template":"","meta":{"_monsterinsights_skip_tracking":false,"_monsterinsights_sitenote_active":false,"_monsterinsights_sitenote_note":"","_monsterinsights_sitenote_category":0},"product_brand":[],"product_cat":[12274,12284],"product_tag":[],"class_list":{"0":"post-765276","1":"product","2":"type-product","3":"status-publish","5":"product_cat-cocuk-ve-genclik-kitaplari","6":"product_cat-hikayeler","7":"pa_cilt-ciltsiz","8":"pa_tur-kitap","9":"pa_yayinevi-ucan-fil-yayinlari","10":"pa_yazar-isabelle-filliozat-virginie-limousin","12":"first","13":"instock","14":"sale","15":"shipping-taxable","16":"purchasable","17":"product-type-simple"},"_links":{"self":[{"href":"https:\/\/roveyayinevi.com.tr\/index.php\/wp-json\/wp\/v2\/product\/765276","targetHints":{"allow":["GET"]}}],"collection":[{"href":"https:\/\/roveyayinevi.com.tr\/index.php\/wp-json\/wp\/v2\/product"}],"about":[{"href":"https:\/\/roveyayinevi.com.tr\/index.php\/wp-json\/wp\/v2\/types\/product"}],"wp:attachment":[{"href":"https:\/\/roveyayinevi.com.tr\/index.php\/wp-json\/wp\/v2\/media?parent=765276"}],"wp:term":[{"taxonomy":"product_brand","embeddable":true,"href":"https:\/\/roveyayinevi.com.tr\/index.php\/wp-json\/wp\/v2\/product_brand?post=765276"},{"taxonomy":"product_cat","embeddable":true,"href":"https:\/\/roveyayinevi.com.tr\/index.php\/wp-json\/wp\/v2\/product_cat?post=765276"},{"taxonomy":"product_tag","embeddable":true,"href":"https:\/\/roveyayinevi.com.tr\/index.php\/wp-json\/wp\/v2\/product_tag?post=765276"}],"curies":[{"name":"wp","href":"https:\/\/api.w.org\/{rel}","templated":true}]}}