{"id":765273,"date":"2025-08-28T11:37:52","date_gmt":"2025-08-28T08:37:52","guid":{"rendered":"https:\/\/roveyayinevi.com.tr\/index.php\/urun\/profesor-astro-kedi-ile-atomik-macera\/"},"modified":"2026-04-15T03:30:58","modified_gmt":"2026-04-15T00:30:58","slug":"profesor-astro-kedi-ile-atomik-macera","status":"publish","type":"product","link":"https:\/\/roveyayinevi.com.tr\/index.php\/urun\/profesor-astro-kedi-ile-atomik-macera\/","title":{"rendered":"Profes\u00f6r Astro Kedi ile Atomik Macera"},"content":{"rendered":"<p>Elektrik nereden gelir? Renkleri nas\u0131l g\u00f6r\u00fcr\u00fcz? Bir gemi batmadan nas\u0131l y\u00fczer? Yer \u00e7ekimi nedir? Haz\u0131r olun ve s\u0131k\u0131 tutunun! Profes\u00f6r Astro Kedi sizleri, fizi\u011fin inan\u0131lmaz d\u00fcnyas\u0131nda atomik bir yolculu\u011fa \u00e7\u0131kmaya davet ediyor. Enerji, kuvvet, h\u0131z, manyetik alanlar ve \u00e7ok daha fazlas\u0131&#8230; ATOM\u0130K MACERA BASLASIN! <\/p>\n","protected":false},"excerpt":{"rendered":"<p>Elektrik nereden gelir? Renkleri nas\u0131l g\u00f6r\u00fcr\u00fcz? Bir gemi batmadan nas\u0131l y\u00fczer? Yer \u00e7ekimi nedir? Haz\u0131r olun ve s\u0131k\u0131 tutunun! Profes\u00f6r Astro Kedi sizleri, fizi\u011fin inan\u0131lmaz d\u00fcnyas\u0131nda<span class=\"excerpt-hellip\"> [\u2026]<\/span><\/p>\n","protected":false},"featured_media":0,"template":"","meta":{"_monsterinsights_skip_tracking":false,"_monsterinsights_sitenote_active":false,"_monsterinsights_sitenote_note":"","_monsterinsights_sitenote_category":0},"product_brand":[],"product_cat":[13829,12274],"product_tag":[],"class_list":{"0":"post-765273","1":"product","2":"type-product","3":"status-publish","5":"product_cat-bilimsel-kitaplar","6":"product_cat-cocuk-ve-genclik-kitaplari","7":"pa_cilt-ciltsiz","8":"pa_tur-kitap","9":"pa_yayinevi-vakifbank-kultur-yayinlari","10":"pa_yazar-dominic-walliman","12":"first","13":"instock","14":"sale","15":"shipping-taxable","16":"purchasable","17":"product-type-simple"},"_links":{"self":[{"href":"https:\/\/roveyayinevi.com.tr\/index.php\/wp-json\/wp\/v2\/product\/765273","targetHints":{"allow":["GET"]}}],"collection":[{"href":"https:\/\/roveyayinevi.com.tr\/index.php\/wp-json\/wp\/v2\/product"}],"about":[{"href":"https:\/\/roveyayinevi.com.tr\/index.php\/wp-json\/wp\/v2\/types\/product"}],"wp:attachment":[{"href":"https:\/\/roveyayinevi.com.tr\/index.php\/wp-json\/wp\/v2\/media?parent=765273"}],"wp:term":[{"taxonomy":"product_brand","embeddable":true,"href":"https:\/\/roveyayinevi.com.tr\/index.php\/wp-json\/wp\/v2\/product_brand?post=765273"},{"taxonomy":"product_cat","embeddable":true,"href":"https:\/\/roveyayinevi.com.tr\/index.php\/wp-json\/wp\/v2\/product_cat?post=765273"},{"taxonomy":"product_tag","embeddable":true,"href":"https:\/\/roveyayinevi.com.tr\/index.php\/wp-json\/wp\/v2\/product_tag?post=765273"}],"curies":[{"name":"wp","href":"https:\/\/api.w.org\/{rel}","templated":true}]}}