{"id":765271,"date":"2025-08-28T11:37:50","date_gmt":"2025-08-28T08:37:50","guid":{"rendered":"https:\/\/roveyayinevi.com.tr\/index.php\/urun\/iktisat-ve-toplum-dergisi-168-sayi-iktisat-ve-toplum-dergisi-14-yasinda\/"},"modified":"2026-04-15T03:30:58","modified_gmt":"2026-04-15T00:30:58","slug":"iktisat-ve-toplum-dergisi-168-sayi-iktisat-ve-toplum-dergisi-14-yasinda","status":"publish","type":"product","link":"https:\/\/roveyayinevi.com.tr\/index.php\/urun\/iktisat-ve-toplum-dergisi-168-sayi-iktisat-ve-toplum-dergisi-14-yasinda\/","title":{"rendered":"\u0130ktisat ve Toplum Dergisi 168. Say\u0131 &#8211; \u0130ktisat ve Toplum Dergisi 14 Ya\u015f\u0131nda"},"content":{"rendered":"<p>Bu say\u0131da: Faiz Politikas\u0131 Esnek Olmal\u0131 &#8211; Mahfi E\u011filmez             Amerikan Demokrasisinin Se\u00e7imle S\u0131nav\u0131 &#8211; Ersin Kalayc\u0131o\u011flu              2024 Y\u0131l\u0131 K\u00fcresel E\u011filimler ve Riskler &#8211; R. Funda Barbaros         Kapitalizmin Ekolojik \u00c7eli\u015fkisi ve Ekolojik Bir Topluma Giden Yollar &#8211; U\u011fur Eser          Fark Yaratanlar: Burcu Soysev               \u0130zmir \u0130ttihat ve Terakki Ticaret Mektebi\u2019nden \u0130zmir \u0130yon \u00dcniversitesi\u2019ne K\u0131sa Bir Gezinti (1908-1922) &#8211; Ercan Eren             Mao Zedong: \u00c7in Devrimi\u2019nin Lideri, Kom\u00fcnist Sistemin Kurucusu ve Kendi Halk\u0131na Kar\u015f\u0131 Bask\u0131c\u0131 ve        Ac\u0131mas\u0131z Bir Despot &#8211; Bahri Y\u0131lmaz             Sabit Sermaye Birikiminde Militarizm &#8211; Haluk Erg\u00fcven              G\u00fcney Afrika Cumhuriyeti\u2019nin \u0130nsan Haklar\u0131 M\u00fccadelesi &#8211; Av. Sema Aksoy          Elektrikli Ara\u00e7lar\u0131n 200 Y\u0131ll\u0131k Bir Ge\u00e7mi\u015fi Var! &#8211; Arda Tunca              Elektrikli Ara\u00e7 \u00dcretiminde \u00c7in Firmalar\u0131n\u0131n Y\u00fckseli\u015fi ve Ulusal Otomotiv Piyasalar\u0131na Etkileri: BYD \u00d6rne\u011fi &#8211; Kaan Ero\u011fuz                Belediyeler, Sanat ve Tiyatro (I) &#8211; Sacit Hadi Akdede          \u0130nsan Bor\u00e7lanabilen Hayvand\u0131r &#8211; Yas\u0327ar Tas\u0327k\u0131n Ko\u00e7           R\u00f6portaj: Prof. Dr. Nam\u0131k Sinan Turan &#8211; G\u00fcl\u00e7in Elif Y\u00fccel   <\/p>\n","protected":false},"excerpt":{"rendered":"<p>Bu say\u0131da: Faiz Politikas\u0131 Esnek Olmal\u0131 &#8211; Mahfi E\u011filmez Amerikan Demokrasisinin Se\u00e7imle S\u0131nav\u0131 &#8211; Ersin Kalayc\u0131o\u011flu 2024 Y\u0131l\u0131 K\u00fcresel E\u011filimler ve Riskler &#8211; R. Funda Barbaros<span class=\"excerpt-hellip\"> [\u2026]<\/span><\/p>\n","protected":false},"featured_media":0,"template":"","meta":{"_monsterinsights_skip_tracking":false,"_monsterinsights_sitenote_active":false,"_monsterinsights_sitenote_note":"","_monsterinsights_sitenote_category":0},"product_brand":[],"product_cat":[13527],"product_tag":[],"class_list":{"0":"post-765271","1":"product","2":"type-product","3":"status-publish","5":"product_cat-sureli-yayinlar","6":"pa_cilt-ciltsiz","7":"pa_tur-dergi","8":"pa_yayinevi-efil-yayinevi-dergi","9":"pa_yazar-kolektif","11":"first","12":"instock","13":"sale","14":"shipping-taxable","15":"purchasable","16":"product-type-simple"},"_links":{"self":[{"href":"https:\/\/roveyayinevi.com.tr\/index.php\/wp-json\/wp\/v2\/product\/765271","targetHints":{"allow":["GET"]}}],"collection":[{"href":"https:\/\/roveyayinevi.com.tr\/index.php\/wp-json\/wp\/v2\/product"}],"about":[{"href":"https:\/\/roveyayinevi.com.tr\/index.php\/wp-json\/wp\/v2\/types\/product"}],"wp:attachment":[{"href":"https:\/\/roveyayinevi.com.tr\/index.php\/wp-json\/wp\/v2\/media?parent=765271"}],"wp:term":[{"taxonomy":"product_brand","embeddable":true,"href":"https:\/\/roveyayinevi.com.tr\/index.php\/wp-json\/wp\/v2\/product_brand?post=765271"},{"taxonomy":"product_cat","embeddable":true,"href":"https:\/\/roveyayinevi.com.tr\/index.php\/wp-json\/wp\/v2\/product_cat?post=765271"},{"taxonomy":"product_tag","embeddable":true,"href":"https:\/\/roveyayinevi.com.tr\/index.php\/wp-json\/wp\/v2\/product_tag?post=765271"}],"curies":[{"name":"wp","href":"https:\/\/api.w.org\/{rel}","templated":true}]}}