{"id":765270,"date":"2025-08-28T11:37:48","date_gmt":"2025-08-28T08:37:48","guid":{"rendered":"https:\/\/roveyayinevi.com.tr\/index.php\/urun\/ezgi\/"},"modified":"2026-04-15T03:30:58","modified_gmt":"2026-04-15T00:30:58","slug":"ezgi","status":"publish","type":"product","link":"https:\/\/roveyayinevi.com.tr\/index.php\/urun\/ezgi\/","title":{"rendered":"Ezgi"},"content":{"rendered":"<p>1973 y\u0131l\u0131nda Kahramanmara\u015f\u2019\u0131n Nurhak il\u00e7esinde do\u011fan \u015fair ilk ve orta\u00f6\u011frenimini Nurhak\u2019ta, y\u00fcksek\u00f6\u011frenimini KT\u00dc Fatih E\u011fitim Fak\u00fcltesi Co\u011frafya \u00d6\u011fretmenli\u011fi B\u00f6l\u00fcm\u00fcnde tamamlam\u0131\u015ft\u0131r. \u00c7e\u015fitli illerde \u00f6\u011fretmenlik ve idarecilik yapt\u0131ktan sonra Medeniyetler kenti Hatay\u2019\u0131n Arsuz il\u00e7esinde g\u00f6revini s\u00fcrd\u00fcrmektedir.  \u0130lkokul y\u0131llar\u0131nda ba\u015flad\u0131\u011f\u0131 \u015fiir yolculu\u011funu ortaokulda ve lisede de hep ayn\u0131 heyecanla s\u00fcrd\u00fcrm\u00fc\u015f; \u00fcniversite y\u0131llar\u0131nda T\u00fcrk \u015fiirindeki geli\u015fmeleri yak\u0131ndan takip etmi\u015ftir. 2002 y\u0131l\u0131nda \u201c\u00d6m\u00fcr A\u011fac\u0131\u201d ad\u0131n\u0131 verdi\u011fi ilk \u015fiir kitab\u0131n\u0131 2021 y\u0131l\u0131nda ise \u201cDestan\u201d ad\u0131n\u0131 verdi\u011fi ikinci \u015fiir kitab\u0131n\u0131 \u00e7\u0131karm\u0131\u015ft\u0131r. Bu s\u00fcre zarf\u0131nda \u00e7e\u015fitli edebiyat dergilerinde \u015fiirleriyle yer alm\u0131\u015ft\u0131r. \u00d6zellikle Bal\u0131kesir Marmara Adas\u0131\u2019nda ge\u00e7irdi\u011fi 3 y\u0131l \u015fairin \u00fcretkenlik konusunda en verimli y\u0131llar\u0131n\u0131 olu\u015fturmaktad\u0131r. Kendisini halk \u015fiirini denize a\u00e7an, bu \u015fiir t\u00fcr\u00fcn\u00fc k\u0131y\u0131yla kumsalla sahille bulu\u015fturan bir \u015fair olarak tan\u0131mlamaktad\u0131r.  Onun \u015fiirlerinin her k\u0131tas\u0131nda denizel bir esinti bulmak m\u00fcmk\u00fcnd\u00fcr. Bir\u00e7ok eseri t\u00fcrk\u00fc veya \u015fark\u0131 olarak bestelenen \u015fairin yakla\u015f\u0131k 30 civar\u0131nda bestelenen eseri bulunmaktad\u0131r. 6 \u015eubat depremleri ya\u015fam\u0131n\u0131 ve \u015fiir anlay\u0131\u015f\u0131n\u0131 derinden etkilemi\u015ftir. Ya\u015fam\u0131n da insan\u0131n i\u00e7inde yerkabu\u011fundaki depremlerden daha \u015fiddetli sars\u0131nt\u0131lar yaratabilece\u011fini ve bunun sonu\u00e7lar\u0131n\u0131n depremden daha y\u0131k\u0131c\u0131 olabilece\u011fini \u015fiirin diliyle anlatmaya \u00e7al\u0131\u015fm\u0131\u015ft\u0131r. \u0130nsan ya\u015fam\u0131n\u0131 etkileyen her toplumsal olay\u0131 depremin bir ba\u015fka t\u00fcr\u00fc olarak tan\u0131mlamaktad\u0131r. \u201cS\u00f6yle hangi deprem y\u0131kmad\u0131 bizi\u201d \u015fiirinde anlatt\u0131\u011f\u0131 olay bizatihi depremin kendisi olmay\u0131p sosyal olaylar\u0131n insan ya\u015fam\u0131ndaki etkisi olarak de\u011ferlendirilmelidir. Ezgi ad\u0131n\u0131 verdi\u011fi bu kitapta \u015fairin zengin duygu d\u00fcnyas\u0131n\u0131n ipu\u00e7lar\u0131n\u0131 bulacaks\u0131n\u0131z. Ezgi onun i\u00e7in sadece kulaktaki ho\u015f bir seda olmay\u0131p hayat\u0131n\u0131n en b\u00fcy\u00fck zenginli\u011fi olan biricik k\u0131z\u0131n\u0131n da ad\u0131d\u0131r.  S\u00f6z\u00fc duygularla harmanlad\u0131\u011f\u0131 dizelerinde m\u00fczi\u011fin, ritmin ve ezginin yeri tart\u0131\u015f\u0131lmazd\u0131r. Kitap da i\u015fte bu ahengi bulacak mutlulu\u011fun h\u00fcz\u00fcnle ac\u0131n\u0131n tatl\u0131yla sevincin \u00fcz\u00fcnt\u00fcyle ama sevdan\u0131n ise ancak a\u015fkla e\u015flenebilece\u011fini g\u00f6receksiniz. A\u015fk ola\u2026 <\/p>\n","protected":false},"excerpt":{"rendered":"<p>1973 y\u0131l\u0131nda Kahramanmara\u015f\u2019\u0131n Nurhak il\u00e7esinde do\u011fan \u015fair ilk ve orta\u00f6\u011frenimini Nurhak\u2019ta, y\u00fcksek\u00f6\u011frenimini KT\u00dc Fatih E\u011fitim Fak\u00fcltesi Co\u011frafya \u00d6\u011fretmenli\u011fi B\u00f6l\u00fcm\u00fcnde tamamlam\u0131\u015ft\u0131r. \u00c7e\u015fitli illerde \u00f6\u011fretmenlik ve idarecilik yapt\u0131ktan<span class=\"excerpt-hellip\"> [\u2026]<\/span><\/p>\n","protected":false},"featured_media":0,"template":"","meta":{"_monsterinsights_skip_tracking":false,"_monsterinsights_sitenote_active":false,"_monsterinsights_sitenote_note":"","_monsterinsights_sitenote_category":0},"product_brand":[],"product_cat":[12291,12509],"product_tag":[],"class_list":{"0":"post-765270","1":"product","2":"type-product","3":"status-publish","5":"product_cat-edebiyat","6":"product_cat-siir","7":"pa_cilt-ciltsiz","8":"pa_tur-kitap","9":"pa_yayinevi-zet-yayinlari","10":"pa_yazar-mehmet-zor","12":"first","13":"instock","14":"sale","15":"shipping-taxable","16":"purchasable","17":"product-type-simple"},"_links":{"self":[{"href":"https:\/\/roveyayinevi.com.tr\/index.php\/wp-json\/wp\/v2\/product\/765270","targetHints":{"allow":["GET"]}}],"collection":[{"href":"https:\/\/roveyayinevi.com.tr\/index.php\/wp-json\/wp\/v2\/product"}],"about":[{"href":"https:\/\/roveyayinevi.com.tr\/index.php\/wp-json\/wp\/v2\/types\/product"}],"wp:attachment":[{"href":"https:\/\/roveyayinevi.com.tr\/index.php\/wp-json\/wp\/v2\/media?parent=765270"}],"wp:term":[{"taxonomy":"product_brand","embeddable":true,"href":"https:\/\/roveyayinevi.com.tr\/index.php\/wp-json\/wp\/v2\/product_brand?post=765270"},{"taxonomy":"product_cat","embeddable":true,"href":"https:\/\/roveyayinevi.com.tr\/index.php\/wp-json\/wp\/v2\/product_cat?post=765270"},{"taxonomy":"product_tag","embeddable":true,"href":"https:\/\/roveyayinevi.com.tr\/index.php\/wp-json\/wp\/v2\/product_tag?post=765270"}],"curies":[{"name":"wp","href":"https:\/\/api.w.org\/{rel}","templated":true}]}}