{"id":765268,"date":"2025-08-28T11:37:44","date_gmt":"2025-08-28T08:37:44","guid":{"rendered":"https:\/\/roveyayinevi.com.tr\/index.php\/urun\/sedit-arzu\/"},"modified":"2026-04-15T03:30:58","modified_gmt":"2026-04-15T00:30:58","slug":"sedit-arzu","status":"publish","type":"product","link":"https:\/\/roveyayinevi.com.tr\/index.php\/urun\/sedit-arzu\/","title":{"rendered":"\u015eedit Arzu"},"content":{"rendered":"<p>\u015eedit Arzu: \u0130mparatorluk&#8217;tan Cumhuriyet&#8217;e Mehmet Rauf Edebiyat\u0131, ilk metinlerinden son metinlerine, edebiyat ele\u015ftirilerinden mensur \u015fiirlerine, tiyatrolar\u0131ndan hik\u00e2ye ve romanlar\u0131na, yay\u0131nc\u0131l\u0131k faaliyetlerinden otobiyografik metinlerine Mehmet Rauf k\u00fclliyat\u0131n\u0131 g\u00fcncel, disiplinleraras\u0131 ve kar\u015f\u0131la\u015ft\u0131rmal\u0131 yakla\u015f\u0131mlarla \u00e7ok boyutlu bi\u00e7imde yeniden de\u011ferlendirmeyi ama\u00e7layan on be\u015f incelemeden olu\u015fuyor. Bu incelemeler, a\u011f\u0131rl\u0131kl\u0131 olarak Servet-i F\u00fcnun D\u00f6nemi yazar\u0131 olarak an\u0131lsa da 1931\u2019deki \u00f6l\u00fcm\u00fcne de\u011fin edebiyat ve yay\u0131nc\u0131l\u0131k d\u00fcnyas\u0131n\u0131n i\u00e7inde yer alan Mehmet Rauf&#8217;u edebiyat ve k\u00fclt\u00fcr tarihi i\u00e7inde yeniden konumland\u0131rmaya \u00e7al\u0131\u015f\u0131yor. Bir yandan Mehmet Rauf edebiyat\u0131na dair yeni ve \u00f6zg\u00fcn okumalar\u0131n pe\u015fine d\u00fc\u015ferken, bir yandan da bu edebiyat\u0131n i\u00e7inde \u00fcretildi\u011fi farkl\u0131 d\u00f6nemlerin toplumsal ve k\u00fclt\u00fcrel atmosferini farkl\u0131 a\u00e7\u0131lardan yeniden d\u00fc\u015f\u00fcnmeyi \u00f6neriyor.   \u015eedit Arzu: \u0130mparatorluk\u2019tan Cumhuriyet\u2019e Mehmet Rauf Edebiyat\u0131\u2019n\u0131n bundan sonraki Mehmet Rauf \u00e7al\u0131\u015fmalar\u0131 i\u00e7in ufuk a\u00e7\u0131c\u0131 bir kaynak haline gelmesi; modern T\u00fcrk edebiyat\u0131n\u0131n farkl\u0131 d\u00f6nemlerine ve farkl\u0131 t\u00fcrlerine dair yeni tart\u0131\u015fmalar\u0131n \u00f6n\u00fcn\u00fc a\u00e7mas\u0131; toplumsal cinsiyet, milliyet\u00e7ilik, modernlik, duygular tarihi,  yay\u0131nc\u0131l\u0131k gibi bir\u00e7ok alanda yeni \u00e7al\u0131\u015fmalara ilham vermesi dile\u011fiyle\u2026 <\/p>\n","protected":false},"excerpt":{"rendered":"<p>\u015eedit Arzu: \u0130mparatorluk&#8217;tan Cumhuriyet&#8217;e Mehmet Rauf Edebiyat\u0131, ilk metinlerinden son metinlerine, edebiyat ele\u015ftirilerinden mensur \u015fiirlerine, tiyatrolar\u0131ndan hik\u00e2ye ve romanlar\u0131na, yay\u0131nc\u0131l\u0131k faaliyetlerinden otobiyografik metinlerine Mehmet Rauf k\u00fclliyat\u0131n\u0131<span class=\"excerpt-hellip\"> [\u2026]<\/span><\/p>\n","protected":false},"featured_media":0,"template":"","meta":{"_monsterinsights_skip_tracking":false,"_monsterinsights_sitenote_active":false,"_monsterinsights_sitenote_note":"","_monsterinsights_sitenote_category":0},"product_brand":[],"product_cat":[13072,12291],"product_tag":[],"class_list":{"0":"post-765268","1":"product","2":"type-product","3":"status-publish","5":"product_cat-arastirma-inceleme-referans","6":"product_cat-edebiyat","7":"pa_cilt-ciltsiz","8":"pa_tur-kitap","9":"pa_yayinevi-everest-yayinlari","10":"pa_yazar-deniz-aktan-kucuk","12":"first","13":"instock","14":"sale","15":"shipping-taxable","16":"purchasable","17":"product-type-simple"},"_links":{"self":[{"href":"https:\/\/roveyayinevi.com.tr\/index.php\/wp-json\/wp\/v2\/product\/765268","targetHints":{"allow":["GET"]}}],"collection":[{"href":"https:\/\/roveyayinevi.com.tr\/index.php\/wp-json\/wp\/v2\/product"}],"about":[{"href":"https:\/\/roveyayinevi.com.tr\/index.php\/wp-json\/wp\/v2\/types\/product"}],"wp:attachment":[{"href":"https:\/\/roveyayinevi.com.tr\/index.php\/wp-json\/wp\/v2\/media?parent=765268"}],"wp:term":[{"taxonomy":"product_brand","embeddable":true,"href":"https:\/\/roveyayinevi.com.tr\/index.php\/wp-json\/wp\/v2\/product_brand?post=765268"},{"taxonomy":"product_cat","embeddable":true,"href":"https:\/\/roveyayinevi.com.tr\/index.php\/wp-json\/wp\/v2\/product_cat?post=765268"},{"taxonomy":"product_tag","embeddable":true,"href":"https:\/\/roveyayinevi.com.tr\/index.php\/wp-json\/wp\/v2\/product_tag?post=765268"}],"curies":[{"name":"wp","href":"https:\/\/api.w.org\/{rel}","templated":true}]}}