{"id":765266,"date":"2025-08-28T11:37:41","date_gmt":"2025-08-28T08:37:41","guid":{"rendered":"https:\/\/roveyayinevi.com.tr\/index.php\/urun\/depresyon-terapisi\/"},"modified":"2026-04-15T03:30:58","modified_gmt":"2026-04-15T00:30:58","slug":"depresyon-terapisi","status":"publish","type":"product","link":"https:\/\/roveyayinevi.com.tr\/index.php\/urun\/depresyon-terapisi\/","title":{"rendered":"Depresyon Terapisi"},"content":{"rendered":"<p>\u201cBu kitapta, \u00f6zel terapi k\u0131lavuzlar\u0131, klinik \u00f6rneklerin bolca kullan\u0131ld\u0131\u011f\u0131 somut \u00f6neriler ve ayr\u0131nt\u0131l\u0131 hasta hik\u00e2yeleri sunulmaktad\u0131r. Niyetimiz okuru etkilemek, b\u00fcy\u00fclemek ya da gizli akademik tart\u0131\u015fmalara dipnot koymak de\u011fildir. Bunun yerine;     \u2022 A\u0130LE TERAP\u0130S\u0130   \u2022 B\u0130L\u0130\u015eSEL DAVRANI\u015eSAL TERAP\u0130   \u2022 K\u0130\u015e\u0130LER ARASI PS\u0130KOTERAP\u0130   \u2022 B\u0130REYSEL PS\u0130KOTERAP\u0130   \u2022 GRUP TERAP\u0130S\u0130   \u2022 BEDENSEL TERAP\u0130   \u2022 KOMB\u0130NE TEDAV\u0130   ba\u015fl\u0131klar\u0131ndan olu\u015fan her b\u00f6l\u00fcm, pratik i\u00e7indeki klinisyene pragmatik de\u011fer ta\u015f\u0131yan bir temel sunmak \u00fczere tasarlanm\u0131\u015ft\u0131r. Asl\u0131nda genel edit\u00f6r, cilt edit\u00f6rleri ve b\u00f6l\u00fcm yazarlar\u0131 olarak amac\u0131m\u0131z tektir. Hastalar\u0131m\u0131z\u0131n hayatlar\u0131na \u00f6nemli, acil ve somut katk\u0131lar yapmak.\u201d Irvin D. Yalom \/ Psikiyatri Profes\u00f6r\u00fc Stanford \u00dcniversitesi T\u0131p Fak\u00fcltesi     \u201cBu kitap, depresyon \u00e7ilesini hafifletecek, g\u00fcn\u00fcm\u00fczde mevcut ba\u015fl\u0131ca tedavi y\u00f6ntemlerinin e\u015fsiz bir anlat\u0131m\u0131d\u0131r.\u201d John P. Docherty \/ Psikiyatri Profes\u00f6r\u00fc Cornell \u00dcniversitesi T\u0131p Fak\u00fcltesi     \u201cKlinik uzmanlara g\u00fcncel d\u00fc\u015f\u00fcnmeye y\u00f6nelik harika bir bak\u0131\u015f a\u00e7\u0131s\u0131 sunarak, depresyon tedavisinde s\u0131kl\u0131kla kullan\u0131lan terapiler \u00fczerine \u00e7a\u011fda\u015f bilgiler sunuyor.\u201d Ellen Frank \/ Psikiyatri ve Psikoloji Profes\u00f6r\u00fc Pittsburg \u00dcniversitesi T\u0131p Merkezi       <\/p>\n","protected":false},"excerpt":{"rendered":"<p>\u201cBu kitapta, \u00f6zel terapi k\u0131lavuzlar\u0131, klinik \u00f6rneklerin bolca kullan\u0131ld\u0131\u011f\u0131 somut \u00f6neriler ve ayr\u0131nt\u0131l\u0131 hasta hik\u00e2yeleri sunulmaktad\u0131r. Niyetimiz okuru etkilemek, b\u00fcy\u00fclemek ya da gizli akademik tart\u0131\u015fmalara dipnot<span class=\"excerpt-hellip\"> [\u2026]<\/span><\/p>\n","protected":false},"featured_media":0,"template":"","meta":{"_monsterinsights_skip_tracking":false,"_monsterinsights_sitenote_active":false,"_monsterinsights_sitenote_note":"","_monsterinsights_sitenote_category":0},"product_brand":[],"product_cat":[12357],"product_tag":[],"class_list":{"0":"post-765266","1":"product","2":"type-product","3":"status-publish","5":"product_cat-psikoloji","6":"pa_cilt-ciltsiz","7":"pa_tur-kitap","8":"pa_yayinevi-pozitif-yayinlari","9":"pa_yazar-irvin-d-yalom","11":"first","12":"instock","13":"sale","14":"shipping-taxable","15":"purchasable","16":"product-type-simple"},"_links":{"self":[{"href":"https:\/\/roveyayinevi.com.tr\/index.php\/wp-json\/wp\/v2\/product\/765266","targetHints":{"allow":["GET"]}}],"collection":[{"href":"https:\/\/roveyayinevi.com.tr\/index.php\/wp-json\/wp\/v2\/product"}],"about":[{"href":"https:\/\/roveyayinevi.com.tr\/index.php\/wp-json\/wp\/v2\/types\/product"}],"wp:attachment":[{"href":"https:\/\/roveyayinevi.com.tr\/index.php\/wp-json\/wp\/v2\/media?parent=765266"}],"wp:term":[{"taxonomy":"product_brand","embeddable":true,"href":"https:\/\/roveyayinevi.com.tr\/index.php\/wp-json\/wp\/v2\/product_brand?post=765266"},{"taxonomy":"product_cat","embeddable":true,"href":"https:\/\/roveyayinevi.com.tr\/index.php\/wp-json\/wp\/v2\/product_cat?post=765266"},{"taxonomy":"product_tag","embeddable":true,"href":"https:\/\/roveyayinevi.com.tr\/index.php\/wp-json\/wp\/v2\/product_tag?post=765266"}],"curies":[{"name":"wp","href":"https:\/\/api.w.org\/{rel}","templated":true}]}}