{"id":765265,"date":"2025-08-28T11:37:40","date_gmt":"2025-08-28T08:37:40","guid":{"rendered":"https:\/\/roveyayinevi.com.tr\/index.php\/urun\/sirket-birlesmelerinin-sirket-degerlemesi-ile-finansal-acidan-basarilarinin-irdelenmesi-ve-bir-uygulama\/"},"modified":"2026-04-15T03:30:58","modified_gmt":"2026-04-15T00:30:58","slug":"sirket-birlesmelerinin-sirket-degerlemesi-ile-finansal-acidan-basarilarinin-irdelenmesi-ve-bir-uygulama","status":"publish","type":"product","link":"https:\/\/roveyayinevi.com.tr\/index.php\/urun\/sirket-birlesmelerinin-sirket-degerlemesi-ile-finansal-acidan-basarilarinin-irdelenmesi-ve-bir-uygulama\/","title":{"rendered":"\u015eirket Birle\u015fmelerinin, \u015eirket De\u011ferlemesi \u0130le Finansal A\u00e7\u0131dan Ba\u015far\u0131lar\u0131n\u0131n \u0130rdelenmesi Ve Bir Uygulama"},"content":{"rendered":"<p>\u0130\u00e7indekiler :     B\u0130R\u0130NC\u0130 B\u00d6L\u00dcM \u015e\u0130RKET B\u0130RLE\u015eMELER\u0130   \u0130K\u0130NC\u0130 B\u00d6L\u00dcM \u015e\u0130RKET DE\u011eERLEME   \u00dc\u00c7\u00dcNC\u00dc B\u00d6L\u00dcM \u015e\u0130RKETE SERBEST NAK\u0130T AKIMLAR VE DE\u011eERLEME S\u00dcREC\u0130   D\u00d6RD\u00dcNC\u00dc B\u00d6L\u00dcM B\u0130RLE\u015eME S\u00dcREC\u0130NDE \u015e\u0130RKETLER\u0130N DE\u011eERLEMES\u0130NE Y\u00d6NEL\u0130K UYGULAMA <\/p>\n","protected":false},"excerpt":{"rendered":"<p>\u0130\u00e7indekiler : B\u0130R\u0130NC\u0130 B\u00d6L\u00dcM \u015e\u0130RKET B\u0130RLE\u015eMELER\u0130 \u0130K\u0130NC\u0130 B\u00d6L\u00dcM \u015e\u0130RKET DE\u011eERLEME \u00dc\u00c7\u00dcNC\u00dc B\u00d6L\u00dcM \u015e\u0130RKETE SERBEST NAK\u0130T AKIMLAR VE DE\u011eERLEME S\u00dcREC\u0130 D\u00d6RD\u00dcNC\u00dc B\u00d6L\u00dcM B\u0130RLE\u015eME S\u00dcREC\u0130NDE \u015e\u0130RKETLER\u0130N DE\u011eERLEMES\u0130NE Y\u00d6NEL\u0130K<span class=\"excerpt-hellip\"> [\u2026]<\/span><\/p>\n","protected":false},"featured_media":0,"template":"","meta":{"_monsterinsights_skip_tracking":false,"_monsterinsights_sitenote_active":false,"_monsterinsights_sitenote_note":"","_monsterinsights_sitenote_category":0},"product_brand":[],"product_cat":[13043],"product_tag":[],"class_list":{"0":"post-765265","1":"product","2":"type-product","3":"status-publish","5":"product_cat-ekonomi","6":"pa_cilt-ciltsiz","7":"pa_tur-kitap","8":"pa_yayinevi-gazi-kitabevi","9":"pa_yazar-ozgur-ekin-sucu-sami-karacan","11":"first","12":"instock","13":"sale","14":"shipping-taxable","15":"purchasable","16":"product-type-simple"},"_links":{"self":[{"href":"https:\/\/roveyayinevi.com.tr\/index.php\/wp-json\/wp\/v2\/product\/765265","targetHints":{"allow":["GET"]}}],"collection":[{"href":"https:\/\/roveyayinevi.com.tr\/index.php\/wp-json\/wp\/v2\/product"}],"about":[{"href":"https:\/\/roveyayinevi.com.tr\/index.php\/wp-json\/wp\/v2\/types\/product"}],"wp:attachment":[{"href":"https:\/\/roveyayinevi.com.tr\/index.php\/wp-json\/wp\/v2\/media?parent=765265"}],"wp:term":[{"taxonomy":"product_brand","embeddable":true,"href":"https:\/\/roveyayinevi.com.tr\/index.php\/wp-json\/wp\/v2\/product_brand?post=765265"},{"taxonomy":"product_cat","embeddable":true,"href":"https:\/\/roveyayinevi.com.tr\/index.php\/wp-json\/wp\/v2\/product_cat?post=765265"},{"taxonomy":"product_tag","embeddable":true,"href":"https:\/\/roveyayinevi.com.tr\/index.php\/wp-json\/wp\/v2\/product_tag?post=765265"}],"curies":[{"name":"wp","href":"https:\/\/api.w.org\/{rel}","templated":true}]}}