{"id":765262,"date":"2025-08-28T11:37:35","date_gmt":"2025-08-28T08:37:35","guid":{"rendered":"https:\/\/roveyayinevi.com.tr\/index.php\/urun\/benim-bedenim-benim-kurallarim\/"},"modified":"2026-04-15T03:30:58","modified_gmt":"2026-04-15T00:30:58","slug":"benim-bedenim-benim-kurallarim","status":"publish","type":"product","link":"https:\/\/roveyayinevi.com.tr\/index.php\/urun\/benim-bedenim-benim-kurallarim\/","title":{"rendered":"Benim Bedenim Benim Kurallar\u0131m"},"content":{"rendered":"<p>\u00c7ocuklara r\u0131za kavram\u0131n\u0131 ve pozitif beden s\u0131n\u0131rlar\u0131n\u0131 tan\u0131tan e\u011flenceli bir resimli kitap.   Hi\u00e7 sevdi\u011fin birine sar\u0131ld\u0131n m\u0131? G\u0131d\u0131klan\u0131rken kahkahalar i\u00e7inde yerlerde yuvarland\u0131n m\u0131? Sonra art\u0131k ho\u015funa gitmedi\u011fini fark edip \u201cYeter!\u201d dedin mi? \u0130stedi\u011fin zaman fikrini de\u011fi\u015ftirebilirsin. Ba\u015fkalar\u0131na seninle oyun oynarken neyi istemedi\u011fini s\u00f6yleyebilirsin. Bu senin bedenin, senin kurallar\u0131n! <\/p>\n","protected":false},"excerpt":{"rendered":"<p>\u00c7ocuklara r\u0131za kavram\u0131n\u0131 ve pozitif beden s\u0131n\u0131rlar\u0131n\u0131 tan\u0131tan e\u011flenceli bir resimli kitap. Hi\u00e7 sevdi\u011fin birine sar\u0131ld\u0131n m\u0131? G\u0131d\u0131klan\u0131rken kahkahalar i\u00e7inde yerlerde yuvarland\u0131n m\u0131? Sonra art\u0131k ho\u015funa<span class=\"excerpt-hellip\"> [\u2026]<\/span><\/p>\n","protected":false},"featured_media":0,"template":"","meta":{"_monsterinsights_skip_tracking":false,"_monsterinsights_sitenote_active":false,"_monsterinsights_sitenote_note":"","_monsterinsights_sitenote_category":0},"product_brand":[],"product_cat":[12274,15842],"product_tag":[],"class_list":{"0":"post-765262","1":"product","2":"type-product","3":"status-publish","5":"product_cat-cocuk-ve-genclik-kitaplari","6":"product_cat-egitici-kitaplar","7":"pa_cilt-ciltsiz","8":"pa_tur-kitap","9":"pa_yayinevi-dogan-cocuk","10":"pa_yazar-nicki-esler-gill","12":"first","13":"instock","14":"sale","15":"shipping-taxable","16":"purchasable","17":"product-type-simple"},"_links":{"self":[{"href":"https:\/\/roveyayinevi.com.tr\/index.php\/wp-json\/wp\/v2\/product\/765262","targetHints":{"allow":["GET"]}}],"collection":[{"href":"https:\/\/roveyayinevi.com.tr\/index.php\/wp-json\/wp\/v2\/product"}],"about":[{"href":"https:\/\/roveyayinevi.com.tr\/index.php\/wp-json\/wp\/v2\/types\/product"}],"wp:attachment":[{"href":"https:\/\/roveyayinevi.com.tr\/index.php\/wp-json\/wp\/v2\/media?parent=765262"}],"wp:term":[{"taxonomy":"product_brand","embeddable":true,"href":"https:\/\/roveyayinevi.com.tr\/index.php\/wp-json\/wp\/v2\/product_brand?post=765262"},{"taxonomy":"product_cat","embeddable":true,"href":"https:\/\/roveyayinevi.com.tr\/index.php\/wp-json\/wp\/v2\/product_cat?post=765262"},{"taxonomy":"product_tag","embeddable":true,"href":"https:\/\/roveyayinevi.com.tr\/index.php\/wp-json\/wp\/v2\/product_tag?post=765262"}],"curies":[{"name":"wp","href":"https:\/\/api.w.org\/{rel}","templated":true}]}}