{"id":765260,"date":"2025-08-28T11:37:31","date_gmt":"2025-08-28T08:37:31","guid":{"rendered":"https:\/\/roveyayinevi.com.tr\/index.php\/urun\/aydayiz\/"},"modified":"2026-04-15T03:30:58","modified_gmt":"2026-04-15T00:30:58","slug":"aydayiz","status":"publish","type":"product","link":"https:\/\/roveyayinevi.com.tr\/index.php\/urun\/aydayiz\/","title":{"rendered":"Ay&#8217;day\u0131z"},"content":{"rendered":"<p>Alice Kellen\u2019dan duygular\u0131n\u0131za dokunacak, su\u0308ru\u0308kleyici bir roman.   Bir gece Paris\u2019te, \u0131\u015f\u0131klar \u015fehrinin bu\u0308yu\u0308lu\u0308 atmosferinde yollar\u0131 kesi\u015fen iki yabanc\u0131. Rhys ve Ginger, birbirlerinden ne kadar farkl\u0131 olsalar da, kaderin onlar\u0131 sonsuza kadar birle\u015ftirece\u011fini hayal bile edemezler.   Londra\u2019da ya\u015fayan ve kendi hayallerini bile unutacak kadar kaybolmu\u015f Ginger ile hi\u00e7bir yerde kalamayan gezgin Rhys\u2019in hik\u00e2yesi&#8230;   Her gece e-postalarla dolu itiraflar, \u015fu\u0308pheler ve endi\u015felerle aralar\u0131ndaki arkada\u015fl\u0131k daha da derinle\u015firken zaman bu ba\u011f\u0131 s\u0131namaya ba\u015flar.   Ay\u2019a tutunmak mu\u0308mku\u0308n mu\u0308?   Ay\u2019day\u0131z, a\u015fk\u0131n, kaderin ve kendini bulman\u0131n dokunakl\u0131 ve bu\u0308yu\u0308leyici bir hik\u00e2yesi.   K\u0131sa ancak kalpte iz b\u0131rakan bir kar\u015f\u0131la\u015fma kadar kal\u0131c\u0131 hi\u00e7bir \u015fey yoktur. <\/p>\n","protected":false},"excerpt":{"rendered":"<p>Alice Kellen\u2019dan duygular\u0131n\u0131za dokunacak, su\u0308ru\u0308kleyici bir roman. Bir gece Paris\u2019te, \u0131\u015f\u0131klar \u015fehrinin bu\u0308yu\u0308lu\u0308 atmosferinde yollar\u0131 kesi\u015fen iki yabanc\u0131. Rhys ve Ginger, birbirlerinden ne kadar farkl\u0131 olsalar<span class=\"excerpt-hellip\"> [\u2026]<\/span><\/p>\n","protected":false},"featured_media":0,"template":"","meta":{"_monsterinsights_skip_tracking":false,"_monsterinsights_sitenote_active":false,"_monsterinsights_sitenote_note":"","_monsterinsights_sitenote_category":0},"product_brand":[],"product_cat":[12291,12711],"product_tag":[],"class_list":{"0":"post-765260","1":"product","2":"type-product","3":"status-publish","5":"product_cat-edebiyat","6":"product_cat-roman-oyku","7":"pa_cilt-ciltsiz","8":"pa_tur-kitap","9":"pa_yayinevi-athica-yayinlari","10":"pa_yazar-alice-kellen","12":"first","13":"instock","14":"sale","15":"shipping-taxable","16":"purchasable","17":"product-type-simple"},"_links":{"self":[{"href":"https:\/\/roveyayinevi.com.tr\/index.php\/wp-json\/wp\/v2\/product\/765260","targetHints":{"allow":["GET"]}}],"collection":[{"href":"https:\/\/roveyayinevi.com.tr\/index.php\/wp-json\/wp\/v2\/product"}],"about":[{"href":"https:\/\/roveyayinevi.com.tr\/index.php\/wp-json\/wp\/v2\/types\/product"}],"wp:attachment":[{"href":"https:\/\/roveyayinevi.com.tr\/index.php\/wp-json\/wp\/v2\/media?parent=765260"}],"wp:term":[{"taxonomy":"product_brand","embeddable":true,"href":"https:\/\/roveyayinevi.com.tr\/index.php\/wp-json\/wp\/v2\/product_brand?post=765260"},{"taxonomy":"product_cat","embeddable":true,"href":"https:\/\/roveyayinevi.com.tr\/index.php\/wp-json\/wp\/v2\/product_cat?post=765260"},{"taxonomy":"product_tag","embeddable":true,"href":"https:\/\/roveyayinevi.com.tr\/index.php\/wp-json\/wp\/v2\/product_tag?post=765260"}],"curies":[{"name":"wp","href":"https:\/\/api.w.org\/{rel}","templated":true}]}}