{"id":765257,"date":"2025-08-28T11:37:25","date_gmt":"2025-08-28T08:37:25","guid":{"rendered":"https:\/\/roveyayinevi.com.tr\/index.php\/urun\/strateji-askerlik-denizcilik-yazilari\/"},"modified":"2026-04-15T03:30:57","modified_gmt":"2026-04-15T00:30:57","slug":"strateji-askerlik-denizcilik-yazilari","status":"publish","type":"product","link":"https:\/\/roveyayinevi.com.tr\/index.php\/urun\/strateji-askerlik-denizcilik-yazilari\/","title":{"rendered":"Strateji, Askerlik, Denizcilik Yaz\u0131lar\u0131"},"content":{"rendered":"<p>Strateji, askerlik ve denizcilik olgular\u0131n\u0131n \u00fc\u00e7\u00fc de her insan\u0131n hayat\u0131na -do\u011frudan veya dolayl\u0131 \u015fekilde- dokunan konulard\u0131r. Stratejiyi, hedefe ula\u015fmak i\u00e7in izlenen yol; askerli\u011fi, ulusal onurun, egemenli\u011fin, bekan\u0131n teminat\u0131; denizcili\u011fi de toplumsal geli\u015fim refah ve zenginlik kayna\u011f\u0131 olarak k\u0131saca tan\u0131mlamak m\u00fcmk\u00fcn. Her biri derin anlamlar y\u00fckl\u00fc bu \u00fc\u00e7 kavram\u0131, en sade \u015fekilde tek kelimeyle anlatmak gerekirse, strateji muhakeme; askerlik disiplin; denizcilik de m\u00fccadele olarak tan\u0131mlanabilir. Dolay\u0131s\u0131yla bireysel, kurumsal, toplumsal ve \u00fclkesel d\u00fczlemde analiz ve de\u011ferlendirmelerin, yeni teorilerin, g\u00f6r\u00fc\u015f ve \u00f6nerilerin yer ald\u0131\u011f\u0131 bu kitaptan yaln\u0131z askerlik ve denizcilikle ilgisi, u\u011fra\u015f\u0131 ve merak\u0131 olanlar\u0131n de\u011fil okuyan herkesin \u00e7e\u015fitli boyutlarda \u00e7\u0131kar\u0131mlarda bulunabilmesi m\u00fcmk\u00fcn. <\/p>\n","protected":false},"excerpt":{"rendered":"<p>Strateji, askerlik ve denizcilik olgular\u0131n\u0131n \u00fc\u00e7\u00fc de her insan\u0131n hayat\u0131na -do\u011frudan veya dolayl\u0131 \u015fekilde- dokunan konulard\u0131r. Stratejiyi, hedefe ula\u015fmak i\u00e7in izlenen yol; askerli\u011fi, ulusal onurun, egemenli\u011fin,<span class=\"excerpt-hellip\"> [\u2026]<\/span><\/p>\n","protected":false},"featured_media":0,"template":"","meta":{"_monsterinsights_skip_tracking":false,"_monsterinsights_sitenote_active":false,"_monsterinsights_sitenote_note":"","_monsterinsights_sitenote_category":0},"product_brand":[],"product_cat":[52477],"product_tag":[],"class_list":{"0":"post-765257","1":"product","2":"type-product","3":"status-publish","5":"product_cat-arastirma","6":"pa_cilt-ciltsiz","7":"pa_tur-kitap","8":"pa_yayinevi-yeni-deniz-mecmuasi-yayinlari","9":"pa_yazar-tugamiral-hakan-ercan","11":"first","12":"instock","13":"sale","14":"shipping-taxable","15":"purchasable","16":"product-type-simple"},"_links":{"self":[{"href":"https:\/\/roveyayinevi.com.tr\/index.php\/wp-json\/wp\/v2\/product\/765257","targetHints":{"allow":["GET"]}}],"collection":[{"href":"https:\/\/roveyayinevi.com.tr\/index.php\/wp-json\/wp\/v2\/product"}],"about":[{"href":"https:\/\/roveyayinevi.com.tr\/index.php\/wp-json\/wp\/v2\/types\/product"}],"wp:attachment":[{"href":"https:\/\/roveyayinevi.com.tr\/index.php\/wp-json\/wp\/v2\/media?parent=765257"}],"wp:term":[{"taxonomy":"product_brand","embeddable":true,"href":"https:\/\/roveyayinevi.com.tr\/index.php\/wp-json\/wp\/v2\/product_brand?post=765257"},{"taxonomy":"product_cat","embeddable":true,"href":"https:\/\/roveyayinevi.com.tr\/index.php\/wp-json\/wp\/v2\/product_cat?post=765257"},{"taxonomy":"product_tag","embeddable":true,"href":"https:\/\/roveyayinevi.com.tr\/index.php\/wp-json\/wp\/v2\/product_tag?post=765257"}],"curies":[{"name":"wp","href":"https:\/\/api.w.org\/{rel}","templated":true}]}}