{"id":765255,"date":"2025-08-28T11:37:22","date_gmt":"2025-08-28T08:37:22","guid":{"rendered":"https:\/\/roveyayinevi.com.tr\/index.php\/urun\/kemalist-devletle-hesaplasma\/"},"modified":"2026-04-15T03:30:57","modified_gmt":"2026-04-15T00:30:57","slug":"kemalist-devletle-hesaplasma","status":"publish","type":"product","link":"https:\/\/roveyayinevi.com.tr\/index.php\/urun\/kemalist-devletle-hesaplasma\/","title":{"rendered":"Kemalist Devletle Hesapla\u015fma"},"content":{"rendered":"<p>Frans\u0131z \u0130htilali\u2019nden sonra d\u00fcnya konjonkt\u00fcr\u00fcnde uluslara \u00f6zg\u00fcrl\u00fck ve vatanda\u015flara yasalar kar\u015f\u0131s\u0131nda e\u015fitlik prensipleri ortaya \u00e7\u0131kt\u0131. \u0130mparatorluklar\u0131n \u00e7\u00f6k\u00fc\u015f s\u00fcrecini ulusal kurtulu\u015f hareketleri izledi. Bu sayede pek \u00e7ok ba\u011f\u0131ms\u0131zl\u0131k m\u00fccadelesi tarihe damgas\u0131n\u0131 vururken \u00f6zellikle Bat\u0131l\u0131 emperyalist devletler taraf\u0131ndan bu s\u00fcre\u00e7te \u201culuslar\u0131n kendi kaderini tayin hakk\u0131\u201d, i\u015fgal prensipleri ba\u011flam\u0131nda kullan\u0131ld\u0131.   Kemalist devletin ve Cumhuriyet\u2019in tasfiyesini hedefleyen emperyalist devletler, k\u00fcresel \u015firketler ve onlar\u0131n i\u015fbirlik\u00e7ilerinin ma\u015fa \u201cK\u00fcrdistan\u201d h\u00fclyalar\u0131, Wikileaks belgelerine t\u00fcm ayr\u0131nt\u0131lar\u0131yla yans\u0131m\u0131\u015ft\u0131.   Veysel Bo\u011fatepe, \u201cKemalist Devletle Hesapla\u015fma\u201d adl\u0131 \u00e7al\u0131\u015fmas\u0131nda, perde arkas\u0131nda ya\u015fanan t\u00fcm ayak oyunlar\u0131n\u0131 g\u00fcn y\u00fcz\u00fcne \u00e7\u0131kar\u0131yor:   &#8211;          Amerikan kriptolar\u0131na g\u00f6re \u00e7uval vakas\u0131n\u0131n perde arkas\u0131nda neler ya\u015fand\u0131? &#8211;          Eski Ba\u011fdat B\u00fcy\u00fckel\u00e7isi \u00dcnal \u00c7evik\u00f6z ile ABD aras\u0131nda PKK b\u00fcrolar\u0131 hakk\u0131nda neler g\u00f6r\u00fc\u015f\u00fcld\u00fc? &#8211;          Esad\u2019\u0131 devirmek i\u00e7in ABD ile i\u015f birli\u011fi yapan Araplar kimlerdi? &#8211;          ABD\u2019ye istihbarat bilgileri ta\u015f\u0131yan yerli ajanlar kimlerdir? &#8211;          Orhan Pamuk Bat\u0131l\u0131 emperyalistlere nas\u0131l hizmet etti? &#8211;          \u0130lker Ba\u015fbu\u011f, Marc Edelman ile teslimiyet\u00e7i g\u00f6r\u00fc\u015fmesinde neler s\u00f6yledi? &#8211;          ABD, tasfiyesini arzulad\u0131\u011f\u0131 \u201cmilliyet\u00e7i dokunulmazl\u0131k\u201d ve Ergenekon s\u00fcreciyle ilgili kriptolar\u0131na neler yazd\u0131? <\/p>\n","protected":false},"excerpt":{"rendered":"<p>Frans\u0131z \u0130htilali\u2019nden sonra d\u00fcnya konjonkt\u00fcr\u00fcnde uluslara \u00f6zg\u00fcrl\u00fck ve vatanda\u015flara yasalar kar\u015f\u0131s\u0131nda e\u015fitlik prensipleri ortaya \u00e7\u0131kt\u0131. \u0130mparatorluklar\u0131n \u00e7\u00f6k\u00fc\u015f s\u00fcrecini ulusal kurtulu\u015f hareketleri izledi. Bu sayede pek \u00e7ok<span class=\"excerpt-hellip\"> [\u2026]<\/span><\/p>\n","protected":false},"featured_media":0,"template":"","meta":{"_monsterinsights_skip_tracking":false,"_monsterinsights_sitenote_active":false,"_monsterinsights_sitenote_note":"","_monsterinsights_sitenote_category":0},"product_brand":[],"product_cat":[12337],"product_tag":[],"class_list":{"0":"post-765255","1":"product","2":"type-product","3":"status-publish","5":"product_cat-politika-siyaset","6":"pa_cilt-ciltsiz","7":"pa_tur-kitap","8":"pa_yayinevi-pankus-yayinlari","9":"pa_yazar-veysel-bogatepe","11":"first","12":"instock","13":"sale","14":"shipping-taxable","15":"purchasable","16":"product-type-simple"},"_links":{"self":[{"href":"https:\/\/roveyayinevi.com.tr\/index.php\/wp-json\/wp\/v2\/product\/765255","targetHints":{"allow":["GET"]}}],"collection":[{"href":"https:\/\/roveyayinevi.com.tr\/index.php\/wp-json\/wp\/v2\/product"}],"about":[{"href":"https:\/\/roveyayinevi.com.tr\/index.php\/wp-json\/wp\/v2\/types\/product"}],"wp:attachment":[{"href":"https:\/\/roveyayinevi.com.tr\/index.php\/wp-json\/wp\/v2\/media?parent=765255"}],"wp:term":[{"taxonomy":"product_brand","embeddable":true,"href":"https:\/\/roveyayinevi.com.tr\/index.php\/wp-json\/wp\/v2\/product_brand?post=765255"},{"taxonomy":"product_cat","embeddable":true,"href":"https:\/\/roveyayinevi.com.tr\/index.php\/wp-json\/wp\/v2\/product_cat?post=765255"},{"taxonomy":"product_tag","embeddable":true,"href":"https:\/\/roveyayinevi.com.tr\/index.php\/wp-json\/wp\/v2\/product_tag?post=765255"}],"curies":[{"name":"wp","href":"https:\/\/api.w.org\/{rel}","templated":true}]}}