{"id":765254,"date":"2025-08-28T11:37:21","date_gmt":"2025-08-28T08:37:21","guid":{"rendered":"https:\/\/roveyayinevi.com.tr\/index.php\/urun\/ulus-2\/"},"modified":"2026-04-15T03:30:57","modified_gmt":"2026-04-15T00:30:57","slug":"ulus-2","status":"publish","type":"product","link":"https:\/\/roveyayinevi.com.tr\/index.php\/urun\/ulus-2\/","title":{"rendered":"Ulus"},"content":{"rendered":"<p>Mustafa Kemaller \u00f6lmez, Atat\u00fcrk olup \u00f6l\u00fcms\u00fczle\u015firler. T\u00fcrk\u2019\u00fc \u00f6ld\u00fcrmeden Atat\u00fcrk\u2019\u00fc, Atat\u00fcrk\u2019\u00fc \u00f6ld\u00fcrmeden T\u00fcrk\u2019\u00fc \u00f6ld\u00fcremezsiniz evrende.   Sabiha G\u00f6k\u00e7en   B\u00fcy\u00fck adamlar yeti\u015ftiren bir ulus, herhalde b\u00fcy\u00fck bir ulustur. Bir milleti anlamak i\u00e7in onun liderlerini incelemekten daha do\u011fru bir yol ve ara\u00e7 yoktur. Devrimizde kendisinden daha \u00fcst\u00fcn bir ba\u015fka devlet adam\u0131 bulunmayan Mustafa Kemal kadar b\u00fcy\u00fck, yetenekli bir insan\u0131, T\u00fcrkler nadir yeti\u015ftirmi\u015flerdir.   Charles H. Sherrill   T\u00fcrkler, Mustafa Kemal Pa\u015fa\u2019n\u0131n onlar i\u00e7in ne yapt\u0131\u011f\u0131n\u0131n fark\u0131nda \u00e7\u00fcnk\u00fc o ayn\u0131 zamanda \u00fclkenin babas\u0131. T\u00fcrklerin tarihinin en karanl\u0131k d\u00f6nemi iki sene i\u00e7erisinde en parlak ve \u00fcmit dolu gelece\u011fe d\u00f6n\u00fc\u015ft\u00fc. Osmanl\u0131 \u0130mparatorlu\u011fu\u2019nun kal\u0131nt\u0131lar\u0131ndan bug\u00fcn Do\u011fu\u2019da b\u00f6yle g\u00fc\u00e7l\u00fc bir konumu olan; yeni, demokratik ve ilerici bir T\u00fcrk devleti meydana \u00e7\u0131kmas\u0131n\u0131n (d\u0131\u015f ve i\u00e7 direni\u015fe ra\u011fmen) mucizeden a\u015fa\u011f\u0131 kal\u0131r yan\u0131 yoktur. Bu mucizeyi ger\u00e7ekle\u015ftiren Mustafa Kemal Pa\u015fa\u2019d\u0131r. Vatanseverli\u011fi, cesareti, idealizmi ve ezici zorluklar\u0131n hakk\u0131ndan gelen devlet adaml\u0131\u011f\u0131yla T\u00fcrkler ve belki de t\u00fcm \u0130slam d\u00fcnyas\u0131 i\u00e7in yeni bir g\u00fcn do\u011fmas\u0131n\u0131 sa\u011flad\u0131.   Clarence K. Streit <\/p>\n","protected":false},"excerpt":{"rendered":"<p>Mustafa Kemaller \u00f6lmez, Atat\u00fcrk olup \u00f6l\u00fcms\u00fczle\u015firler. T\u00fcrk\u2019\u00fc \u00f6ld\u00fcrmeden Atat\u00fcrk\u2019\u00fc, Atat\u00fcrk\u2019\u00fc \u00f6ld\u00fcrmeden T\u00fcrk\u2019\u00fc \u00f6ld\u00fcremezsiniz evrende. Sabiha G\u00f6k\u00e7en B\u00fcy\u00fck adamlar yeti\u015ftiren bir ulus, herhalde b\u00fcy\u00fck bir ulustur. Bir<span class=\"excerpt-hellip\"> [\u2026]<\/span><\/p>\n","protected":false},"featured_media":0,"template":"","meta":{"_monsterinsights_skip_tracking":false,"_monsterinsights_sitenote_active":false,"_monsterinsights_sitenote_note":"","_monsterinsights_sitenote_category":0},"product_brand":[],"product_cat":[12530,12304],"product_tag":[],"class_list":{"0":"post-765254","1":"product","2":"type-product","3":"status-publish","5":"product_cat-mustafa-kemal-ataturk","6":"product_cat-tarih","7":"pa_cilt-ciltsiz","8":"pa_tur-kitap","9":"pa_yayinevi-pankus-yayinlari","10":"pa_yazar-gokhan-cebeci","12":"first","13":"instock","14":"sale","15":"shipping-taxable","16":"purchasable","17":"product-type-simple"},"_links":{"self":[{"href":"https:\/\/roveyayinevi.com.tr\/index.php\/wp-json\/wp\/v2\/product\/765254","targetHints":{"allow":["GET"]}}],"collection":[{"href":"https:\/\/roveyayinevi.com.tr\/index.php\/wp-json\/wp\/v2\/product"}],"about":[{"href":"https:\/\/roveyayinevi.com.tr\/index.php\/wp-json\/wp\/v2\/types\/product"}],"wp:attachment":[{"href":"https:\/\/roveyayinevi.com.tr\/index.php\/wp-json\/wp\/v2\/media?parent=765254"}],"wp:term":[{"taxonomy":"product_brand","embeddable":true,"href":"https:\/\/roveyayinevi.com.tr\/index.php\/wp-json\/wp\/v2\/product_brand?post=765254"},{"taxonomy":"product_cat","embeddable":true,"href":"https:\/\/roveyayinevi.com.tr\/index.php\/wp-json\/wp\/v2\/product_cat?post=765254"},{"taxonomy":"product_tag","embeddable":true,"href":"https:\/\/roveyayinevi.com.tr\/index.php\/wp-json\/wp\/v2\/product_tag?post=765254"}],"curies":[{"name":"wp","href":"https:\/\/api.w.org\/{rel}","templated":true}]}}