{"id":765253,"date":"2025-08-28T11:37:20","date_gmt":"2025-08-28T08:37:20","guid":{"rendered":"https:\/\/roveyayinevi.com.tr\/index.php\/urun\/epstein-skandali\/"},"modified":"2026-04-15T03:30:57","modified_gmt":"2026-04-15T00:30:57","slug":"epstein-skandali","status":"publish","type":"product","link":"https:\/\/roveyayinevi.com.tr\/index.php\/urun\/epstein-skandali\/","title":{"rendered":"Epstein Skandal\u0131"},"content":{"rendered":"<p>D\u00fcnyay\u0131 kas\u0131p kavuran k\u00fcresel elitin s\u0131rlar\u0131 if\u015fa oluyor\u2026 \u201cAlt\u0131n milyar\u201d\u0131n \u00e7\u0131karlar\u0131 i\u00e7in d\u00fcnyay\u0131 yeniden dizayn etmek isteyen Bat\u0131l\u0131 ve Siyonist emperyalistler, hegemonyalar\u0131n\u0131 korumak i\u00e7in \u015feytani y\u00f6netimini g\u00fc\u00e7lendirerek geni\u015fletiyor. \u00c7\u0131kar birlikteli\u011finin, sap\u0131k ortakl\u0131klar\u0131n, pedofili zincirinin ve \u00e7\u00fcr\u00fcm\u00fc\u015f sermayenin MOSSAD eliyle \u015fantaj yapt\u0131\u011f\u0131 \u201cyeralt\u0131 d\u00fcnyas\u0131n\u0131\u201d okuyacaks\u0131n\u0131z. Okudu\u011funuz her sat\u0131rda nutkunuz tutulacak\u2026 Epstein\u2019in uzun y\u0131llar boyunca kurdu\u011fu \u015fantaj ve pedofili a\u011f\u0131 ile t\u00fcm Bat\u0131l\u0131 se\u00e7kin tabakas\u0131n\u0131 y\u00f6neten sermaye zinciri d\u00fcnyaya ne yapmak istiyor? &#8211;       B\u00fcy\u00fck s\u0131f\u0131rlaman\u0131n mimarlar\u0131 kimdir ve neyi hedefliyorlar? &#8211;       Bill Gates \u00e7ocuklara tecav\u00fcz etti mi? &#8211;       Clintonlar\u0131n pedofili sicili ve seks ticaret a\u011f\u0131 nerelere uzan\u0131yor? &#8211;       Baphomet\u2019e iman eden elitler kimlerdir? &#8211;       FBI hangi ABD\u2019li politikac\u0131lar\u0131n kasetlerini ka\u00e7\u0131rd\u0131? &#8211;       K\u00fcresel elitlerin t\u00fcm\u00fc sapk\u0131n m\u0131d\u0131r? &#8211;       Epstein ile Adnan Oktar\u2019\u0131 kim bulu\u015fturdu? &#8211;       Mahkeme belgelerine g\u00f6re \u201cen az\u0131l\u0131 pedofili\u201d kimdir? Sars\u0131lacaks\u0131n\u0131z\u2026 <\/p>\n","protected":false},"excerpt":{"rendered":"<p>D\u00fcnyay\u0131 kas\u0131p kavuran k\u00fcresel elitin s\u0131rlar\u0131 if\u015fa oluyor\u2026 \u201cAlt\u0131n milyar\u201d\u0131n \u00e7\u0131karlar\u0131 i\u00e7in d\u00fcnyay\u0131 yeniden dizayn etmek isteyen Bat\u0131l\u0131 ve Siyonist emperyalistler, hegemonyalar\u0131n\u0131 korumak i\u00e7in \u015feytani y\u00f6netimini<span class=\"excerpt-hellip\"> [\u2026]<\/span><\/p>\n","protected":false},"featured_media":0,"template":"","meta":{"_monsterinsights_skip_tracking":false,"_monsterinsights_sitenote_active":false,"_monsterinsights_sitenote_note":"","_monsterinsights_sitenote_category":0},"product_brand":[],"product_cat":[12337],"product_tag":[],"class_list":{"0":"post-765253","1":"product","2":"type-product","3":"status-publish","5":"product_cat-politika-siyaset","6":"pa_cilt-ciltsiz","7":"pa_tur-kitap","8":"pa_yayinevi-pankus-yayinlari","9":"pa_yazar-huseyin-vodinali","11":"first","12":"instock","13":"sale","14":"shipping-taxable","15":"purchasable","16":"product-type-simple"},"_links":{"self":[{"href":"https:\/\/roveyayinevi.com.tr\/index.php\/wp-json\/wp\/v2\/product\/765253","targetHints":{"allow":["GET"]}}],"collection":[{"href":"https:\/\/roveyayinevi.com.tr\/index.php\/wp-json\/wp\/v2\/product"}],"about":[{"href":"https:\/\/roveyayinevi.com.tr\/index.php\/wp-json\/wp\/v2\/types\/product"}],"wp:attachment":[{"href":"https:\/\/roveyayinevi.com.tr\/index.php\/wp-json\/wp\/v2\/media?parent=765253"}],"wp:term":[{"taxonomy":"product_brand","embeddable":true,"href":"https:\/\/roveyayinevi.com.tr\/index.php\/wp-json\/wp\/v2\/product_brand?post=765253"},{"taxonomy":"product_cat","embeddable":true,"href":"https:\/\/roveyayinevi.com.tr\/index.php\/wp-json\/wp\/v2\/product_cat?post=765253"},{"taxonomy":"product_tag","embeddable":true,"href":"https:\/\/roveyayinevi.com.tr\/index.php\/wp-json\/wp\/v2\/product_tag?post=765253"}],"curies":[{"name":"wp","href":"https:\/\/api.w.org\/{rel}","templated":true}]}}