{"id":765251,"date":"2025-08-28T11:37:17","date_gmt":"2025-08-28T08:37:17","guid":{"rendered":"https:\/\/roveyayinevi.com.tr\/index.php\/urun\/kariyerim-gelecek\/"},"modified":"2026-04-11T14:33:22","modified_gmt":"2026-04-11T11:33:22","slug":"kariyerim-gelecek","status":"publish","type":"product","link":"https:\/\/roveyayinevi.com.tr\/index.php\/urun\/kariyerim-gelecek\/","title":{"rendered":"Kariyerim Gelecek"},"content":{"rendered":"<p>Gelecek bilinmezli\u011fiyle, kariyer yolculu\u011funuz ise kendinize y\u00f6nelik ac\u0131mas\u0131z beklentilerinizle size u\u0308rku\u0308tu\u0308cu\u0308 g\u00f6ru\u0308nebilir. Oysa bu \u00e7etrefilli yol i\u00e7in ihtiya\u00e7 duydu\u011funuz her \u015fey, yan\u0131 ba\u015f\u0131n\u0131zda: Cesaret, temkinli ve bilin\u00e7li ad\u0131mlar ve bir yol arkada\u015f\u0131. Tu\u0308rkiye\u2019nin ilk kariyer ko\u00e7u Yasemin Sungur, yay\u0131mland\u0131\u011f\u0131 gu\u0308nden bu yana okur taraf\u0131ndan bu\u0308yu\u0308k ilgi g\u00f6ren Kariyerim Gelecek\u2019in gu\u0308ncellenmi\u015f yeni bask\u0131s\u0131nda, y\u0131llar\u0131n birikimini i\u00e7tenlikle payla\u015f\u0131yor. Okuruna sordu\u011fu sorularla, yol haritalar\u0131n\u0131 \u00e7izmeleri i\u00e7in ilham veriyor ve onlar\u0131, hayallerin hedeflere, hedeflerin ise ger\u00e7e\u011fe d\u00f6nu\u0308\u015ftu\u0308\u011fu\u0308 bir ya\u015fam yolculu\u011funa davet ediyor. \u201cYasemin, Kariyerim Gelecek\u2019in yeni bask\u0131s\u0131nda merak\u0131n\u0131, ya\u015fam i\u015ftah\u0131n\u0131, kendi yolculu\u011funda yu\u0308re\u011fine koyduklar\u0131n\u0131, yolun ve i\u015fin ba\u015f\u0131ndakiler i\u00e7in tu\u0308m c\u00f6mertli\u011fi ile payla\u015f\u0131yor. Anlaml\u0131 bir hayat i\u00e7in bir kullanma k\u0131lavuzu sunuyor. K\u0131lavuzunuz mart\u0131 olsun. \u00c7u\u0308nku\u0308 Yasemin\u2019in \u00e7ok sevdi\u011fi Richard Bach\u2019\u0131n, Mart\u0131 Jonathan Livingston kitab\u0131nda s\u00f6yledi\u011fi gibi bilgisizlikten s\u0131yr\u0131l\u0131p \u00e7\u0131kabiliriz, kendimizi mu\u0308kemmel, zeki ve yetenekli yarat\u0131klar h\u00e2line getirebiliriz. \u00d6zgu\u0308r olabiliriz. U\u00e7may\u0131 \u00f6\u011frenebiliriz.\u201d Evrim Kuran Ara\u015ft\u0131rmac\u0131, Yazar \u201cKariyerim Gelecek, sadece bir kitap de\u011fil, \u00e2deta gelece\u011fe a\u00e7\u0131lan bir portal, zaman\u0131 bu\u0308ken bir yol g\u00f6sterici. Yasemin Sungur geleneksel kariyer kal\u0131plar\u0131n\u0131 k\u0131rarak, okurlar\u0131 kendi geleceklerinin mimar\u0131 olmak i\u00e7in motive ediyor. Kariyer geli\u015fimini bir maraton de\u011fil, keyifli bir ke\u015fif yolculu\u011fu olarak yeniden tan\u0131ml\u0131yor. \u2018Gelece\u011fi \u00f6ng\u00f6rmek\u2019 yerine \u2018gelece\u011fi \u00f6rmek\u2019 i\u00e7in ilk ilme\u011fi at\u0131p, gerisini size b\u0131rak\u0131yor.\u201d Ufuk Tarhan Fu\u0308tu\u0308rist, \u0130\u015f Stratejisti, Yazar <\/p>\n","protected":false},"excerpt":{"rendered":"<p>Gelecek bilinmezli\u011fiyle, kariyer yolculu\u011funuz ise kendinize y\u00f6nelik ac\u0131mas\u0131z beklentilerinizle size u\u0308rku\u0308tu\u0308cu\u0308 g\u00f6ru\u0308nebilir. Oysa bu \u00e7etrefilli yol i\u00e7in ihtiya\u00e7 duydu\u011funuz her \u015fey, yan\u0131 ba\u015f\u0131n\u0131zda: Cesaret, temkinli ve<span class=\"excerpt-hellip\"> [\u2026]<\/span><\/p>\n","protected":false},"featured_media":0,"template":"","meta":{"_monsterinsights_skip_tracking":false,"_monsterinsights_sitenote_active":false,"_monsterinsights_sitenote_note":"","_monsterinsights_sitenote_category":0},"product_brand":[],"product_cat":[12364,12376],"product_tag":[],"class_list":{"0":"post-765251","1":"product","2":"type-product","3":"status-publish","5":"product_cat-genel-konular","6":"product_cat-kisisel-gelisim","7":"pa_cilt-ciltsiz","8":"pa_tur-kitap","9":"pa_yayinevi-nova-kitap","10":"pa_yazar-yasemin-sungur","12":"first","13":"instock","14":"sale","15":"shipping-taxable","16":"purchasable","17":"product-type-simple"},"_links":{"self":[{"href":"https:\/\/roveyayinevi.com.tr\/index.php\/wp-json\/wp\/v2\/product\/765251","targetHints":{"allow":["GET"]}}],"collection":[{"href":"https:\/\/roveyayinevi.com.tr\/index.php\/wp-json\/wp\/v2\/product"}],"about":[{"href":"https:\/\/roveyayinevi.com.tr\/index.php\/wp-json\/wp\/v2\/types\/product"}],"wp:attachment":[{"href":"https:\/\/roveyayinevi.com.tr\/index.php\/wp-json\/wp\/v2\/media?parent=765251"}],"wp:term":[{"taxonomy":"product_brand","embeddable":true,"href":"https:\/\/roveyayinevi.com.tr\/index.php\/wp-json\/wp\/v2\/product_brand?post=765251"},{"taxonomy":"product_cat","embeddable":true,"href":"https:\/\/roveyayinevi.com.tr\/index.php\/wp-json\/wp\/v2\/product_cat?post=765251"},{"taxonomy":"product_tag","embeddable":true,"href":"https:\/\/roveyayinevi.com.tr\/index.php\/wp-json\/wp\/v2\/product_tag?post=765251"}],"curies":[{"name":"wp","href":"https:\/\/api.w.org\/{rel}","templated":true}]}}