{"id":765250,"date":"2025-08-28T11:37:15","date_gmt":"2025-08-28T08:37:15","guid":{"rendered":"https:\/\/roveyayinevi.com.tr\/index.php\/urun\/olmek-istiyorum-ama-tteokbokki-de-yemek-istiyorum\/"},"modified":"2026-04-15T03:30:57","modified_gmt":"2026-04-15T00:30:57","slug":"olmek-istiyorum-ama-tteokbokki-de-yemek-istiyorum","status":"publish","type":"product","link":"https:\/\/roveyayinevi.com.tr\/index.php\/urun\/olmek-istiyorum-ama-tteokbokki-de-yemek-istiyorum\/","title":{"rendered":"\u00d6lmek \u0130stiyorum Ama Tteokbokki de Yemek \u0130stiyorum"},"content":{"rendered":"<p>Psikiyatrist: Evet, size nas\u0131l yard\u0131mc\u0131 olabilirim? Ben: \u015eey, san\u0131r\u0131m biraz depresifim. Biraz daha detaya gireyim mi? Bir yay\u0131nevinin sosyal medya y\u00f6neticili\u011fini ba\u015far\u0131yla u\u0308stlenen Baek Sehee\u2019nin hayat\u0131nda her \u015fey yolunda gitmektedir; ta ki depresyon nedeniyle psikiyatristle g\u00f6ru\u0308\u015fmeye ba\u015flayana dek. Baek devaml\u0131 bir u\u0308zu\u0308ntu\u0308, kayg\u0131 ve kendinden \u015fu\u0308phe duyma h\u00e2li i\u00e7indeyken, \u00e7evresine kar\u015f\u0131 da son derece yarg\u0131lay\u0131c\u0131d\u0131r. \u0130\u015fyerinde ve sosyal \u00e7evresinde duygular\u0131n\u0131 gizlemekte ustad\u0131r; ya\u015fam tarz\u0131n\u0131n gerektirdi\u011fi sakinli\u011fi g\u00f6stermek ise onun i\u00e7in \u00e7ocuk oyunca\u011f\u0131d\u0131r. Ancak tu\u0308m bu \u00e7aba onu yorucu, bunalt\u0131c\u0131 bir bo\u015flu\u011fa su\u0308ru\u0308kler ve derin ili\u015fkiler kurmas\u0131n\u0131 engeller. Bunun normal olamayaca\u011f\u0131n\u0131 du\u0308\u015fu\u0308nu\u0308r, hayat buysa e\u011fer, bu normal olamaz. Ama madem bu kadar umutsuz, o zaman en sevdi\u011fi yeme\u011fi; \u015f\u00f6yle ac\u0131l\u0131, bol baharatl\u0131 bir tabak tteokbokki\u2019yi nas\u0131l su\u0308rekli isteyebilir? Baek, 12 haftal\u0131k bir su\u0308re\u00e7te psikiyatristiyle olan diyaloglar\u0131n\u0131 kaydederek, kendini istismar d\u00f6ngu\u0308su\u0308ne hapseden geribildirim mekanizmalar\u0131n\u0131, ani tepkilerini ve zararl\u0131 davran\u0131\u015flar\u0131n\u0131 \u00e7\u00f6zmeye ba\u015flar. K\u0131smen an\u0131, k\u0131smen ki\u015fisel geli\u015fim kitab\u0131 olan \u00d6lmek \u0130stiyorum Ama Tteokbokki de Yemek \u0130stiyorum, depresif ve zor zamanlarda elinizin alt\u0131nda bulundurman\u0131z gereken bir rehber. \u201cBa\u015ftan sona du\u0308ru\u0308st ve \u00f6zgu\u0308n. Benzer depresyon ve anksiyete tu\u0308rlerinden mustarip gen\u00e7lerde yank\u0131 uyand\u0131racak samimi bir kendini ke\u015ffetme \u00e7abas\u0131.\u201d \u2013Library Journal \u201cSamimi&#8230; i\u00e7ten&#8230; Baek\u2019in psikolojik rahats\u0131zl\u0131klar hakk\u0131ndaki konu\u015fmalar\u0131 normalle\u015ftirme gayesi takdire \u015fayan.\u201d \u2013Publishers Weekly \u201cBaek, a\u00e7\u0131ks\u00f6zlu\u0308lu\u0308\u011fu\u0308 ve mizah\u0131yla okurlar\u0131n\u0131 sarmal\u0131yor.\u201d \u2013Booklist <\/p>\n","protected":false},"excerpt":{"rendered":"<p>Psikiyatrist: Evet, size nas\u0131l yard\u0131mc\u0131 olabilirim? Ben: \u015eey, san\u0131r\u0131m biraz depresifim. Biraz daha detaya gireyim mi? Bir yay\u0131nevinin sosyal medya y\u00f6neticili\u011fini ba\u015far\u0131yla u\u0308stlenen Baek Sehee\u2019nin hayat\u0131nda<span class=\"excerpt-hellip\"> [\u2026]<\/span><\/p>\n","protected":false},"featured_media":0,"template":"","meta":{"_monsterinsights_skip_tracking":false,"_monsterinsights_sitenote_active":false,"_monsterinsights_sitenote_note":"","_monsterinsights_sitenote_category":0},"product_brand":[],"product_cat":[12364,12376],"product_tag":[],"class_list":{"0":"post-765250","1":"product","2":"type-product","3":"status-publish","5":"product_cat-genel-konular","6":"product_cat-kisisel-gelisim","7":"pa_cilt-ciltsiz","8":"pa_tur-kitap","9":"pa_yayinevi-nova-kitap","10":"pa_yazar-baek-sehee","12":"first","13":"instock","14":"sale","15":"shipping-taxable","16":"purchasable","17":"product-type-simple"},"_links":{"self":[{"href":"https:\/\/roveyayinevi.com.tr\/index.php\/wp-json\/wp\/v2\/product\/765250","targetHints":{"allow":["GET"]}}],"collection":[{"href":"https:\/\/roveyayinevi.com.tr\/index.php\/wp-json\/wp\/v2\/product"}],"about":[{"href":"https:\/\/roveyayinevi.com.tr\/index.php\/wp-json\/wp\/v2\/types\/product"}],"wp:attachment":[{"href":"https:\/\/roveyayinevi.com.tr\/index.php\/wp-json\/wp\/v2\/media?parent=765250"}],"wp:term":[{"taxonomy":"product_brand","embeddable":true,"href":"https:\/\/roveyayinevi.com.tr\/index.php\/wp-json\/wp\/v2\/product_brand?post=765250"},{"taxonomy":"product_cat","embeddable":true,"href":"https:\/\/roveyayinevi.com.tr\/index.php\/wp-json\/wp\/v2\/product_cat?post=765250"},{"taxonomy":"product_tag","embeddable":true,"href":"https:\/\/roveyayinevi.com.tr\/index.php\/wp-json\/wp\/v2\/product_tag?post=765250"}],"curies":[{"name":"wp","href":"https:\/\/api.w.org\/{rel}","templated":true}]}}