{"id":765248,"date":"2025-08-28T11:37:11","date_gmt":"2025-08-28T08:37:11","guid":{"rendered":"https:\/\/roveyayinevi.com.tr\/index.php\/urun\/sicim-krallik-ciltli\/"},"modified":"2026-04-15T03:30:57","modified_gmt":"2026-04-15T00:30:57","slug":"sicim-krallik-ciltli","status":"publish","type":"product","link":"https:\/\/roveyayinevi.com.tr\/index.php\/urun\/sicim-krallik-ciltli\/","title":{"rendered":"Sicim Krall\u0131k (Ciltli)"},"content":{"rendered":"<p>Birbirlerine d\u00fc\u015fen imparatorluklar, yasak bir a\u015fk ve halk\u0131n\u0131n son umudu olan bir krali\u00e7e&#8230; Tu\u0308m du\u0308nya i\u00e7in Alize; s\u0131radan, de\u011fersiz bir hizmetk\u00e2rdan ibaretti. Oysa kimsenin bilmedi\u011fi bir ger\u00e7ek vard\u0131: Alize, gizlenmek zorunda b\u0131rak\u0131lm\u0131\u015f, kadim ve uzun zaman \u00f6nce y\u0131k\u0131lm\u0131\u015f bir Cin krall\u0131\u011f\u0131n\u0131n kay\u0131p varisiydi. Ardunya \u0130mparatorlu\u011fu\u2019nun veliaht\u0131 Prens Kamran ise, taht\u0131n tek v\u00e2risi olarak kral\u0131n yerini almaya haz\u0131rlan\u0131rken krall\u0131\u011f\u0131n bu\u0308yu\u0308k bir tehlike alt\u0131nda oldu\u011funu hissetmi\u015fti. Gizemli bir kad\u0131nla yollar\u0131 kesi\u015fti\u011finde onun kaderini de\u011fi\u015ftirecek bir s\u0131rr\u0131n pe\u015fine du\u0308\u015fmeye karar verdi. Ancak, bu s\u0131rr\u0131n imparatorlu\u011fun en karanl\u0131k derinliklerine uzand\u0131\u011f\u0131ndan ve Alize\u2019nin gelece\u011fini \u015fekillendirecek gu\u0308\u00e7te oldu\u011fundan habersizdi. \u201cSicim Krall\u0131k, enfes bir fantastik kurgu. Zekice yaz\u0131lm\u0131\u015f bir nesir, leziz \u015fa\u015f\u0131rtmacalar ve nefes kesici bir du\u0308nya kurgusuyla fazlas\u0131yla zengin. Mahvolmaya haz\u0131r olun; bu kitap kalbinizi parampar\u00e7a, tu\u0308ylerinizi diken diken edecek ve sonunda sizi tamamen kelimelerden yoksun b\u0131rakacak.\u201d \u2014Stephanie Garber \u201cMafi; Alize\u2019nin elle i\u015fledi\u011fi giysiler kadar zarif bir \u015fekilde \u00f6ru\u0308lmu\u0308\u015f bu hik\u00e2yede, kader ve tehlike, yasak a\u015fk ve saray entrikalar\u0131, bu\u0308yu\u0308 ve devrim aras\u0131ndaki ili\u015fkiyi birer bu\u0308yu\u0308 gibi \u00f6ru\u0308yor.\u201d \u2014Cassandra Clare \u201cBu hik\u00e2ye o kadar bu\u0308yu\u0308lu\u0308 ve su\u0308ru\u0308kleyici ki kitab\u0131 bitirdi\u011fim anda \u2013hem de yaln\u0131zca birka\u00e7 saat i\u00e7inde\u2013 kitab\u0131n bir mu\u0308cevhere d\u00f6nu\u0308\u015fece\u011fini tahmin ettim. Mafi\u2019nin p\u0131rlanta parlakl\u0131\u011f\u0131ndaki lirik tonu; sihirle yald\u0131zlanm\u0131\u015f, \u015fa\u015f\u0131rtmacalarla bezenmi\u015f, dolamba\u00e7l\u0131 bir romantizmin s\u0131rmalar\u0131yla su\u0308slenmi\u015f ve Pers mitolojisiyle zengin bir \u015fekilde i\u015flenmi\u015f bir hik\u00e2ye \u00f6ru\u0308yor. Devam\u0131n\u0131 okumak i\u00e7in sab\u0131rs\u0131zlan\u0131yorum.\u201d \u2014Roshani Chokshi \u201cDestans\u0131 bir u\u0308\u00e7lemenin ilk b\u00f6lu\u0308mu\u0308.\u201d \u2014Popsugar \u201cBu\u0308yu\u0308, saray entrikalar\u0131 ve romantizmle dolu muhte\u015fem hik\u00e2ye ilk b\u00f6lu\u0308mden itibaren okurlar\u0131 bu\u0308yu\u0308lu\u0308yor&#8230; Mafi\u2019nin \u00f6nceki serilerinin hayranlar\u0131n\u0131 tatmin edecek, yeni bir serinin ba\u015flang\u0131c\u0131.\u201d \u2014Booklist <\/p>\n","protected":false},"excerpt":{"rendered":"<p>Birbirlerine d\u00fc\u015fen imparatorluklar, yasak bir a\u015fk ve halk\u0131n\u0131n son umudu olan bir krali\u00e7e&#8230; Tu\u0308m du\u0308nya i\u00e7in Alize; s\u0131radan, de\u011fersiz bir hizmetk\u00e2rdan ibaretti. Oysa kimsenin bilmedi\u011fi bir<span class=\"excerpt-hellip\"> [\u2026]<\/span><\/p>\n","protected":false},"featured_media":0,"template":"","meta":{"_monsterinsights_skip_tracking":false,"_monsterinsights_sitenote_active":false,"_monsterinsights_sitenote_note":"","_monsterinsights_sitenote_category":0},"product_brand":[],"product_cat":[12291,14777],"product_tag":[],"class_list":{"0":"post-765248","1":"product","2":"type-product","3":"status-publish","5":"product_cat-edebiyat","6":"product_cat-fantastik","7":"pa_cilt-ciltli","8":"pa_tur-kitap","9":"pa_yayinevi-yabanci-yayinevi","10":"pa_yazar-tahereh-mafi","12":"first","13":"instock","14":"sale","15":"shipping-taxable","16":"purchasable","17":"product-type-simple"},"_links":{"self":[{"href":"https:\/\/roveyayinevi.com.tr\/index.php\/wp-json\/wp\/v2\/product\/765248","targetHints":{"allow":["GET"]}}],"collection":[{"href":"https:\/\/roveyayinevi.com.tr\/index.php\/wp-json\/wp\/v2\/product"}],"about":[{"href":"https:\/\/roveyayinevi.com.tr\/index.php\/wp-json\/wp\/v2\/types\/product"}],"wp:attachment":[{"href":"https:\/\/roveyayinevi.com.tr\/index.php\/wp-json\/wp\/v2\/media?parent=765248"}],"wp:term":[{"taxonomy":"product_brand","embeddable":true,"href":"https:\/\/roveyayinevi.com.tr\/index.php\/wp-json\/wp\/v2\/product_brand?post=765248"},{"taxonomy":"product_cat","embeddable":true,"href":"https:\/\/roveyayinevi.com.tr\/index.php\/wp-json\/wp\/v2\/product_cat?post=765248"},{"taxonomy":"product_tag","embeddable":true,"href":"https:\/\/roveyayinevi.com.tr\/index.php\/wp-json\/wp\/v2\/product_tag?post=765248"}],"curies":[{"name":"wp","href":"https:\/\/api.w.org\/{rel}","templated":true}]}}