{"id":765247,"date":"2025-08-28T11:37:08","date_gmt":"2025-08-28T08:37:08","guid":{"rendered":"https:\/\/roveyayinevi.com.tr\/index.php\/urun\/ara-nagme\/"},"modified":"2026-04-15T03:30:57","modified_gmt":"2026-04-15T00:30:57","slug":"ara-nagme","status":"publish","type":"product","link":"https:\/\/roveyayinevi.com.tr\/index.php\/urun\/ara-nagme\/","title":{"rendered":"Ara Na\u011fme"},"content":{"rendered":"<p>Sokakta yan\u0131ndan ge\u00e7ip gidilenlerin, bazen durup ba\u015f\u0131 ok\u015fananlar\u0131n; ne\u015fenin, h\u00fczn\u00fcn, hem bilindik hem de s\u00fcrprizli kar\u015f\u0131la\u015fmalar\u0131n etraf\u0131nda dolanan bir \u00f6yk\u00fc kitab\u0131: Ara Na\u011fme.   Fuat Sevimay kitapl\u0131\u011f\u0131nda \u00f6nemli bir yer tutan ve 2014 Orhan Kemal \u00d6yk\u00fc \u00d6d\u00fcl\u00fc\u2019ne lay\u0131k g\u00f6r\u00fclen Ara Na\u011fme, samimi bir bulu\u015fmaya davet ediyor okuru. Sokakla, g\u00fcndelik olanla, hem \u015fahsi hem de toplumsal nitelik ta\u015f\u0131yan meselelerle temelden ili\u015fkilenerek \u201cger\u00e7ek\u201dle organik bir ba\u011f kuruyor. \u0130\u00e7ten, hepimizden, \u201cbiz\u201dden bir dille&#8230;  \u201cNeden sonra, \u00e7ay bah\u00e7esinin so\u011fuk beton zemininde k\u0131p\u0131rt\u0131s\u0131z yatarken, sarsarak bana bir \u015feyler anlatmaya \u00e7al\u0131\u015fan yirmi be\u015f ya\u015flar\u0131ndaki a\u011fabeyin, \u2018Sen ne taraftans\u0131n?\u2019 dedi\u011fini duydum. Ne taraftan? Ne taraftan oldu\u011fumu bilmiyordum. Sakallar\u0131m hen\u00fcz \u00e7\u0131kmam\u0131\u015ft\u0131. \u00c7\u0131ksa da ne fark eder. B\u0131y\u0131klar\u0131m terlemi\u015fti ama b\u0131y\u0131k b\u0131rak\u0131p u\u00e7lar\u0131n\u0131 sark\u0131tabilmem i\u00e7in en az \u00fc\u00e7-d\u00f6rt y\u0131la ihtiyac\u0131m vard\u0131. O \u00fc\u00e7-d\u00f6rt y\u0131l\u0131 ya\u015fasayd\u0131m, b\u0131y\u0131klar\u0131m\u0131 sark\u0131t\u0131r m\u0131yd\u0131m, zannetmiyorum. Ye\u015fil bir parkam yoktu, ye\u015fili sevmezdim. Sa\u00e7lar\u0131m uzun de\u011fildi. Uzun sa\u00e7 sevmezdim. Hangi taraftan oldu\u011fumu bilmiyordum. Neden bir tarafta olmam gerekti\u011fine akl\u0131m ermiyordu. \u2018Ben Emel\u2019i bekliyorum,\u2019 dedim.\u201d  <\/p>\n","protected":false},"excerpt":{"rendered":"<p>Sokakta yan\u0131ndan ge\u00e7ip gidilenlerin, bazen durup ba\u015f\u0131 ok\u015fananlar\u0131n; ne\u015fenin, h\u00fczn\u00fcn, hem bilindik hem de s\u00fcrprizli kar\u015f\u0131la\u015fmalar\u0131n etraf\u0131nda dolanan bir \u00f6yk\u00fc kitab\u0131: Ara Na\u011fme. Fuat Sevimay kitapl\u0131\u011f\u0131nda<span class=\"excerpt-hellip\"> [\u2026]<\/span><\/p>\n","protected":false},"featured_media":0,"template":"","meta":{"_monsterinsights_skip_tracking":false,"_monsterinsights_sitenote_active":false,"_monsterinsights_sitenote_note":"","_monsterinsights_sitenote_category":0},"product_brand":[],"product_cat":[12291,18202],"product_tag":[],"class_list":{"0":"post-765247","1":"product","2":"type-product","3":"status-publish","5":"product_cat-edebiyat","6":"product_cat-hikaye","7":"pa_cilt-ciltsiz","8":"pa_tur-kitap","9":"pa_yayinevi-ithaki-yayinlari","10":"pa_yazar-fuat-sevimay","12":"first","13":"instock","14":"sale","15":"shipping-taxable","16":"purchasable","17":"product-type-simple"},"_links":{"self":[{"href":"https:\/\/roveyayinevi.com.tr\/index.php\/wp-json\/wp\/v2\/product\/765247","targetHints":{"allow":["GET"]}}],"collection":[{"href":"https:\/\/roveyayinevi.com.tr\/index.php\/wp-json\/wp\/v2\/product"}],"about":[{"href":"https:\/\/roveyayinevi.com.tr\/index.php\/wp-json\/wp\/v2\/types\/product"}],"wp:attachment":[{"href":"https:\/\/roveyayinevi.com.tr\/index.php\/wp-json\/wp\/v2\/media?parent=765247"}],"wp:term":[{"taxonomy":"product_brand","embeddable":true,"href":"https:\/\/roveyayinevi.com.tr\/index.php\/wp-json\/wp\/v2\/product_brand?post=765247"},{"taxonomy":"product_cat","embeddable":true,"href":"https:\/\/roveyayinevi.com.tr\/index.php\/wp-json\/wp\/v2\/product_cat?post=765247"},{"taxonomy":"product_tag","embeddable":true,"href":"https:\/\/roveyayinevi.com.tr\/index.php\/wp-json\/wp\/v2\/product_tag?post=765247"}],"curies":[{"name":"wp","href":"https:\/\/api.w.org\/{rel}","templated":true}]}}