{"id":765246,"date":"2025-08-28T11:37:06","date_gmt":"2025-08-28T08:37:06","guid":{"rendered":"https:\/\/roveyayinevi.com.tr\/index.php\/urun\/cumhuriyetin-hikayesi\/"},"modified":"2026-04-15T03:30:57","modified_gmt":"2026-04-15T00:30:57","slug":"cumhuriyetin-hikayesi","status":"publish","type":"product","link":"https:\/\/roveyayinevi.com.tr\/index.php\/urun\/cumhuriyetin-hikayesi\/","title":{"rendered":"Cumhuriyet\u2019in Hikayesi"},"content":{"rendered":"<p>Bu hik\u00e2yeler Cumhuriyet\u2019in, T\u00fcrkiye Cumhuriyeti Devleti\u2019nin hik\u00e2yesidir.    1934 y\u0131l\u0131nda, o g\u00fcne kadar \u00e7ekilen T\u00fcrk filmlerinin senaryolar\u0131n\u0131 yetersiz bulan d\u00f6nemin \u00f6nde gelen gazetelerinden biri ve \u00fclkenin tek film yap\u0131m \u015firketi bir senaryo yar\u0131\u015fmas\u0131 d\u00fczenler. Yar\u0131\u015fmaya kat\u0131lacaklara, kaleme alacaklar\u0131 eserlerin \u201cmilli hayat\u0131m\u0131zdan al\u0131nm\u0131\u015f olmas\u0131 ve b\u00fcy\u00fck ink\u0131lab\u0131m\u0131zdan ilham almas\u0131\u201d \u015fart\u0131n\u0131 koyarlar. K\u0131sa s\u00fcrede \u00fc\u00e7 y\u00fcz\u00fc a\u015fk\u0131n film hik\u00e2yesi, gazete idarehanesine g\u00f6nderilir. Bir \u00f6nj\u00fcri i\u00e7lerinden otuz tanesini se\u00e7er ve bu hik\u00e2yeler gazetede yay\u0131mlan\u0131r.    Cumhuriyet\u2019in onuncu y\u0131l\u0131 kutland\u0131ktan k\u0131sa bir s\u00fcre sonra T\u00fcrk\u00fcn, Birinci D\u00fcnya Sava\u015f\u0131\u2019ndan o g\u00fcne kadar yazd\u0131\u011f\u0131, neredeyse yirmi y\u0131ll\u0131k bir destan\u0131n par\u00e7alar\u0131d\u0131r bu hik\u00e2yeler.     Bug\u00fcnden bak\u0131ld\u0131\u011f\u0131ndaysa Cumhuriyet\u2019in nas\u0131l kuruldu\u011funu anlatmas\u0131, neredeyse yirmi y\u0131la yay\u0131lan askeri ve be\u015feri sava\u015flar\u0131n fertler \u00fczerinde yaratt\u0131\u011f\u0131 etkiyi ortaya koymas\u0131yla m\u00fckemmel bir hat\u0131rlatmad\u0131r her biri.     Bu hik\u00e2yeler, Cumhuriyet\u2019i kuran neslin psikolojik ve sosyolojik r\u00f6ntgenidir.    Birazdan siz de okuyup g\u00f6receksiniz; o g\u00fcnlere gidiveriyor, otuzlar\u0131n T\u00fcrkiye\u2019sinde buluyor kendini okuduk\u00e7a insan. Bu \u00f6yk\u00fcleri yazanlar\u0131n neler hissetti\u011fini, neyi, neden yazd\u0131\u011f\u0131n\u0131 idrak etmeye \u00e7al\u0131\u015f\u0131yor. Edebiyat\u0131n b\u00f6yle bir b\u00fcy\u00fcs\u00fc var \u2013 ne mutlu ki. G\u00fcn\u00fcn\u00fc sat\u0131rlara d\u00f6k\u00fcyor, ger\u00e7e\u011fi, kendi ger\u00e7e\u011fini ilelebet muhafaza ediyor.  <\/p>\n","protected":false},"excerpt":{"rendered":"<p>Bu hik\u00e2yeler Cumhuriyet\u2019in, T\u00fcrkiye Cumhuriyeti Devleti\u2019nin hik\u00e2yesidir. 1934 y\u0131l\u0131nda, o g\u00fcne kadar \u00e7ekilen T\u00fcrk filmlerinin senaryolar\u0131n\u0131 yetersiz bulan d\u00f6nemin \u00f6nde gelen gazetelerinden biri ve \u00fclkenin tek<span class=\"excerpt-hellip\"> [\u2026]<\/span><\/p>\n","protected":false},"featured_media":0,"template":"","meta":{"_monsterinsights_skip_tracking":false,"_monsterinsights_sitenote_active":false,"_monsterinsights_sitenote_note":"","_monsterinsights_sitenote_category":0},"product_brand":[],"product_cat":[12291,18202],"product_tag":[],"class_list":{"0":"post-765246","1":"product","2":"type-product","3":"status-publish","5":"product_cat-edebiyat","6":"product_cat-hikaye","7":"pa_cilt-ciltsiz","8":"pa_tur-kitap","9":"pa_yayinevi-ithaki-yayinlari","10":"pa_yazar-serdar-soydan","12":"first","13":"instock","14":"sale","15":"shipping-taxable","16":"purchasable","17":"product-type-simple"},"_links":{"self":[{"href":"https:\/\/roveyayinevi.com.tr\/index.php\/wp-json\/wp\/v2\/product\/765246","targetHints":{"allow":["GET"]}}],"collection":[{"href":"https:\/\/roveyayinevi.com.tr\/index.php\/wp-json\/wp\/v2\/product"}],"about":[{"href":"https:\/\/roveyayinevi.com.tr\/index.php\/wp-json\/wp\/v2\/types\/product"}],"wp:attachment":[{"href":"https:\/\/roveyayinevi.com.tr\/index.php\/wp-json\/wp\/v2\/media?parent=765246"}],"wp:term":[{"taxonomy":"product_brand","embeddable":true,"href":"https:\/\/roveyayinevi.com.tr\/index.php\/wp-json\/wp\/v2\/product_brand?post=765246"},{"taxonomy":"product_cat","embeddable":true,"href":"https:\/\/roveyayinevi.com.tr\/index.php\/wp-json\/wp\/v2\/product_cat?post=765246"},{"taxonomy":"product_tag","embeddable":true,"href":"https:\/\/roveyayinevi.com.tr\/index.php\/wp-json\/wp\/v2\/product_tag?post=765246"}],"curies":[{"name":"wp","href":"https:\/\/api.w.org\/{rel}","templated":true}]}}