{"id":765244,"date":"2025-08-28T11:37:02","date_gmt":"2025-08-28T08:37:02","guid":{"rendered":"https:\/\/roveyayinevi.com.tr\/index.php\/urun\/ayisiginin-kayiplari-aynadan-gecen-kiz-serisi-2-kitap\/"},"modified":"2026-04-15T03:30:57","modified_gmt":"2026-04-15T00:30:57","slug":"ayisiginin-kayiplari-aynadan-gecen-kiz-serisi-2-kitap","status":"publish","type":"product","link":"https:\/\/roveyayinevi.com.tr\/index.php\/urun\/ayisiginin-kayiplari-aynadan-gecen-kiz-serisi-2-kitap\/","title":{"rendered":"Ay\u0131\u015f\u0131\u011f\u0131\u2019n\u0131n Kay\u0131plar\u0131 \u2013 Aynadan Ge\u00e7en K\u0131z Serisi 2. Kitap"},"content":{"rendered":"<p>Uzun zaman \u00f6nce, \u201cKopu\u015f\u201d ad\u0131 verilen bir felaketin ard\u0131ndan, d\u00fcnya bir\u00e7ok g\u00f6ksel adaya b\u00f6l\u00fcnm\u00fc\u015ft\u00fc. Kemer olarak bilinen bu adalar\u0131n her biri farkl\u0131 \u015fekillerde geli\u015fmi\u015fti; her birinin zamanla kendine \u00f6zg\u00fc bir ili\u015fkisi var gibi g\u00f6r\u00fcnmekteydi, \u00f6yle ki g\u00fcn\u00fcm\u00fczde birbirinden \u00e7ok farkl\u0131 d\u00fcnyalar bir arada ama ayr\u0131 ayr\u0131 var olabiliyordu. Ve Kemerlerin her birinde, her \u015feye g\u00fcc\u00fc yeten bir atan\u0131n ruhu ya\u015f\u0131yordu. Oph\u00e9lie saray\u0131n o g\u00f6rkemli y\u00fczeyinin alt\u0131nda entrikalar ve siyasi gerilimlerin h\u00fck\u00fcm s\u00fcrd\u00fc\u011f\u00fc sosyeteye ad\u0131m\u0131n\u0131 atm\u0131\u015ft\u0131. Ailesinin Kutup\u2019a geli\u015fi ve Faruk\u2019un talepleri aras\u0131nda, gizemli ni\u015fanl\u0131s\u0131 Thorn\u2019a g\u00fcvenmekten ba\u015fka se\u00e7ene\u011fi kalmam\u0131\u015ft\u0131. Soylular birer birer ortadan kaybolmaya ba\u015flad\u0131\u011f\u0131nda, Anima\u2019n\u0131n okuyucusu olan Oph\u00e9lie, yeteneklerini kullanarak bu gizemi \u00e7\u00f6zmek zorunda kalacakt\u0131. Ancak bu g\u00f6rev onu bekledi\u011finden \u00e7ok daha farkl\u0131 bir yere g\u00f6t\u00fcrecek ve kar\u015f\u0131la\u015ft\u0131\u011f\u0131 ger\u00e7ek, haz\u0131rl\u0131kl\u0131 oldu\u011fundan \u00e7ok daha \u00fcrk\u00fct\u00fcc\u00fc \u00e7\u0131kacakt\u0131.   \u201cOlduk\u00e7a zarif bir \u00fcslup, ayn\u0131 zamanda ince bir mizah anlay\u0131\u015f\u0131na da yer b\u0131rak\u0131yor.\u201d \u2013LE FIGARO LITT\u00c9RAIRE <\/p>\n","protected":false},"excerpt":{"rendered":"<p>Uzun zaman \u00f6nce, \u201cKopu\u015f\u201d ad\u0131 verilen bir felaketin ard\u0131ndan, d\u00fcnya bir\u00e7ok g\u00f6ksel adaya b\u00f6l\u00fcnm\u00fc\u015ft\u00fc. Kemer olarak bilinen bu adalar\u0131n her biri farkl\u0131 \u015fekillerde geli\u015fmi\u015fti; her birinin<span class=\"excerpt-hellip\"> [\u2026]<\/span><\/p>\n","protected":false},"featured_media":0,"template":"","meta":{"_monsterinsights_skip_tracking":false,"_monsterinsights_sitenote_active":false,"_monsterinsights_sitenote_note":"","_monsterinsights_sitenote_category":0},"product_brand":[],"product_cat":[12291,14777],"product_tag":[],"class_list":{"0":"post-765244","1":"product","2":"type-product","3":"status-publish","5":"product_cat-edebiyat","6":"product_cat-fantastik","7":"pa_cilt-ciltsiz","8":"pa_tur-kitap","9":"pa_yayinevi-ithaki-yayinlari","10":"pa_yazar-christelle-dabos","12":"first","13":"instock","14":"sale","15":"shipping-taxable","16":"purchasable","17":"product-type-simple"},"_links":{"self":[{"href":"https:\/\/roveyayinevi.com.tr\/index.php\/wp-json\/wp\/v2\/product\/765244","targetHints":{"allow":["GET"]}}],"collection":[{"href":"https:\/\/roveyayinevi.com.tr\/index.php\/wp-json\/wp\/v2\/product"}],"about":[{"href":"https:\/\/roveyayinevi.com.tr\/index.php\/wp-json\/wp\/v2\/types\/product"}],"wp:attachment":[{"href":"https:\/\/roveyayinevi.com.tr\/index.php\/wp-json\/wp\/v2\/media?parent=765244"}],"wp:term":[{"taxonomy":"product_brand","embeddable":true,"href":"https:\/\/roveyayinevi.com.tr\/index.php\/wp-json\/wp\/v2\/product_brand?post=765244"},{"taxonomy":"product_cat","embeddable":true,"href":"https:\/\/roveyayinevi.com.tr\/index.php\/wp-json\/wp\/v2\/product_cat?post=765244"},{"taxonomy":"product_tag","embeddable":true,"href":"https:\/\/roveyayinevi.com.tr\/index.php\/wp-json\/wp\/v2\/product_tag?post=765244"}],"curies":[{"name":"wp","href":"https:\/\/api.w.org\/{rel}","templated":true}]}}