{"id":765243,"date":"2025-08-28T11:37:00","date_gmt":"2025-08-28T08:37:00","guid":{"rendered":"https:\/\/roveyayinevi.com.tr\/index.php\/urun\/mirildanan-kemikler\/"},"modified":"2026-04-15T03:30:57","modified_gmt":"2026-04-15T00:30:57","slug":"mirildanan-kemikler","status":"publish","type":"product","link":"https:\/\/roveyayinevi.com.tr\/index.php\/urun\/mirildanan-kemikler\/","title":{"rendered":"M\u0131r\u0131ldanan Kemikler"},"content":{"rendered":"<p>Miren O\u2019Malley b\u00fcy\u00fcl\u00fc ve karanl\u0131k s\u0131rlarla dolu bir ailede do\u011fmu\u015ftu. Soyu, denizle yapt\u0131klar\u0131 eski bir anla\u015fmaya dayanan efsanelerle \u00f6r\u00fclm\u00fc\u015ft\u00fc; her nesil, denize bir \u00e7ocuk vermeliydi ki deniz onlara zenginlik sunsun. Ancak O\u2019Malley ailesi y\u0131llar i\u00e7inde g\u00fcc\u00fcn\u00fc kaybetmi\u015f, servetleri t\u00fckenmi\u015f, yapt\u0131klar\u0131 anla\u015fma ise unutulmu\u015f gibiydi. Ta ki ailenin miras\u0131 Miren\u2019in omuzlar\u0131na y\u00fcklenene kadar. Fakat o kaderine boyun e\u011fmeyecekti. Aile malik\u00e2nesinden ve s\u0131rlarla dolu ge\u00e7mi\u015finden ka\u00e7maya karar veren Miren, hem kan ba\u011flar\u0131n\u0131n hem de denizle yap\u0131lan antla\u015fman\u0131n pe\u015fini b\u0131rakmad\u0131\u011f\u0131n\u0131 fark etse de \u00f6zg\u00fcrl\u00fc\u011fe giden yolu ararken, hem deniz yarat\u0131klar\u0131yla hem de kendi i\u00e7indeki karanl\u0131kla y\u00fczle\u015fmek zorunda kalacakt\u0131. M\u0131r\u0131ldanan Kemikler, aile s\u0131rlar\u0131, do\u011fa\u00fcst\u00fc gu\u0308\u00e7ler ve karanl\u0131k deniz efsaneleriyle dolu bir d\u00fcnyada ge\u00e7en s\u00fcr\u00fckleyici bir gotik masal.   \u201cMuhte\u015fem bir gotik macera&#8230; Cesur kahramanlar\u0131, g\u00fczel dili ve \u00f6zenle yarat\u0131lm\u0131\u015f du\u0308nyalar\u0131 sevenler bu kitab\u0131 ka\u00e7\u0131rmak istemeyecek.\u201d\u2014 Publishers Weekly \u201cMuhte\u015fem bir \u015fekilde yaz\u0131lm\u0131\u015f, m\u00fcthi\u015f bir okuma&#8230; Slatter\u2019\u0131n dili, siyah ipek \u00fczerine i\u015flenmi\u015f parlak siyah boncuklar kadar \u0131\u015f\u0131lt\u0131l\u0131. Okuyucular her kelimenin tad\u0131n\u0131 \u00e7\u0131karacak.\u201d\u2014 Locus Magazine \u201cT\u0131pk\u0131 J.R.R. Tolkien gibi, Slatter da kendi icat etti\u011fi mitolojisini al\u0131p, hem tan\u0131d\u0131k hem de derinlemesine tuhaf bir d\u00fcnya in\u015fa etmi\u015f. G\u00f6rkemli ve \u00fcrk\u00fct\u00fcc\u00fc, t\u00fcyler \u00fcrpertici ve zarif, ac\u0131mas\u0131z ve \u015f\u0131k&#8230; Kimse bu kitab\u0131n sonuna kadar sayfalar\u0131 \u00e7evirmeden durabilecek mi, g\u00f6relim.\u201d\u2014 Ellen Kushner   <\/p>\n","protected":false},"excerpt":{"rendered":"<p>Miren O\u2019Malley b\u00fcy\u00fcl\u00fc ve karanl\u0131k s\u0131rlarla dolu bir ailede do\u011fmu\u015ftu. Soyu, denizle yapt\u0131klar\u0131 eski bir anla\u015fmaya dayanan efsanelerle \u00f6r\u00fclm\u00fc\u015ft\u00fc; her nesil, denize bir \u00e7ocuk vermeliydi ki<span class=\"excerpt-hellip\"> [\u2026]<\/span><\/p>\n","protected":false},"featured_media":0,"template":"","meta":{"_monsterinsights_skip_tracking":false,"_monsterinsights_sitenote_active":false,"_monsterinsights_sitenote_note":"","_monsterinsights_sitenote_category":0},"product_brand":[],"product_cat":[12291,14777],"product_tag":[],"class_list":{"0":"post-765243","1":"product","2":"type-product","3":"status-publish","5":"product_cat-edebiyat","6":"product_cat-fantastik","7":"pa_cilt-ciltsiz","8":"pa_tur-kitap","9":"pa_yayinevi-ithaki-yayinlari","10":"pa_yazar-a-g-slatter","12":"first","13":"instock","14":"sale","15":"shipping-taxable","16":"purchasable","17":"product-type-simple"},"_links":{"self":[{"href":"https:\/\/roveyayinevi.com.tr\/index.php\/wp-json\/wp\/v2\/product\/765243","targetHints":{"allow":["GET"]}}],"collection":[{"href":"https:\/\/roveyayinevi.com.tr\/index.php\/wp-json\/wp\/v2\/product"}],"about":[{"href":"https:\/\/roveyayinevi.com.tr\/index.php\/wp-json\/wp\/v2\/types\/product"}],"wp:attachment":[{"href":"https:\/\/roveyayinevi.com.tr\/index.php\/wp-json\/wp\/v2\/media?parent=765243"}],"wp:term":[{"taxonomy":"product_brand","embeddable":true,"href":"https:\/\/roveyayinevi.com.tr\/index.php\/wp-json\/wp\/v2\/product_brand?post=765243"},{"taxonomy":"product_cat","embeddable":true,"href":"https:\/\/roveyayinevi.com.tr\/index.php\/wp-json\/wp\/v2\/product_cat?post=765243"},{"taxonomy":"product_tag","embeddable":true,"href":"https:\/\/roveyayinevi.com.tr\/index.php\/wp-json\/wp\/v2\/product_tag?post=765243"}],"curies":[{"name":"wp","href":"https:\/\/api.w.org\/{rel}","templated":true}]}}