{"id":765242,"date":"2025-08-28T11:36:58","date_gmt":"2025-08-28T08:36:58","guid":{"rendered":"https:\/\/roveyayinevi.com.tr\/index.php\/urun\/garip-ama-gercek-dinozorlar\/"},"modified":"2026-04-15T03:30:57","modified_gmt":"2026-04-15T00:30:57","slug":"garip-ama-gercek-dinozorlar","status":"publish","type":"product","link":"https:\/\/roveyayinevi.com.tr\/index.php\/urun\/garip-ama-gercek-dinozorlar\/","title":{"rendered":"Garip Ama Ger\u00e7ek Dinozorlar"},"content":{"rendered":"<p>National Geographic Kids\u2019in \u00e7ok satan serisi Garip ama Ger\u00e7ek, \u015fimdi \u00e7ocuklar\u0131n \u00e7ok sevece\u011fi yepyeni bir ba\u015fl\u0131k ile kar\u015f\u0131n\u0131za \u00e7\u0131k\u0131yor: Dinozorlar. Birbirinden ilgin\u00e7 300 ger\u00e7ekle dolu bu sayfalarda en sevdi\u011finiz dinozorlar\u0131 ve \u00e7ok daha fazlas\u0131n\u0131 bulacaks\u0131n\u0131z. G\u00f6rkemli avc\u0131 T. Rex\u2019ten y\u00fcr\u00fcd\u00fcklerinde yeri sallayan devasa otoburlara kadar pek \u00e7ok inan\u0131lmaz dinozor bu sayfalarda sizi bekliyor.<\/p>\n","protected":false},"excerpt":{"rendered":"<p>National Geographic Kids\u2019in \u00e7ok satan serisi Garip ama Ger\u00e7ek, \u015fimdi \u00e7ocuklar\u0131n \u00e7ok sevece\u011fi yepyeni bir ba\u015fl\u0131k ile kar\u015f\u0131n\u0131za \u00e7\u0131k\u0131yor: Dinozorlar. Birbirinden ilgin\u00e7 300 ger\u00e7ekle dolu bu<span class=\"excerpt-hellip\"> [\u2026]<\/span><\/p>\n","protected":false},"featured_media":0,"template":"","meta":{"_monsterinsights_skip_tracking":false,"_monsterinsights_sitenote_active":false,"_monsterinsights_sitenote_note":"","_monsterinsights_sitenote_category":0},"product_brand":[],"product_cat":[13829,12274],"product_tag":[],"class_list":{"0":"post-765242","1":"product","2":"type-product","3":"status-publish","5":"product_cat-bilimsel-kitaplar","6":"product_cat-cocuk-ve-genclik-kitaplari","7":"pa_cilt-ciltsiz","8":"pa_tur-kitap","9":"pa_yayinevi-beta-kids","10":"pa_yazar-chad-tomlinson","12":"first","13":"instock","14":"sale","15":"shipping-taxable","16":"purchasable","17":"product-type-simple"},"_links":{"self":[{"href":"https:\/\/roveyayinevi.com.tr\/index.php\/wp-json\/wp\/v2\/product\/765242","targetHints":{"allow":["GET"]}}],"collection":[{"href":"https:\/\/roveyayinevi.com.tr\/index.php\/wp-json\/wp\/v2\/product"}],"about":[{"href":"https:\/\/roveyayinevi.com.tr\/index.php\/wp-json\/wp\/v2\/types\/product"}],"wp:attachment":[{"href":"https:\/\/roveyayinevi.com.tr\/index.php\/wp-json\/wp\/v2\/media?parent=765242"}],"wp:term":[{"taxonomy":"product_brand","embeddable":true,"href":"https:\/\/roveyayinevi.com.tr\/index.php\/wp-json\/wp\/v2\/product_brand?post=765242"},{"taxonomy":"product_cat","embeddable":true,"href":"https:\/\/roveyayinevi.com.tr\/index.php\/wp-json\/wp\/v2\/product_cat?post=765242"},{"taxonomy":"product_tag","embeddable":true,"href":"https:\/\/roveyayinevi.com.tr\/index.php\/wp-json\/wp\/v2\/product_tag?post=765242"}],"curies":[{"name":"wp","href":"https:\/\/api.w.org\/{rel}","templated":true}]}}