{"id":765241,"date":"2025-08-28T11:36:56","date_gmt":"2025-08-28T08:36:56","guid":{"rendered":"https:\/\/roveyayinevi.com.tr\/index.php\/urun\/garip-ama-gercek-kopek-baliklari\/"},"modified":"2026-04-15T03:30:57","modified_gmt":"2026-04-15T00:30:57","slug":"garip-ama-gercek-kopek-baliklari","status":"publish","type":"product","link":"https:\/\/roveyayinevi.com.tr\/index.php\/urun\/garip-ama-gercek-kopek-baliklari\/","title":{"rendered":"Garip Ama Ger\u00e7ek K\u00f6pek Bal\u0131klar\u0131"},"content":{"rendered":"<p>D\u00fcnyada sevilen ve \u00e7ok satanlar listesinden inmeyen National Geographic Kids Garip ama Ger\u00e7ek serisi \u015fimdi yepyeni ba\u015fl\u0131\u011f\u0131 ile kar\u015f\u0131n\u0131zda. K\u00f6pek Bal\u0131klar\u0131 kitab\u0131 ile okyanusun derinliklerine dalacak ve sulu d\u00fcnyan\u0131n en geli\u015fmi\u015f avc\u0131lar\u0131 olan bu canl\u0131lar hakk\u0131nda hi\u00e7 bilmedi\u011finiz \u015feyler \u00f6\u011freneceksiniz. Tamam\u0131 renkli birbirinden ilgin\u00e7 bu sayfalarda bulaca\u011f\u0131n\u0131z 300 inan\u0131lmaz ger\u00e7ek, k\u00f6pek bal\u0131klar\u0131na bak\u0131\u015f\u0131n\u0131z\u0131 sonsuza dek de\u011fi\u015ftirecek.<\/p>\n","protected":false},"excerpt":{"rendered":"<p>D\u00fcnyada sevilen ve \u00e7ok satanlar listesinden inmeyen National Geographic Kids Garip ama Ger\u00e7ek serisi \u015fimdi yepyeni ba\u015fl\u0131\u011f\u0131 ile kar\u015f\u0131n\u0131zda. K\u00f6pek Bal\u0131klar\u0131 kitab\u0131 ile okyanusun derinliklerine dalacak<span class=\"excerpt-hellip\"> [\u2026]<\/span><\/p>\n","protected":false},"featured_media":0,"template":"","meta":{"_monsterinsights_skip_tracking":false,"_monsterinsights_sitenote_active":false,"_monsterinsights_sitenote_note":"","_monsterinsights_sitenote_category":0},"product_brand":[],"product_cat":[13829,12274],"product_tag":[],"class_list":{"0":"post-765241","1":"product","2":"type-product","3":"status-publish","5":"product_cat-bilimsel-kitaplar","6":"product_cat-cocuk-ve-genclik-kitaplari","7":"pa_cilt-ciltsiz","8":"pa_tur-kitap","9":"pa_yayinevi-beta-kids","10":"pa_yazar-michelle-harris-julie-beer","12":"first","13":"instock","14":"sale","15":"shipping-taxable","16":"purchasable","17":"product-type-simple"},"_links":{"self":[{"href":"https:\/\/roveyayinevi.com.tr\/index.php\/wp-json\/wp\/v2\/product\/765241","targetHints":{"allow":["GET"]}}],"collection":[{"href":"https:\/\/roveyayinevi.com.tr\/index.php\/wp-json\/wp\/v2\/product"}],"about":[{"href":"https:\/\/roveyayinevi.com.tr\/index.php\/wp-json\/wp\/v2\/types\/product"}],"wp:attachment":[{"href":"https:\/\/roveyayinevi.com.tr\/index.php\/wp-json\/wp\/v2\/media?parent=765241"}],"wp:term":[{"taxonomy":"product_brand","embeddable":true,"href":"https:\/\/roveyayinevi.com.tr\/index.php\/wp-json\/wp\/v2\/product_brand?post=765241"},{"taxonomy":"product_cat","embeddable":true,"href":"https:\/\/roveyayinevi.com.tr\/index.php\/wp-json\/wp\/v2\/product_cat?post=765241"},{"taxonomy":"product_tag","embeddable":true,"href":"https:\/\/roveyayinevi.com.tr\/index.php\/wp-json\/wp\/v2\/product_tag?post=765241"}],"curies":[{"name":"wp","href":"https:\/\/api.w.org\/{rel}","templated":true}]}}