{"id":765239,"date":"2025-08-28T11:36:51","date_gmt":"2025-08-28T08:36:51","guid":{"rendered":"https:\/\/roveyayinevi.com.tr\/index.php\/urun\/arafta-3\/"},"modified":"2026-04-15T03:30:57","modified_gmt":"2026-04-15T00:30:57","slug":"arafta-3","status":"publish","type":"product","link":"https:\/\/roveyayinevi.com.tr\/index.php\/urun\/arafta-3\/","title":{"rendered":"Arafta"},"content":{"rendered":"<p>KOREL\u0130-AMER\u0130KALI B\u0130R KIZIN ERGENL\u0130\u011eE G\u0130R\u0130\u015e VE K\u00d6KLER\u0130NE D\u00d6N\u00dc\u015e H\u0130K\u00c2YES\u0130N\u0130 ANLATAN \u00c7ARPICI VE \u00d6D\u00dcLL\u00dc OTOB\u0130YOGRAF\u0130K B\u0130R \u00c7\u0130ZG\u0130 ROMANAilesiyle G\u00fcney Kore\u2019den Amerika\u2019ya g\u00f6\u00e7 eden Deborah, art\u0131k ne G\u00fcney Koreli ne de Amerikal\u0131. Ger\u00e7ek ad\u0131 Jung-Jin olan Deborah, ad\u0131n\u0131n karma\u015f\u0131kl\u0131\u011f\u0131 ve d\u0131\u015f g\u00f6r\u00fcn\u00fc\u015f\u00fc y\u00fcz\u00fcnden ayr\u0131mc\u0131l\u0131\u011fa maruz kal\u0131r. K\u00fc\u00e7\u00fck ya\u015flar\u0131ndan beri bulundu\u011fu hi\u00e7bir ortama ait olmad\u0131\u011f\u0131n\u0131 d\u00fc\u015f\u00fcn\u00fcr ve bu y\u00fczden kendini hep g\u00fcvensiz hisseder. Ailesinin de her Koreli ebeveyn gibi ondan beklentileri \u00e7ok b\u00fcy\u00fckt\u00fcr ve Deborah, bunlar\u0131 kar\u015f\u0131lamakta zorlan\u0131r. Sorunlar ya\u015fad\u0131k\u00e7a ailesinden, arkada\u015flar\u0131ndan ve en sonunda kendinden uzakla\u015f\u0131r. Ama her seferinde yeni bir ba\u015flang\u0131\u00e7 yapmay\u0131 ve hayata tutunmay\u0131 ba\u015far\u0131r. Kendi k\u00f6klerine yapt\u0131\u011f\u0131 yolculuk ve sanat\u0131n\u0131n iyile\u015ftirici g\u00fcc\u00fc, onu hayata yeniden ba\u011flar. \u201cArafta hayat\u0131 oldu\u011fu gibi anlat\u0131yor, insanlar\u0131n aras\u0131ndaki durgunlu\u011fu ve sessizli\u011fi yar\u0131p ge\u00e7iyor ve bunu yaparken hi\u00e7 temkinli hareket etmiyor, olaylar\u0131 oldu\u011fundan daha iyi g\u00f6stermeye \u00e7al\u0131\u015fm\u0131yor ama bu s\u0131rada her \u015feyi \u00e7ok da g\u00fczel aktar\u0131yor. Bana da kendi hayat\u0131mdan bir\u00e7ok an\u0131 hat\u0131rlatt\u0131, \u00f6zellikle de sanat hayat\u0131m\u0131n ba\u015flar\u0131nda ya\u015fad\u0131\u011f\u0131m sorunlar\u0131, belirsizlikleri, Asyal\u0131 olarak deneyimledi\u011fim yabanc\u0131l\u0131k duygusunu ve d\u0131\u015f g\u00f6r\u00fcn\u00fc\u015f\u00fcmle ilgili problemlerimi. Eminim ki okurlar da bunu en derinlerinde hissedecekler. Duygulara bu kadar g\u00fczel \u0131\u015f\u0131k tutulmas\u0131 bir\u00e7ok hayat\u0131n (\u00f6zellikle de varl\u0131\u011f\u0131ndan haberdar olmad\u0131\u011f\u0131m\u0131z hayatlar\u0131n) kurtulmas\u0131na olanak sa\u011flayabilir.\u201d -SHAUN TAN, \u00d6d\u00fcll\u00fc Yazar ve \u00c7izer<\/p>\n","protected":false},"excerpt":{"rendered":"<p>KOREL\u0130-AMER\u0130KALI B\u0130R KIZIN ERGENL\u0130\u011eE G\u0130R\u0130\u015e VE K\u00d6KLER\u0130NE D\u00d6N\u00dc\u015e H\u0130K\u00c2YES\u0130N\u0130 ANLATAN \u00c7ARPICI VE \u00d6D\u00dcLL\u00dc OTOB\u0130YOGRAF\u0130K B\u0130R \u00c7\u0130ZG\u0130 ROMANAilesiyle G\u00fcney Kore\u2019den Amerika\u2019ya g\u00f6\u00e7 eden Deborah, art\u0131k ne G\u00fcney<span class=\"excerpt-hellip\"> [\u2026]<\/span><\/p>\n","protected":false},"featured_media":0,"template":"","meta":{"_monsterinsights_skip_tracking":false,"_monsterinsights_sitenote_active":false,"_monsterinsights_sitenote_note":"","_monsterinsights_sitenote_category":0},"product_brand":[],"product_cat":[12416,12291],"product_tag":[],"class_list":{"0":"post-765239","1":"product","2":"type-product","3":"status-publish","5":"product_cat-cizgi-roman","6":"product_cat-edebiyat","7":"pa_cilt-ciltsiz","8":"pa_tur-kitap","9":"pa_yayinevi-yuzu-kitap","10":"pa_yazar-deb-j-j-lee","12":"first","13":"instock","14":"sale","15":"shipping-taxable","16":"purchasable","17":"product-type-simple"},"_links":{"self":[{"href":"https:\/\/roveyayinevi.com.tr\/index.php\/wp-json\/wp\/v2\/product\/765239","targetHints":{"allow":["GET"]}}],"collection":[{"href":"https:\/\/roveyayinevi.com.tr\/index.php\/wp-json\/wp\/v2\/product"}],"about":[{"href":"https:\/\/roveyayinevi.com.tr\/index.php\/wp-json\/wp\/v2\/types\/product"}],"wp:attachment":[{"href":"https:\/\/roveyayinevi.com.tr\/index.php\/wp-json\/wp\/v2\/media?parent=765239"}],"wp:term":[{"taxonomy":"product_brand","embeddable":true,"href":"https:\/\/roveyayinevi.com.tr\/index.php\/wp-json\/wp\/v2\/product_brand?post=765239"},{"taxonomy":"product_cat","embeddable":true,"href":"https:\/\/roveyayinevi.com.tr\/index.php\/wp-json\/wp\/v2\/product_cat?post=765239"},{"taxonomy":"product_tag","embeddable":true,"href":"https:\/\/roveyayinevi.com.tr\/index.php\/wp-json\/wp\/v2\/product_tag?post=765239"}],"curies":[{"name":"wp","href":"https:\/\/api.w.org\/{rel}","templated":true}]}}