{"id":765235,"date":"2025-08-28T11:36:44","date_gmt":"2025-08-28T08:36:44","guid":{"rendered":"https:\/\/roveyayinevi.com.tr\/index.php\/urun\/psikoloji-insan-zihninde-maceralar\/"},"modified":"2026-04-15T03:30:57","modified_gmt":"2026-04-15T00:30:57","slug":"psikoloji-insan-zihninde-maceralar","status":"publish","type":"product","link":"https:\/\/roveyayinevi.com.tr\/index.php\/urun\/psikoloji-insan-zihninde-maceralar\/","title":{"rendered":"Psikoloji \u0130nsan Zihninde Maceralar"},"content":{"rendered":"<p>Psikoloji: \u0130nsan Zihninde Maceralar insan bilincini derinden inceleyerek hissedi\u015f, d\u00fc\u015f\u00fcn\u00fc\u015f ve davran\u0131\u015f bi\u00e7imlerimizin ard\u0131ndaki gizli nedenlere \u0131\u015f\u0131k tutuyor. Sekiz b\u00fcy\u00fcleyici b\u00f6l\u00fcmden olu\u015fan kitap a\u015f\u0131k olman\u0131n ger\u00e7ek nedenlerinden iyi bir gece uykusunun ard\u0131ndaki bilime dek her \u015feyi kaps\u0131yor: Alg\u0131, bili\u015f, bellek, duygulan\u0131m, ki\u015filik, toplumsal benlik, stres ve uyku konular\u0131n\u0131 ilgili alt ba\u015fl\u0131klarla etrafl\u0131ca inceleyen kitap, pop\u00fcler psikoloji alan\u0131nda y\u0131llard\u0131r \u00f6nemli yay\u0131nlara katk\u0131da bulunan uzman psikologlar Christian Jarrett ve Joannah Ginsburg taraf\u0131ndan kaleme al\u0131nd\u0131. Psikoloji ve insan zihnine merak salan herkesi hedefleyen kitap gen\u00e7 yeti\u015fkinlerden itibaren her ya\u015f ve okur grubunu hedefliyor ve keyifli bir okuma i\u00e7in psikoloji hakk\u0131nda herhangi bir bilgi sahibi olmay\u0131 da gerektirmiyor; alt ba\u015fl\u0131klar i\u00e7inde bir\u00e7ok konuyu e\u011flenceli, ilgi \u00e7ekici bir dille ele al\u0131yor, ger\u00e7ek ya\u015famdan ayd\u0131nlat\u0131c\u0131 \u00f6rnekler veriyor, \u00e7\u0131\u011f\u0131r a\u00e7an psikologlar\u0131 tan\u0131t\u0131yor ve zihninizin \u00e7al\u0131\u015fma bi\u00e7imini a\u00e7\u0131\u011fa \u00e7\u0131karan bolca egzersiz, deney ve test sunuyor. Ele an\u0131lan konular hakk\u0131nda ufkunu geni\u015fletmek isteyenler i\u00e7in, kitap sonunda ayr\u0131nt\u0131l\u0131 bir bibliyografya da i\u00e7eren Psikoloji: \u0130nsan Zihnindeki Maceralar okurlar\u0131 zihnin hayret verici manzaras\u0131 boyunca bir yolculu\u011fa \u00e7\u0131kar\u0131yor.<\/p>\n","protected":false},"excerpt":{"rendered":"<p>Psikoloji: \u0130nsan Zihninde Maceralar insan bilincini derinden inceleyerek hissedi\u015f, d\u00fc\u015f\u00fcn\u00fc\u015f ve davran\u0131\u015f bi\u00e7imlerimizin ard\u0131ndaki gizli nedenlere \u0131\u015f\u0131k tutuyor. Sekiz b\u00fcy\u00fcleyici b\u00f6l\u00fcmden olu\u015fan kitap a\u015f\u0131k olman\u0131n ger\u00e7ek<span class=\"excerpt-hellip\"> [\u2026]<\/span><\/p>\n","protected":false},"featured_media":0,"template":"","meta":{"_monsterinsights_skip_tracking":false,"_monsterinsights_sitenote_active":false,"_monsterinsights_sitenote_note":"","_monsterinsights_sitenote_category":0},"product_brand":[],"product_cat":[12358,12357],"product_tag":[],"class_list":{"0":"post-765235","1":"product","2":"type-product","3":"status-publish","5":"product_cat-genel-psikoloji","6":"product_cat-psikoloji","7":"pa_cilt-ciltsiz","8":"pa_tur-kitap","9":"pa_yayinevi-literatur-yayinevi","10":"pa_yazar-christian-jarrett-joannah-ginsburg","12":"first","13":"instock","14":"sale","15":"shipping-taxable","16":"purchasable","17":"product-type-simple"},"_links":{"self":[{"href":"https:\/\/roveyayinevi.com.tr\/index.php\/wp-json\/wp\/v2\/product\/765235","targetHints":{"allow":["GET"]}}],"collection":[{"href":"https:\/\/roveyayinevi.com.tr\/index.php\/wp-json\/wp\/v2\/product"}],"about":[{"href":"https:\/\/roveyayinevi.com.tr\/index.php\/wp-json\/wp\/v2\/types\/product"}],"wp:attachment":[{"href":"https:\/\/roveyayinevi.com.tr\/index.php\/wp-json\/wp\/v2\/media?parent=765235"}],"wp:term":[{"taxonomy":"product_brand","embeddable":true,"href":"https:\/\/roveyayinevi.com.tr\/index.php\/wp-json\/wp\/v2\/product_brand?post=765235"},{"taxonomy":"product_cat","embeddable":true,"href":"https:\/\/roveyayinevi.com.tr\/index.php\/wp-json\/wp\/v2\/product_cat?post=765235"},{"taxonomy":"product_tag","embeddable":true,"href":"https:\/\/roveyayinevi.com.tr\/index.php\/wp-json\/wp\/v2\/product_tag?post=765235"}],"curies":[{"name":"wp","href":"https:\/\/api.w.org\/{rel}","templated":true}]}}