{"id":765233,"date":"2025-08-28T11:36:40","date_gmt":"2025-08-28T08:36:40","guid":{"rendered":"https:\/\/roveyayinevi.com.tr\/index.php\/urun\/merdiven-alti-terapi\/"},"modified":"2026-04-15T03:30:57","modified_gmt":"2026-04-15T00:30:57","slug":"merdiven-alti-terapi","status":"publish","type":"product","link":"https:\/\/roveyayinevi.com.tr\/index.php\/urun\/merdiven-alti-terapi\/","title":{"rendered":"Merdiven Alt\u0131 Terapi"},"content":{"rendered":"<p>\u201cNe zaman s\u00f6yledi\u011fim \u015feylerin birilerini rahats\u0131z etmesinden endi\u015felensem, akl\u0131ma o ressam\u0131n y\u00fcz\u00fc geliyor. \u2018Rahats\u0131z etmek benim g\u00f6revim,\u2019 diyorum kendime. Platon\u2019un Sokrates\u2019in Savunmas\u0131\u2019nda dedi\u011fi gibi: \u2018Ben Tanr\u0131 taraf\u0131ndan bu devlete g\u00f6nderilmi\u015f bir at sine\u011fiyim ve bu devlet koca c\u00fcssesi nedeniyle yava\u015f hareket eden, canlanmas\u0131 gereken bir att\u0131r. Ben de Tanr\u0131\u2019n\u0131n bu devlete musallat etti\u011fi bir at sine\u011fi gibi b\u00fct\u00fcn g\u00fcn her yerde sizi uyand\u0131r\u0131yorum, hareketlendiriyorum, azarl\u0131yorum ve ikna ediyorum. Ve e\u011fer Tanr\u0131 sizi d\u00fc\u015f\u00fcnerek bir at sine\u011fi daha g\u00f6ndermezse, hayat\u0131n\u0131z\u0131n geri kalan\u0131n\u0131 uyuyarak ge\u00e7irirsiniz.\u2019 Sokrates gibi, o ressam gibi ve bu d\u00fcnyaya musallat olan daha nicesi gibi ben de bu toplum i\u00e7in bir at sine\u011fi olmay\u0131 kendime g\u00f6rev edindim. K\u0131\u00e7\u0131n\u0131z\u0131n dibinden ayr\u0131lmadan v\u0131z\u0131ldayaca\u011f\u0131m, sizi rahats\u0131z edece\u011fim ama sonu\u00e7ta zihninizdeki baz\u0131 kal\u0131pla\u015fm\u0131\u015f fikirlere \u00e7omak soktu\u011fum i\u00e7in d\u00fc\u015f\u00fcnmek zorunda kalacaks\u0131n\u0131z. Ve birileri \u2013kendilerini bu zahmete soktu\u011fum i\u00e7in bana m\u00fcthi\u015f bir \u00f6fke duysalar da\u2013 de\u011fi\u015fecek&#8230;\u201d Merdiven Alt\u0131 Terapi, kendi varl\u0131\u011f\u0131n\u0131 k\u00fc\u00e7\u00fclte k\u00fc\u00e7\u00fclte, Kafka\u2019n\u0131n D\u00f6n\u00fc\u015f\u00fcm hik\u00e2yesindeki gibi, bir sabah bunalt\u0131c\u0131 d\u00fc\u015flerden uyand\u0131\u011f\u0131nda kendisini devasa bir \u00fct\u00fc masas\u0131na d\u00f6n\u00fc\u015fm\u00fc\u015f olarak bulan bir kad\u0131n\u0131n, Orta Do\u011fu\u2019ya inat, hayat\u0131 ya\u015fama ve anlamland\u0131rma hik\u00e2yesi.<\/p>\n","protected":false},"excerpt":{"rendered":"<p>\u201cNe zaman s\u00f6yledi\u011fim \u015feylerin birilerini rahats\u0131z etmesinden endi\u015felensem, akl\u0131ma o ressam\u0131n y\u00fcz\u00fc geliyor. \u2018Rahats\u0131z etmek benim g\u00f6revim,\u2019 diyorum kendime. Platon\u2019un Sokrates\u2019in Savunmas\u0131\u2019nda dedi\u011fi gibi: \u2018Ben Tanr\u0131<span class=\"excerpt-hellip\"> [\u2026]<\/span><\/p>\n","protected":false},"featured_media":0,"template":"","meta":{"_monsterinsights_skip_tracking":false,"_monsterinsights_sitenote_active":false,"_monsterinsights_sitenote_note":"","_monsterinsights_sitenote_category":0},"product_brand":[],"product_cat":[12291,12711],"product_tag":[],"class_list":{"0":"post-765233","1":"product","2":"type-product","3":"status-publish","5":"product_cat-edebiyat","6":"product_cat-roman-oyku","7":"pa_cilt-ciltsiz","8":"pa_tur-kitap","9":"pa_yayinevi-literatur-yayinevi","10":"pa_yazar-deniz-dulgeroglu","12":"first","13":"instock","14":"sale","15":"shipping-taxable","16":"purchasable","17":"product-type-simple"},"_links":{"self":[{"href":"https:\/\/roveyayinevi.com.tr\/index.php\/wp-json\/wp\/v2\/product\/765233","targetHints":{"allow":["GET"]}}],"collection":[{"href":"https:\/\/roveyayinevi.com.tr\/index.php\/wp-json\/wp\/v2\/product"}],"about":[{"href":"https:\/\/roveyayinevi.com.tr\/index.php\/wp-json\/wp\/v2\/types\/product"}],"wp:attachment":[{"href":"https:\/\/roveyayinevi.com.tr\/index.php\/wp-json\/wp\/v2\/media?parent=765233"}],"wp:term":[{"taxonomy":"product_brand","embeddable":true,"href":"https:\/\/roveyayinevi.com.tr\/index.php\/wp-json\/wp\/v2\/product_brand?post=765233"},{"taxonomy":"product_cat","embeddable":true,"href":"https:\/\/roveyayinevi.com.tr\/index.php\/wp-json\/wp\/v2\/product_cat?post=765233"},{"taxonomy":"product_tag","embeddable":true,"href":"https:\/\/roveyayinevi.com.tr\/index.php\/wp-json\/wp\/v2\/product_tag?post=765233"}],"curies":[{"name":"wp","href":"https:\/\/api.w.org\/{rel}","templated":true}]}}