{"id":765232,"date":"2025-08-28T11:36:37","date_gmt":"2025-08-28T08:36:37","guid":{"rendered":"https:\/\/roveyayinevi.com.tr\/index.php\/urun\/ev-arkadasim-bir-vampir\/"},"modified":"2026-04-15T03:30:57","modified_gmt":"2026-04-15T00:30:57","slug":"ev-arkadasim-bir-vampir","status":"publish","type":"product","link":"https:\/\/roveyayinevi.com.tr\/index.php\/urun\/ev-arkadasim-bir-vampir\/","title":{"rendered":"Ev Arkada\u015f\u0131m Bir Vampir"},"content":{"rendered":"<p>Okurlar\u0131 kahkahalara bo\u011fan bu romantik komedide a\u015fk, sa\u011flam kaz\u0131\u011fa ba\u011flan\u0131yor.   Cassie Greenberg otuz iki ya\u015f\u0131nda, bek\u00e2r, sanat diplomas\u0131yla hayatta kalmaya \u00e7al\u0131\u015f\u0131yor. \u00dcst\u00fcne bir de kiray\u0131 \u00f6deyemedi\u011fi i\u00e7in evden at\u0131ld\u0131\u011f\u0131nda kalacak yeni bir yer bulmas\u0131 gerekiyor. Hem de hemen.   \u015eehrin iyi b\u00f6lgesinde, haval\u0131 binadaki \u015fatafatl\u0131 evi i\u00e7in ayda iki y\u00fcz dolara ev arkada\u015f\u0131 arayan Frederick J. Fitzwilliam\u2019\u0131n ilan\u0131n\u0131 g\u00f6rd\u00fc\u011f\u00fcnde afall\u0131yor. Eski ve karanl\u0131k d\u00f6\u015femesi, sa\u00e7ma derecede d\u00fc\u015f\u00fck kiras\u0131yla ger\u00e7ek olmayacak kadar iyi bir ev. Bit yeni\u011fi nerede? Peki ya s\u0131rad\u0131\u015f\u0131 kurallar\u0131 olan, gece \u00e7al\u0131\u015f\u0131p g\u00fcnd\u00fcz uyuyan ve d\u00f6nem romanlar\u0131na tak\u0131l\u0131 kalm\u0131\u015f gibi g\u00f6r\u00fcn\u00fcp modern d\u00fcnyan\u0131n nas\u0131l i\u015fledi\u011fi hakk\u0131nda hi\u00e7bir fikri olmayan yak\u0131\u015f\u0131kl\u0131 ve cazibeli ev arkada\u015f\u0131na ne demeli?   Gen\u00e7 kad\u0131n t\u00fcm riskleri g\u00f6ze alarak evi tutuyor ve Fitzwilliam\u2019\u0131n tuhafl\u0131klar\u0131na ra\u011fmen her \u015fey iyi gidiyor. Ta ki bir g\u00fcn buzdolab\u0131n\u0131 a\u00e7\u0131p litrelerce kan bulana dek&#8230;   Cassie\u2019nin seksi ev arkada\u015f\u0131 bir vampir.   \u00dcstelik ona bir teklifi var.     \u201c\u00c7OK KEY\u0130FL\u0130!\u201d -Ashley Poston, \u00d6l\u00fc Romantikler kitab\u0131n\u0131n New York Times \u00e7oksatan yazar\u0131   \u201cB\u00fcy\u00fcleyici karakter kadrosuna ve ustal\u0131kla yaz\u0131lm\u0131\u015f do\u011fa\u00fcst\u00fc bir a\u015fk hik\u00e2yesine haz\u0131r olun!\u201d -Thea Guanzon, The Hurricane Wars kitab\u0131n\u0131n uluslararas\u0131 \u00e7oksatan yazar\u0131<\/p>\n","protected":false},"excerpt":{"rendered":"<p>Okurlar\u0131 kahkahalara bo\u011fan bu romantik komedide a\u015fk, sa\u011flam kaz\u0131\u011fa ba\u011flan\u0131yor. Cassie Greenberg otuz iki ya\u015f\u0131nda, bek\u00e2r, sanat diplomas\u0131yla hayatta kalmaya \u00e7al\u0131\u015f\u0131yor. \u00dcst\u00fcne bir de kiray\u0131 \u00f6deyemedi\u011fi<span class=\"excerpt-hellip\"> [\u2026]<\/span><\/p>\n","protected":false},"featured_media":0,"template":"","meta":{"_monsterinsights_skip_tracking":false,"_monsterinsights_sitenote_active":false,"_monsterinsights_sitenote_note":"","_monsterinsights_sitenote_category":0},"product_brand":[],"product_cat":[12291,12711],"product_tag":[],"class_list":{"0":"post-765232","1":"product","2":"type-product","3":"status-publish","5":"product_cat-edebiyat","6":"product_cat-roman-oyku","7":"pa_cilt-ciltsiz","8":"pa_tur-kitap","9":"pa_yayinevi-nemesis-kitap","10":"pa_yazar-jenna-levine","12":"first","13":"instock","14":"sale","15":"shipping-taxable","16":"purchasable","17":"product-type-simple"},"_links":{"self":[{"href":"https:\/\/roveyayinevi.com.tr\/index.php\/wp-json\/wp\/v2\/product\/765232","targetHints":{"allow":["GET"]}}],"collection":[{"href":"https:\/\/roveyayinevi.com.tr\/index.php\/wp-json\/wp\/v2\/product"}],"about":[{"href":"https:\/\/roveyayinevi.com.tr\/index.php\/wp-json\/wp\/v2\/types\/product"}],"wp:attachment":[{"href":"https:\/\/roveyayinevi.com.tr\/index.php\/wp-json\/wp\/v2\/media?parent=765232"}],"wp:term":[{"taxonomy":"product_brand","embeddable":true,"href":"https:\/\/roveyayinevi.com.tr\/index.php\/wp-json\/wp\/v2\/product_brand?post=765232"},{"taxonomy":"product_cat","embeddable":true,"href":"https:\/\/roveyayinevi.com.tr\/index.php\/wp-json\/wp\/v2\/product_cat?post=765232"},{"taxonomy":"product_tag","embeddable":true,"href":"https:\/\/roveyayinevi.com.tr\/index.php\/wp-json\/wp\/v2\/product_tag?post=765232"}],"curies":[{"name":"wp","href":"https:\/\/api.w.org\/{rel}","templated":true}]}}