{"id":765230,"date":"2025-08-28T11:36:34","date_gmt":"2025-08-28T08:36:34","guid":{"rendered":"https:\/\/roveyayinevi.com.tr\/index.php\/urun\/mezhepcilik-kulturu\/"},"modified":"2026-04-15T03:30:57","modified_gmt":"2026-04-15T00:30:57","slug":"mezhepcilik-kulturu","status":"publish","type":"product","link":"https:\/\/roveyayinevi.com.tr\/index.php\/urun\/mezhepcilik-kulturu\/","title":{"rendered":"Mezhep\u00e7ilik K\u00fclt\u00fcr\u00fc"},"content":{"rendered":"<p>Osmanl\u0131 L\u00fcbnan\u0131\u2019na odaklanan Ussama Makdisi mezhep\u00e7ili\u011fin \u0130slam\u0131n modernli\u011fe g\u00f6sterdi\u011fi tepkilerden biri ya da dinsel gruplar aras\u0131ndaki toplumsal ve ekonomik e\u015fitsizliklerin sonucu oldu\u011fu tezine kar\u015f\u0131 \u00e7\u0131k\u0131yor ve modernli\u011fin tezah\u00fcrlerinden biri oldu\u011funu g\u00f6steriyor. On dokuzuncu y\u00fczy\u0131ldaki dinsel \u015fiddet olaylar\u0131n\u0131n, \u00f6zellikle mezhep temelli seferberlik ve katliamlar\u0131n cemaatler aras\u0131 \u00e7at\u0131\u015fma gelene\u011finin devam\u0131 olmad\u0131\u011f\u0131n\u0131, madun topluluklar\u0131n yeni bir d\u00fcnya kurulurken verdikleri m\u00fccadelelerin karma\u015f\u0131k, \u00e7okkatmanl\u0131 bir d\u0131\u015favurumu oldu\u011funu savunuyor.   Makdisi\u2019ye g\u00f6re mezhep\u00e7ilik dinsel kimliklerin siyasi ve toplumsal ama\u00e7larla seferber edilmesini temsil ediyordu. Tanzimat\u2019la birlikte Avrupal\u0131lar Ortado\u011fu\u2019da varl\u0131klar\u0131n\u0131 daha fazla hissettirmi\u015flerdi; bu da L\u00fcbnan\u2019\u0131n dinleri a\u015fan, hiyerar\u015fiye dayal\u0131 toplumsal d\u00fczenini sarsacakt\u0131. Makdisi H\u0131ristiyanlar\u0131 \u0130slami despotizmden kurtarma fikriyle hareket eden Avrupa s\u00f6m\u00fcrgecili\u011finin, misyoner heyetlerinin ve \u015earkiyat\u00e7\u0131l\u0131\u011f\u0131n, ayr\u0131ca Osmanl\u0131 milliyet\u00e7ili\u011finin ve yerel milliyet\u00e7ili\u011fin nas\u0131l farkl\u0131 anlat\u0131lar olu\u015fturdu\u011funu ve bu anlat\u0131lar\u0131 nas\u0131l kendi modernlik g\u00f6r\u00fc\u015fleri ve ilerleme projeleri do\u011frultusunda devreye soktuklar\u0131n\u0131 anlat\u0131yor.   \u00c7ok say\u0131da birincil kayna\u011fa yaslanan kitap, yaln\u0131zca Osmanl\u0131 modernle\u015fme s\u00fcrecinde ve Ortado\u011fu\u2019nun s\u00f6m\u00fcrgele\u015ftirilmesi esnas\u0131nda L\u00fcbnan \u00f6rne\u011finde ya\u015fananlara de\u011fil, yak\u0131n ge\u00e7mi\u015f ya da g\u00fcn\u00fcm\u00fczdeki potansiyel ve fiili \u00e7at\u0131\u015fmalara da \u0131\u015f\u0131k tutuyor. <\/p>\n","protected":false},"excerpt":{"rendered":"<p>Osmanl\u0131 L\u00fcbnan\u0131\u2019na odaklanan Ussama Makdisi mezhep\u00e7ili\u011fin \u0130slam\u0131n modernli\u011fe g\u00f6sterdi\u011fi tepkilerden biri ya da dinsel gruplar aras\u0131ndaki toplumsal ve ekonomik e\u015fitsizliklerin sonucu oldu\u011fu tezine kar\u015f\u0131 \u00e7\u0131k\u0131yor ve<span class=\"excerpt-hellip\"> [\u2026]<\/span><\/p>\n","protected":false},"featured_media":0,"template":"","meta":{"_monsterinsights_skip_tracking":false,"_monsterinsights_sitenote_active":false,"_monsterinsights_sitenote_note":"","_monsterinsights_sitenote_category":0},"product_brand":[],"product_cat":[12370,12304],"product_tag":[],"class_list":{"0":"post-765230","1":"product","2":"type-product","3":"status-publish","5":"product_cat-arastirma-inceleme","6":"product_cat-tarih","7":"pa_cilt-ciltsiz","8":"pa_tur-kitap","9":"pa_yayinevi-metis-yayinlari","10":"pa_yazar-ussama-makdisi","12":"first","13":"instock","14":"sale","15":"shipping-taxable","16":"purchasable","17":"product-type-simple"},"_links":{"self":[{"href":"https:\/\/roveyayinevi.com.tr\/index.php\/wp-json\/wp\/v2\/product\/765230","targetHints":{"allow":["GET"]}}],"collection":[{"href":"https:\/\/roveyayinevi.com.tr\/index.php\/wp-json\/wp\/v2\/product"}],"about":[{"href":"https:\/\/roveyayinevi.com.tr\/index.php\/wp-json\/wp\/v2\/types\/product"}],"wp:attachment":[{"href":"https:\/\/roveyayinevi.com.tr\/index.php\/wp-json\/wp\/v2\/media?parent=765230"}],"wp:term":[{"taxonomy":"product_brand","embeddable":true,"href":"https:\/\/roveyayinevi.com.tr\/index.php\/wp-json\/wp\/v2\/product_brand?post=765230"},{"taxonomy":"product_cat","embeddable":true,"href":"https:\/\/roveyayinevi.com.tr\/index.php\/wp-json\/wp\/v2\/product_cat?post=765230"},{"taxonomy":"product_tag","embeddable":true,"href":"https:\/\/roveyayinevi.com.tr\/index.php\/wp-json\/wp\/v2\/product_tag?post=765230"}],"curies":[{"name":"wp","href":"https:\/\/api.w.org\/{rel}","templated":true}]}}