{"id":765229,"date":"2025-08-28T11:36:00","date_gmt":"2025-08-28T08:36:00","guid":{"rendered":"https:\/\/roveyayinevi.com.tr\/index.php\/urun\/ozumun-yedi-rengi\/"},"modified":"2026-04-15T03:30:57","modified_gmt":"2026-04-15T00:30:57","slug":"ozumun-yedi-rengi","status":"publish","type":"product","link":"https:\/\/roveyayinevi.com.tr\/index.php\/urun\/ozumun-yedi-rengi\/","title":{"rendered":"\u00d6z\u00fcm\u00fcn Yedi Rengi"},"content":{"rendered":"<p>\u201cD\u00fcnyan\u0131n daha \u00e7ok zek\u00e2ya de\u011fil, daha \u00e7ok sevgi dolu akla ihtiyac\u0131 var.\u201dC.G.Jung, \u201cKendi i\u00e7ine giren, eli kula\u011f\u0131nda olan\u0131 el yordam\u0131yla aramal\u0131, ta\u015ftan ta\u015fa ilerleyerek yolunu bulmal\u0131,\u201d diyor g\u00fcnl\u00fc\u011f\u00fcnde. D\u00fcnyan\u0131n b\u00fct\u00fcn kadim \u00f6\u011fretilerinde de benzer tavsiyelere rastlayabilirsiniz: Kendini bulma yolculu\u011fu, i\u00e7eriden ba\u015flayan ve bir spirale d\u00f6n\u00fc\u015ferek b\u00fct\u00fcn\u00fc sarmalayan bir rota takip eder.Ahmet Acar, s\u00fcrd\u00fcr\u00fclebilirlik ve \u201cekolojik\u201d yap\u0131lar \u00fczerine \u00e7al\u0131\u015f\u0131rken ayn\u0131 izlek ile g\u00f6rmeye ba\u015flad\u0131\u011f\u0131 \u201cegolojik\u201d yap\u0131lar\u0131 da \u201czahiri ve dahili\u201d bu iki disiplinden edindi\u011fi bilgi ve birikimleriyle sorguluyor. \u00d6z\u00fcm\u00fcn Yedi Rengi ile hik\u00e2yele\u015fen t\u00fcm sorular, okuruna cevaplar i\u00e7in ipu\u00e7lar\u0131 sunmakla kalm\u0131yor, yeni sorular \u00fcretmeyi ve birlikte d\u00fc\u015f\u00fcnmeyi de sa\u011fl\u0131yor.\u201cKitaplar\u0131, deneyimleri, do\u011fay\u0131 ve etraf\u0131ndaki her \u015feyi sezgisel ve do\u011fal donan\u0131mlar\u0131yla okuyanlar, kendilerini kendilerine \u00e7a\u011f\u0131r\u0131r O&#8217;nun i\u00e7inde erir ve e\u015fsiz bir kanal olurlar. Sonra da \u00f6d\u00fcn\u00e7 ald\u0131klar\u0131n\u0131 biriktirip ba\u015fka yerlere naklederler.Bir nokta gelir ki, nakledilen yol kaybolur. Yol bir noktad\u0131r, kendine \u00e7a\u011f\u0131ran. \u0130\u00e7inden sonsuz do\u011fru ge\u00e7er&#8230;\u201d<\/p>\n","protected":false},"excerpt":{"rendered":"<p>\u201cD\u00fcnyan\u0131n daha \u00e7ok zek\u00e2ya de\u011fil, daha \u00e7ok sevgi dolu akla ihtiyac\u0131 var.\u201dC.G.Jung, \u201cKendi i\u00e7ine giren, eli kula\u011f\u0131nda olan\u0131 el yordam\u0131yla aramal\u0131, ta\u015ftan ta\u015fa ilerleyerek yolunu bulmal\u0131,\u201d<span class=\"excerpt-hellip\"> [\u2026]<\/span><\/p>\n","protected":false},"featured_media":0,"template":"","meta":{"_monsterinsights_skip_tracking":false,"_monsterinsights_sitenote_active":false,"_monsterinsights_sitenote_note":"","_monsterinsights_sitenote_category":0},"product_brand":[],"product_cat":[12364,12376],"product_tag":[],"class_list":{"0":"post-765229","1":"product","2":"type-product","3":"status-publish","5":"product_cat-genel-konular","6":"product_cat-kisisel-gelisim","7":"pa_cilt-ciltsiz","8":"pa_tur-kitap","9":"pa_yayinevi-epsilon-yayinlari","10":"pa_yazar-ahmet-acar","12":"first","13":"instock","14":"sale","15":"shipping-taxable","16":"purchasable","17":"product-type-simple"},"_links":{"self":[{"href":"https:\/\/roveyayinevi.com.tr\/index.php\/wp-json\/wp\/v2\/product\/765229","targetHints":{"allow":["GET"]}}],"collection":[{"href":"https:\/\/roveyayinevi.com.tr\/index.php\/wp-json\/wp\/v2\/product"}],"about":[{"href":"https:\/\/roveyayinevi.com.tr\/index.php\/wp-json\/wp\/v2\/types\/product"}],"wp:attachment":[{"href":"https:\/\/roveyayinevi.com.tr\/index.php\/wp-json\/wp\/v2\/media?parent=765229"}],"wp:term":[{"taxonomy":"product_brand","embeddable":true,"href":"https:\/\/roveyayinevi.com.tr\/index.php\/wp-json\/wp\/v2\/product_brand?post=765229"},{"taxonomy":"product_cat","embeddable":true,"href":"https:\/\/roveyayinevi.com.tr\/index.php\/wp-json\/wp\/v2\/product_cat?post=765229"},{"taxonomy":"product_tag","embeddable":true,"href":"https:\/\/roveyayinevi.com.tr\/index.php\/wp-json\/wp\/v2\/product_tag?post=765229"}],"curies":[{"name":"wp","href":"https:\/\/api.w.org\/{rel}","templated":true}]}}