{"id":765228,"date":"2025-08-28T11:35:59","date_gmt":"2025-08-28T08:35:59","guid":{"rendered":"https:\/\/roveyayinevi.com.tr\/index.php\/urun\/ters-yuz-yaklasimiyla-piyano-ogretimi-1\/"},"modified":"2026-04-15T03:30:57","modified_gmt":"2026-04-15T00:30:57","slug":"ters-yuz-yaklasimiyla-piyano-ogretimi-1","status":"publish","type":"product","link":"https:\/\/roveyayinevi.com.tr\/index.php\/urun\/ters-yuz-yaklasimiyla-piyano-ogretimi-1\/","title":{"rendered":"Ters Y\u00fcz Yakla\u015f\u0131m\u0131yla Piyano \u00d6\u011fretimi -1"},"content":{"rendered":"<p>Ters y\u00fcz s\u0131n\u0131f modeli, \u00f6\u011frenciye derse gelmeden \u00f6nce, ders i\u00e7eri\u011fini dijital materyaller yard\u0131m\u0131yla \u00e7evrimi\u00e7i olarak aktar\u0131lmas\u0131, ders zaman\u0131nda ise \u00f6\u011frencinin seviyesine g\u00f6re pratikler ve \u00e7al\u0131\u015fmalar yaparak \u00f6\u011frenmeyi etkili hale getiren bir \u00f6\u011frenme yakla\u015f\u0131m\u0131d\u0131r. \u00d6\u011fretmenin ders \u00f6ncesinde i\u00e7eriklerini konu anlat\u0131ml\u0131 video yoluyla \u00f6\u011frenci ile payla\u015fmas\u0131, sonraki a\u015famada, ders i\u00e7erisinde peki\u015ftire\u00e7ler vermesi, etkile\u015fimli ve aktif bir \u00f6\u011frenmenin ger\u00e7ekle\u015fmesine yol a\u00e7maktad\u0131r. \u201cTers Y\u00fcz Yakla\u015f\u0131m\u0131yla Piyano \u00d6\u011fretimi-1\u201d kitab\u0131, \u201cG\u00fczel Sanatlar Liseleri\u201d, \u201cE\u011fitim Fak\u00fclteleri (M\u00fczik \u00d6\u011fretmenli\u011fi ve M\u00fczik E\u011fitimi B\u00f6l\u00fcmleri)\u201d gibi e\u011fitim kurumlar\u0131nda piyano e\u011fitimine yeni ba\u015flayan \u00f6\u011frencilere uygun olarak tasarlanm\u0131\u015ft\u0131r. Youtube destekli bu kitapta, piyanoya ba\u015flang\u0131\u00e7 seviyesinden itibaren kullan\u0131lan teknik \u00e7al\u0131\u015fmalar (gamlar) ve mesleki piyano e\u011fitimi m\u00fcfredat\u0131nda yer alan bestecilerin eserleri; (F. Beyer Op. 101 \u201cPiyano Metodu\u201d, J.S.Bach \u201cAnna Magdalena Not Defteri\u201d, M. Clementi \u201cPiyano i\u00e7in 12 Sonatin Alb\u00fcm\u00fc\u201d ve \u201c\u0130stiklal Mar\u015f\u0131\u201d)  yer almaktad\u0131r.  14 ders i\u00e7erisinde toplamda 101 videoda uygulamal\u0131 olarak anlat\u0131larak \u00f6\u011frenciye rehberlik edilmi\u015f, her ders i\u00e7eri\u011finde ad\u0131m ad\u0131m \u00f6\u011frencinin ve \u00f6\u011fretmenin ne yapaca\u011f\u0131 detayl\u0131 bir \u015fekilde anlat\u0131lm\u0131\u015ft\u0131r. Ders \u00f6ncesinde \u00f6\u011frenciye esnek zaman ve ortam imkan\u0131 sa\u011flayan ters y\u00fcz s\u0131n\u0131f modeline entegre edilmi\u015f bu kitap, \u00f6\u011frenmenin kal\u0131c\u0131 bir \u015fekilde ger\u00e7ekle\u015fmesine yard\u0131mc\u0131 olabilecektir. *** \u201cTers Y\u00fcz Yakla\u015f\u0131m\u0131yla Piyano \u00d6\u011fretimi-1\u201d hem e\u011fitici hem de \u00f6\u011frenciler i\u00e7in muazzam \u00f6l\u00e7\u00fcde zaman kazand\u0131ran ve kolayl\u0131k sa\u011flayan bir metot olmu\u015f. Derslerin karekodu okunarak son derece pratik olarak ula\u015f\u0131labilir olmas\u0131, anla\u015f\u0131l\u0131rl\u0131\u011f\u0131 ve en ince detaylar\u0131 bile net bir \u015fekilde i\u015flemesi, \u00f6\u011frencinin haz\u0131rl\u0131\u011f\u0131nda ve y\u00fcz y\u00fcze derslerden alaca\u011f\u0131 verimlilikte son derece fark edilir bir sonu\u00e7 getirecektir. Hem g\u00f6rsel olarak anlat\u0131m\u0131 \u00e7ok okunakl\u0131 hem de video \u00e7ekimlerinde el pozisyonlar\u0131 ve teknik detaylar son derece sade ve anla\u015f\u0131l\u0131r \u015fekilde anlat\u0131l\u0131p i\u015flenmi\u015f. \u00d6zellikle derse haz\u0131rl\u0131k esnas\u0131ndaki t\u00fcrl\u00fc belirsizlikten \u00f6t\u00fcr\u00fc huzursuzluk ya\u015fayabilen \u00f6\u011frenciler ve \u00f6\u011frenci velileri i\u00e7in bulunmaz bir kaynak oldu\u011funu d\u00fc\u015f\u00fcn\u00fcyorum. Emre \u015eEN \/ Piyanist *** Piyano e\u011fitimine modern bir bak\u0131\u015f a\u00e7\u0131s\u0131yla yakla\u015fan bu \u00e7al\u0131\u015fman\u0131n, piyanoya yeni ba\u015flayan \u00f6\u011frencileri amat\u00f6rl\u00fckten profesyonelli\u011fe ta\u015f\u0131yacak bir rehber niteli\u011finde oldu\u011fu kanaatindeyim. \u00d6\u011frencilere ve \u00f6\u011fretmenlere farkl\u0131 bir bak\u0131\u015f a\u00e7\u0131s\u0131 kazand\u0131raca\u011f\u0131na inand\u0131\u011f\u0131m bu kitab\u0131n alana katk\u0131 sa\u011flamas\u0131n\u0131 diliyorum.                              G\u00f6khan AYBULUS \/ Piyanist *** 20. y\u00fczy\u0131l\u0131n sonlar\u0131 ve \u00f6zellikle de 21. y\u00fczy\u0131l\u0131n ba\u015flar\u0131ndan itibaren, e\u011fitim-\u00f6\u011fretim alan\u0131nda olduk\u00e7a b\u00fcy\u00fck de\u011fi\u015fim, d\u00f6n\u00fc\u015f\u00fcm ve geli\u015fmeler ortaya \u00e7\u0131km\u0131\u015ft\u0131r. Bu yakla\u015f\u0131mlar ise hemen t\u00fcm\u00fcyle geleneksel \u00f6\u011fretim yakla\u015f\u0131mlardan farkl\u0131l\u0131klar g\u00f6sterir. \u00d6\u011frencilerin pasif olmaktan \u00e7\u0131karak, aktif ve interaktif \u00f6\u011frenme s\u00fcre\u00e7lerine kat\u0131l\u0131m\u0131n\u0131 vurgulayan bu y\u00f6ntemlerin hepsine birden modern\/\u00e7a\u011fda\u015f\/\u00e7a\u011fc\u0131l \u00f6\u011frenme- \u00f6\u011fretim y\u00f6ntemleri demek yanl\u0131\u015f olmaz! \u0130\u015fte modern \u00f6\u011frenme yakla\u015f\u0131mlar\u0131ndan biri olan \u201cTers Y\u00fcz \u00d6\u011frenme Y\u00f6ntemi Modeli\u201dnde ama\u00e7; informal s\u00fcre\u00e7te \u00f6\u011fretmenin dersin sunumuna y\u00f6nelik olarak haz\u0131rlay\u0131p \u00f6\u011frencilerle payla\u015ft\u0131\u011f\u0131 birtak\u0131m videolar arac\u0131l\u0131\u011f\u0131yla, formal ders s\u00fcrecinin daha verimli olarak ge\u00e7mesini sa\u011flamaktad\u0131r. Dolay\u0131s\u0131yla bu \u00f6\u011fretim y\u00f6nteminden her alanda yararlan\u0131labilece\u011fi gibi, m\u00fczik bilimi, sanat\u0131 ve e\u011fitiminde de istifade edilmesi manidar sonu\u00e7lar ortaya \u00e7\u0131kartacakt\u0131r. Konudan bahisle; Say\u0131n Dr. \u00d6\u011fr. \u00dcyesi Deniz \u00d6ZDAMAR taraf\u0131ndan ayn\u0131 yakla\u015f\u0131m ve anlay\u0131\u015fla haz\u0131rlanm\u0131\u015f olan \u201cTers Y\u00fcz Yakla\u015f\u0131m\u0131yla Piyano \u00d6\u011fretimi \u2013 1\u201d isimli kitap \u00e7al\u0131\u015fmas\u0131, 14 ders ve 101 videoya dayal\u0131 4 \u00f6\u011frenme basama\u011f\u0131ndan olu\u015fmaktad\u0131r. QR kod gibi modern \u00f6\u011fretim materyallerinin de yer ald\u0131\u011f\u0131 kitab\u0131n; g\u00fcn\u00fcm\u00fcz piyano \u00f6\u011fretimine farkl\u0131 soluklar getirece\u011fi ve olumlu yans\u0131malar\u0131n\u0131n olaca\u011f\u0131 ise a\u00e7\u0131kt\u0131r. Bu duygu ve d\u00fc\u015f\u00fcnceler ile Sn. \u00d6ZDAMAR\u2019\u0131 orijinal \u00e7al\u0131\u015fmas\u0131ndan \u00f6t\u00fcr\u00fc takdir eder; kitab\u0131n m\u00fczik ve piyano e\u011fitimi alan\u0131na hay\u0131rl\u0131 olmas\u0131n\u0131 temenni ederim. Prof. Dr. Aytekin ALBUZ \/ Gazi \u00dcnv. E\u011fitim Fak\u00fcltesi M\u00fczik E\u011fitimi \u00d6\u011fr. \u00dcyesi   *** Her a\u015famas\u0131na bizzat \u015fahitlik etti\u011fim, deneysel ve akademik bir s\u00fcrecin \u00fcr\u00fcn\u00fc olarak b\u00fcy\u00fck \u00f6zveriyle haz\u0131rlanan, piyano hakk\u0131ndaki temel bilgiler \u00fczerine a\u015famal\u0131 olarak piyano \u00e7almay\u0131 \u00f6\u011freten bu kitap, amat\u00f6r ya da profesyonel olarak m\u00fczikle ilgilenen veya piyano \u00e7alg\u0131s\u0131na \u00f6zel ilgi duyan herkes i\u00e7in ba\u015fucu kayna\u011f\u0131 niteli\u011findedir. \u0130nsanl\u0131\u011fa, akademiye ve e\u011fitim camias\u0131na faydal\u0131 olmas\u0131 temennisiyle. Prof. Dr. Ebru Temiz \/ Ankara M\u00fczik ve G\u00fczel Sanatlar \u00dcnv.M\u00fczik E\u011fitimi \u00d6\u011fr. \u00dcyesi <\/p>\n","protected":false},"excerpt":{"rendered":"<p>Ters y\u00fcz s\u0131n\u0131f modeli, \u00f6\u011frenciye derse gelmeden \u00f6nce, ders i\u00e7eri\u011fini dijital materyaller yard\u0131m\u0131yla \u00e7evrimi\u00e7i olarak aktar\u0131lmas\u0131, ders zaman\u0131nda ise \u00f6\u011frencinin seviyesine g\u00f6re pratikler ve \u00e7al\u0131\u015fmalar yaparak<span class=\"excerpt-hellip\"> [\u2026]<\/span><\/p>\n","protected":false},"featured_media":0,"template":"","meta":{"_monsterinsights_skip_tracking":false,"_monsterinsights_sitenote_active":false,"_monsterinsights_sitenote_note":"","_monsterinsights_sitenote_category":0},"product_brand":[],"product_cat":[14556,20810],"product_tag":[],"class_list":{"0":"post-765228","1":"product","2":"type-product","3":"status-publish","5":"product_cat-muzik","6":"product_cat-ogrenim-kitaplari","7":"pa_cilt-ciltsiz","8":"pa_tur-kitap","9":"pa_yayinevi-muzik-egitimi-yayinlari","10":"pa_yazar-deniz-ozdamar","12":"first","13":"instock","14":"sale","15":"shipping-taxable","16":"purchasable","17":"product-type-simple"},"_links":{"self":[{"href":"https:\/\/roveyayinevi.com.tr\/index.php\/wp-json\/wp\/v2\/product\/765228","targetHints":{"allow":["GET"]}}],"collection":[{"href":"https:\/\/roveyayinevi.com.tr\/index.php\/wp-json\/wp\/v2\/product"}],"about":[{"href":"https:\/\/roveyayinevi.com.tr\/index.php\/wp-json\/wp\/v2\/types\/product"}],"wp:attachment":[{"href":"https:\/\/roveyayinevi.com.tr\/index.php\/wp-json\/wp\/v2\/media?parent=765228"}],"wp:term":[{"taxonomy":"product_brand","embeddable":true,"href":"https:\/\/roveyayinevi.com.tr\/index.php\/wp-json\/wp\/v2\/product_brand?post=765228"},{"taxonomy":"product_cat","embeddable":true,"href":"https:\/\/roveyayinevi.com.tr\/index.php\/wp-json\/wp\/v2\/product_cat?post=765228"},{"taxonomy":"product_tag","embeddable":true,"href":"https:\/\/roveyayinevi.com.tr\/index.php\/wp-json\/wp\/v2\/product_tag?post=765228"}],"curies":[{"name":"wp","href":"https:\/\/api.w.org\/{rel}","templated":true}]}}