{"id":765226,"date":"2025-08-28T11:35:56","date_gmt":"2025-08-28T08:35:56","guid":{"rendered":"https:\/\/roveyayinevi.com.tr\/index.php\/urun\/anadoludan-ezgiler-keman-icin-piyano-eslikli-turkuler\/"},"modified":"2026-04-15T03:30:57","modified_gmt":"2026-04-15T00:30:57","slug":"anadoludan-ezgiler-keman-icin-piyano-eslikli-turkuler","status":"publish","type":"product","link":"https:\/\/roveyayinevi.com.tr\/index.php\/urun\/anadoludan-ezgiler-keman-icin-piyano-eslikli-turkuler\/","title":{"rendered":"Anadolu\u2019dan Ezgiler \u2013 Keman i\u00e7in Piyano E\u015flikli T\u00fcrk\u00fcler"},"content":{"rendered":"<p>Melodies From Anatolia &#8211; Turkish Folk Songs for Violin and Piano Ezgi Y\u00fcr\u00fcmez Bu kitap, klasik m\u00fczik keman e\u011fitiminin disiplinli yakla\u015f\u0131m\u0131n\u0131, Anadolu\u2019nun \u00f6zg\u00fcn melodik yap\u0131s\u0131yla birle\u015ftirerek, \u00f6\u011frencilere \u00e7ok y\u00f6nl\u00fc bir m\u00fczikal geli\u015fim sa\u011flamay\u0131 hedeflemektedir. T\u00fcrk\u00fclerin keman ve piyano i\u00e7in d\u00fczenlenmi\u015f uyarlamalar\u0131, \u00f6\u011frencilerin hem teknik becerilerini geli\u015ftirmelerine hem de halk m\u00fczi\u011finin melodik ve ritmik zenginliklerini ke\u015ffetmelerine olanak sa\u011flayacakt\u0131r. Kitapta ait oldu\u011fu b\u00f6lgenin tarihsel ve k\u00fclt\u00fcrel izlerini ta\u015f\u0131rken, keman\u0131n t\u0131n\u0131s\u0131nda yeniden can bulan toplam 9 t\u00fcrk\u00fc yer almaktad\u0131r. Bu t\u00fcrk\u00fcler \u015funlard\u0131r: Kayta\u011f\u0131, Sabah\u0131n Seherinde \u00d6t\u00fcyor Ku\u015flar, \u00c7\u0131kay\u0131m Gideyim Urum Eline, Bah\u00e7ada Ye\u015fil \u00c7\u0131nar, Elmalar\u0131n Yongas\u0131, Gerizler Ba\u015f\u0131, Pancar Pezik De\u011fil mi, Ba\u011flamam Perde Perde, Ben Kendimi G\u00fcl\u00fcn Dibinde Buldum. * * * \u00c7ok sevin\u00e7 duyuyorum. De\u011ferli Ezgi Y\u00fcr\u00fcmez; bu \u00f6zg\u00fcn kitab\u0131yla y\u00f6relerimize, t\u00f6relerimize, yurdumuza y\u00fcreklice bir ilgiyle candan kulak veriyor. T\u00fcrk\u00fclerimizden yapt\u0131\u011f\u0131 se\u00e7kiyle t\u00fcrk\u00fclerin; topra\u011f\u0131 yurt yapan de\u011ferinin, ya\u015fanm\u0131\u015f hik\u00e2yelerin ta\u015f\u0131y\u0131c\u0131l\u0131\u011f\u0131n\u0131n, ba\u011fl\u0131l\u0131k, aidiyet, birlik olma bilincinin k\u00f6klerini, tutkal\u0131n\u0131, m\u00fczi\u011fin sa\u011falt\u0131c\u0131 g\u00fcc\u00fcn\u00fc duyumsat\u0131yor. Ger\u00e7eklikle alt\u0131n\u0131 \u00e7iziyor. \u00d6\u011frencilere g\u00fczel bir \u00f6\u011freti sunuyor. Enstr\u00fcman kullanma becerisi yetmez! Evrenselden yerele, yerelden evrensele, devinen m\u00fczi\u011fin anlam g\u00fcc\u00fcn\u00fc arma\u011fan ediyor, derinli\u011fe davet ediyor. Salt i\u015fitmek de\u011fil, duymak; salt kalp de\u011fil, y\u00fcrek; salt beyin de\u011fil, zihin diye hayk\u0131r\u0131yor. T\u00fcrk\u00fc \u00e7\u0131\u011f\u0131r\u0131l\u0131r (\u00e7\u0131\u011fl\u0131klar, ac\u0131lar, sevin\u00e7ler, an\u0131lar). T\u00fcrk\u00fcler insan\u0131 insana \u00e7a\u011f\u0131r\u0131r. T\u00fcm m\u00fczik organizmalar\u0131na can verir. Her okula, her eve, her ele yak\u0131\u015fs\u0131n, yap\u0131\u015fs\u0131n dilerim. Dr. Osman SE\u00c7K\u0130N \/ Psikiyatrist-Psikoterapist \/Art Terapist-Yazar <\/p>\n","protected":false},"excerpt":{"rendered":"<p>Melodies From Anatolia &#8211; Turkish Folk Songs for Violin and Piano Ezgi Y\u00fcr\u00fcmez Bu kitap, klasik m\u00fczik keman e\u011fitiminin disiplinli yakla\u015f\u0131m\u0131n\u0131, Anadolu\u2019nun \u00f6zg\u00fcn melodik yap\u0131s\u0131yla birle\u015ftirerek,<span class=\"excerpt-hellip\"> [\u2026]<\/span><\/p>\n","protected":false},"featured_media":0,"template":"","meta":{"_monsterinsights_skip_tracking":false,"_monsterinsights_sitenote_active":false,"_monsterinsights_sitenote_note":"","_monsterinsights_sitenote_category":0},"product_brand":[],"product_cat":[14556],"product_tag":[],"class_list":{"0":"post-765226","1":"product","2":"type-product","3":"status-publish","5":"product_cat-muzik","6":"pa_cilt-ciltsiz","7":"pa_tur-kitap","8":"pa_yayinevi-muzik-egitimi-yayinlari","9":"pa_yazar-ezgi-yurumez","11":"first","12":"instock","13":"sale","14":"shipping-taxable","15":"purchasable","16":"product-type-simple"},"_links":{"self":[{"href":"https:\/\/roveyayinevi.com.tr\/index.php\/wp-json\/wp\/v2\/product\/765226","targetHints":{"allow":["GET"]}}],"collection":[{"href":"https:\/\/roveyayinevi.com.tr\/index.php\/wp-json\/wp\/v2\/product"}],"about":[{"href":"https:\/\/roveyayinevi.com.tr\/index.php\/wp-json\/wp\/v2\/types\/product"}],"wp:attachment":[{"href":"https:\/\/roveyayinevi.com.tr\/index.php\/wp-json\/wp\/v2\/media?parent=765226"}],"wp:term":[{"taxonomy":"product_brand","embeddable":true,"href":"https:\/\/roveyayinevi.com.tr\/index.php\/wp-json\/wp\/v2\/product_brand?post=765226"},{"taxonomy":"product_cat","embeddable":true,"href":"https:\/\/roveyayinevi.com.tr\/index.php\/wp-json\/wp\/v2\/product_cat?post=765226"},{"taxonomy":"product_tag","embeddable":true,"href":"https:\/\/roveyayinevi.com.tr\/index.php\/wp-json\/wp\/v2\/product_tag?post=765226"}],"curies":[{"name":"wp","href":"https:\/\/api.w.org\/{rel}","templated":true}]}}