{"id":765224,"date":"2025-08-28T11:35:53","date_gmt":"2025-08-28T08:35:53","guid":{"rendered":"https:\/\/roveyayinevi.com.tr\/index.php\/urun\/simdi-gitar-calma-zamani-1\/"},"modified":"2026-04-15T03:30:57","modified_gmt":"2026-04-15T00:30:57","slug":"simdi-gitar-calma-zamani-1","status":"publish","type":"product","link":"https:\/\/roveyayinevi.com.tr\/index.php\/urun\/simdi-gitar-calma-zamani-1\/","title":{"rendered":"\u015eimdi Gitar \u00c7alma Zaman\u0131 &#8211; 1"},"content":{"rendered":"<p>M\u00fczik e\u011fitimime \u00e7ok k\u00fc\u00e7\u00fck ya\u015fta piyano \u00e7alarak ba\u015flad\u0131m.9 ya\u015f\u0131ndayken ise gitar\u0131 se\u00e7tim. Piyanonun aksine, gitar\u0131 \u00e7alarken sa\u011f elin ve sol elin kullan\u0131m\u0131 olduk\u00e7a farkl\u0131d\u0131r. Sadece sa\u011f eli kullanarak, 6 nota \u00e7alabiliriz, yani 6 tane bo\u015f teli \u00e7alabiliriz. Di\u011fer notalar\u0131 \u00e7almak i\u00e7in sol elin 4 parma\u011f\u0131 ile tellere, farkl\u0131 perdelerin belirli yerlerine denk gelecek \u015fekilde, basmal\u0131y\u0131z. Temiz bir ses elde etmek i\u00e7in iki elin de koordinasyonu gereklidir. Bu nedenle, bu kitab\u0131n yar\u0131s\u0131ndan fazlas\u0131, iki elin temel tekni\u011fini, nota okumay\u0131 ve temel m\u00fczik bilgisini peki\u015ftirmek ad\u0131na, ilk 3 telin do\u011fru kullan\u0131m\u0131na ayr\u0131lm\u0131\u015ft\u0131r.   Farkl\u0131 teknikler, iki elin koordinasyonu iyi bir \u015fekilde sa\u011fland\u0131ktan sonra ele al\u0131nacakt\u0131r. Mireille Terashima ile birlikte haz\u0131rlanan bu kitap, yeni ba\u015flayanlar i\u00e7indir. Her par\u00e7ay\u0131 \u00e7al\u0131\u015fmak i\u00e7in zaman ay\u0131rman\u0131z \u00f6nerilir. * * * Hiroki Terashima ile 1981 y\u0131l\u0131nda \u0130spanya\u2019n\u0131n Alicante \u015fehrinde tan\u0131\u015ft\u0131k. O da Maestro Jose Tomas ile \u00e7al\u0131\u015fmak i\u00e7in Japonay\u2019dan gelmi\u015fti. \u00c7ok iyi bir gitarist olan Terashima ayn\u0131 zamanda disiplinli ve organize bir ki\u015filiktir. Gitar ailesinin gitardan \u00f6nceki sazlar\u0131n\u0131 da \u00e7ok iyi incelemi\u015f ve icra etmi\u015ftir. Ayr\u0131ca \u00e7a\u011fda\u015f m\u00fczi\u011fe kadar repertuvara \u00e7ok hakimdir. Y\u0131llar i\u00e7erisinde yaz\u0131lm\u0131\u015f metotlar\u0131n tamam\u0131n\u0131 incelemi\u015f ve sonucunda kendisi bir metot yazmaya karar vermi\u015ftir. Tabii ki \u00e7ok faydalan\u0131lacak \u00e7al\u0131\u015fma olmu\u015ftur. Tamam\u0131 3 fasik\u00fcl olan bu metodun a\u015famal\u0131 olarak gitarist adaylar\u0131na \u00e7ok yararl\u0131 olaca\u011f\u0131 d\u00fc\u015f\u00fcncesindeyim. Ahmet Kanneci 7.10.2024 <\/p>\n","protected":false},"excerpt":{"rendered":"<p>M\u00fczik e\u011fitimime \u00e7ok k\u00fc\u00e7\u00fck ya\u015fta piyano \u00e7alarak ba\u015flad\u0131m.9 ya\u015f\u0131ndayken ise gitar\u0131 se\u00e7tim. Piyanonun aksine, gitar\u0131 \u00e7alarken sa\u011f elin ve sol elin kullan\u0131m\u0131 olduk\u00e7a farkl\u0131d\u0131r. Sadece sa\u011f<span class=\"excerpt-hellip\"> [\u2026]<\/span><\/p>\n","protected":false},"featured_media":0,"template":"","meta":{"_monsterinsights_skip_tracking":false,"_monsterinsights_sitenote_active":false,"_monsterinsights_sitenote_note":"","_monsterinsights_sitenote_category":0},"product_brand":[],"product_cat":[14556,20810],"product_tag":[],"class_list":{"0":"post-765224","1":"product","2":"type-product","3":"status-publish","5":"product_cat-muzik","6":"product_cat-ogrenim-kitaplari","7":"pa_cilt-ciltsiz","8":"pa_tur-kitap","9":"pa_yayinevi-muzik-egitimi-yayinlari","10":"pa_yazar-hiroki-terashima-mireille-terashima","12":"first","13":"instock","14":"sale","15":"shipping-taxable","16":"purchasable","17":"product-type-simple"},"_links":{"self":[{"href":"https:\/\/roveyayinevi.com.tr\/index.php\/wp-json\/wp\/v2\/product\/765224","targetHints":{"allow":["GET"]}}],"collection":[{"href":"https:\/\/roveyayinevi.com.tr\/index.php\/wp-json\/wp\/v2\/product"}],"about":[{"href":"https:\/\/roveyayinevi.com.tr\/index.php\/wp-json\/wp\/v2\/types\/product"}],"wp:attachment":[{"href":"https:\/\/roveyayinevi.com.tr\/index.php\/wp-json\/wp\/v2\/media?parent=765224"}],"wp:term":[{"taxonomy":"product_brand","embeddable":true,"href":"https:\/\/roveyayinevi.com.tr\/index.php\/wp-json\/wp\/v2\/product_brand?post=765224"},{"taxonomy":"product_cat","embeddable":true,"href":"https:\/\/roveyayinevi.com.tr\/index.php\/wp-json\/wp\/v2\/product_cat?post=765224"},{"taxonomy":"product_tag","embeddable":true,"href":"https:\/\/roveyayinevi.com.tr\/index.php\/wp-json\/wp\/v2\/product_tag?post=765224"}],"curies":[{"name":"wp","href":"https:\/\/api.w.org\/{rel}","templated":true}]}}