{"id":765222,"date":"2025-08-28T11:35:49","date_gmt":"2025-08-28T08:35:49","guid":{"rendered":"https:\/\/roveyayinevi.com.tr\/index.php\/urun\/casuslar-sahili\/"},"modified":"2026-04-15T03:30:57","modified_gmt":"2026-04-15T00:30:57","slug":"casuslar-sahili","status":"publish","type":"product","link":"https:\/\/roveyayinevi.com.tr\/index.php\/urun\/casuslar-sahili\/","title":{"rendered":"Casuslar Sahili"},"content":{"rendered":"<p>TESS GERRITSEN\u2019DAN YEPYEN\u0130 B\u0130R SER\u0130 Martini Kulu\u0308bu\u0308 serisinin ilk roman\u0131 Casuslar Sahili Maggie Bird, sahil kasabas\u0131 Purity\u2019de ya\u015fayan emekli bir casustur. \u00c7iftli\u011finde sakin bir hayat su\u0308rer ve ge\u00e7mi\u015finden hi\u00e7 bahsetmez. Ancak bir gu\u0308n kimli\u011fi belirsiz bir ceset kap\u0131s\u0131na b\u0131rak\u0131ld\u0131\u011f\u0131nda, Maggie bunun ge\u00e7mi\u015fiyle ba\u011flant\u0131l\u0131 bir mesaj oldu\u011funu anlar. Uzun zaman \u00f6nce par\u00e7as\u0131 oldu\u011fu ba\u015far\u0131s\u0131z bir operasyon hem casusluk kariyerini bitirmi\u015f hem de ac\u0131 bir kayba mal olmu\u015ftur. Maggie hayatta kalmak i\u00e7in pe\u015fine du\u0308\u015fenleri bulmak zorundad\u0131r. Ayn\u0131 kasabada ya\u015fayan u\u0308\u00e7 eski casus arkada\u015f\u0131n\u0131n (kim olduklar\u0131n\u0131 ve neler kar\u0131\u015ft\u0131rd\u0131klar\u0131n\u0131 soran olursa Martini Kulu\u0308bu\u0308) yard\u0131m\u0131yla, Bangkok\u2019tan \u0130stanbul\u2019a, Londra\u2019dan Malta\u2019ya uzanan gizli g\u00f6rev yerlerine yeniden u\u011fray\u0131p ge\u00e7mi\u015fin hayaletleriyle yu\u0308zle\u015fecektir. <\/p>\n","protected":false},"excerpt":{"rendered":"<p>TESS GERRITSEN\u2019DAN YEPYEN\u0130 B\u0130R SER\u0130 Martini Kulu\u0308bu\u0308 serisinin ilk roman\u0131 Casuslar Sahili Maggie Bird, sahil kasabas\u0131 Purity\u2019de ya\u015fayan emekli bir casustur. \u00c7iftli\u011finde sakin bir hayat su\u0308rer<span class=\"excerpt-hellip\"> [\u2026]<\/span><\/p>\n","protected":false},"featured_media":0,"template":"","meta":{"_monsterinsights_skip_tracking":false,"_monsterinsights_sitenote_active":false,"_monsterinsights_sitenote_note":"","_monsterinsights_sitenote_category":0},"product_brand":[],"product_cat":[12291,15445],"product_tag":[],"class_list":{"0":"post-765222","1":"product","2":"type-product","3":"status-publish","5":"product_cat-edebiyat","6":"product_cat-polisiye","7":"pa_cilt-ciltsiz","8":"pa_tur-kitap","9":"pa_yayinevi-dogan-kitap","10":"pa_yazar-tess-gerritsen","12":"first","13":"instock","14":"sale","15":"shipping-taxable","16":"purchasable","17":"product-type-simple"},"_links":{"self":[{"href":"https:\/\/roveyayinevi.com.tr\/index.php\/wp-json\/wp\/v2\/product\/765222","targetHints":{"allow":["GET"]}}],"collection":[{"href":"https:\/\/roveyayinevi.com.tr\/index.php\/wp-json\/wp\/v2\/product"}],"about":[{"href":"https:\/\/roveyayinevi.com.tr\/index.php\/wp-json\/wp\/v2\/types\/product"}],"wp:attachment":[{"href":"https:\/\/roveyayinevi.com.tr\/index.php\/wp-json\/wp\/v2\/media?parent=765222"}],"wp:term":[{"taxonomy":"product_brand","embeddable":true,"href":"https:\/\/roveyayinevi.com.tr\/index.php\/wp-json\/wp\/v2\/product_brand?post=765222"},{"taxonomy":"product_cat","embeddable":true,"href":"https:\/\/roveyayinevi.com.tr\/index.php\/wp-json\/wp\/v2\/product_cat?post=765222"},{"taxonomy":"product_tag","embeddable":true,"href":"https:\/\/roveyayinevi.com.tr\/index.php\/wp-json\/wp\/v2\/product_tag?post=765222"}],"curies":[{"name":"wp","href":"https:\/\/api.w.org\/{rel}","templated":true}]}}