{"id":765219,"date":"2025-08-28T11:35:43","date_gmt":"2025-08-28T08:35:43","guid":{"rendered":"https:\/\/roveyayinevi.com.tr\/index.php\/urun\/koftehor\/"},"modified":"2026-04-15T03:30:56","modified_gmt":"2026-04-15T00:30:56","slug":"koftehor","status":"publish","type":"product","link":"https:\/\/roveyayinevi.com.tr\/index.php\/urun\/koftehor\/","title":{"rendered":"K\u00f6ftehor"},"content":{"rendered":"<p>&#8220;K\u00f6ftehor&#8221;, sevimli bir minik olan K\u00f6ftehor\u2019un hikayesini anlat\u0131yor. K\u00f6ftehor, k\u00f6fteden ba\u015fka hi\u00e7bir \u015fey yemeyi sevmeyen bir karakter. Ancak hikaye, onun sebzelerle tan\u0131\u015fmas\u0131n\u0131 ve zamanla sebzeleri de sevmeye ba\u015flamas\u0131n\u0131 konu al\u0131yor. Her g\u00fcn farkl\u0131 sebzeli k\u00f6ftelerle kar\u015f\u0131la\u015fan K\u00f6ftehor, sadece k\u00f6ftelerin de\u011fil, sebzelerin de ne kadar lezzetli olabilece\u011fini ke\u015ffediyor. Bu s\u00fcre\u00e7te, sa\u011fl\u0131kl\u0131 beslenmenin e\u011flenceli ve lezzetli olabilece\u011fini \u00f6\u011freniyor. Kitap, \u00e7ocuklara hem k\u00f6fteleri hem de sebzeleri sevdirecek e\u011flenceli bir hikaye sunuyor.   Neden Okumal\u0131s\u0131n\u0131z? E\u011fitici ve E\u011flenceli: \u00c7ocuklar\u0131n sebze sevgisini kazanmalar\u0131 i\u00e7in m\u00fckemmel bir yol sunuyor. Sa\u011fl\u0131kl\u0131 beslenmenin keyifli olabilece\u011fini, e\u011flenceli anlat\u0131m\u0131yla \u00e7ocuklar\u0131n ilgisini \u00e7ekiyor. De\u011ferler E\u011fitimi: Ho\u015fg\u00f6r\u00fc, ke\u015ffetme ve yeni \u015feyler deneme cesareti gibi \u00f6nemli de\u011ferler, bu hikaye ile minik okuyuculara kazand\u0131r\u0131l\u0131yor. Yarat\u0131c\u0131 ve Keyifli: K\u00f6ftehor\u2019un her g\u00fcn yeni bir sebzeli k\u00f6fteyi ke\u015ffetmesi, \u00e7ocuklar\u0131n merak duygusunu art\u0131r\u0131yor. Sa\u011fl\u0131kl\u0131 Ya\u015fam Bilinci: Kitap, sa\u011fl\u0131kl\u0131 beslenmenin keyifli ve lezzetli olabilece\u011fi mesaj\u0131n\u0131 vererek \u00e7ocuklarda bu bilinci erken ya\u015fta olu\u015fturmaya yard\u0131mc\u0131 oluyor.<\/p>\n","protected":false},"excerpt":{"rendered":"<p>&#8220;K\u00f6ftehor&#8221;, sevimli bir minik olan K\u00f6ftehor\u2019un hikayesini anlat\u0131yor. K\u00f6ftehor, k\u00f6fteden ba\u015fka hi\u00e7bir \u015fey yemeyi sevmeyen bir karakter. Ancak hikaye, onun sebzelerle tan\u0131\u015fmas\u0131n\u0131 ve zamanla sebzeleri de<span class=\"excerpt-hellip\"> [\u2026]<\/span><\/p>\n","protected":false},"featured_media":0,"template":"","meta":{"_monsterinsights_skip_tracking":false,"_monsterinsights_sitenote_active":false,"_monsterinsights_sitenote_note":"","_monsterinsights_sitenote_category":0},"product_brand":[],"product_cat":[12274,15842],"product_tag":[],"class_list":{"0":"post-765219","1":"product","2":"type-product","3":"status-publish","5":"product_cat-cocuk-ve-genclik-kitaplari","6":"product_cat-egitici-kitaplar","7":"pa_cilt-ciltsiz","8":"pa_tur-kitap","9":"pa_yayinevi-bambuk-yayinevi","10":"pa_yazar-pinar-delul-celen","12":"first","13":"instock","14":"sale","15":"shipping-taxable","16":"purchasable","17":"product-type-simple"},"_links":{"self":[{"href":"https:\/\/roveyayinevi.com.tr\/index.php\/wp-json\/wp\/v2\/product\/765219","targetHints":{"allow":["GET"]}}],"collection":[{"href":"https:\/\/roveyayinevi.com.tr\/index.php\/wp-json\/wp\/v2\/product"}],"about":[{"href":"https:\/\/roveyayinevi.com.tr\/index.php\/wp-json\/wp\/v2\/types\/product"}],"wp:attachment":[{"href":"https:\/\/roveyayinevi.com.tr\/index.php\/wp-json\/wp\/v2\/media?parent=765219"}],"wp:term":[{"taxonomy":"product_brand","embeddable":true,"href":"https:\/\/roveyayinevi.com.tr\/index.php\/wp-json\/wp\/v2\/product_brand?post=765219"},{"taxonomy":"product_cat","embeddable":true,"href":"https:\/\/roveyayinevi.com.tr\/index.php\/wp-json\/wp\/v2\/product_cat?post=765219"},{"taxonomy":"product_tag","embeddable":true,"href":"https:\/\/roveyayinevi.com.tr\/index.php\/wp-json\/wp\/v2\/product_tag?post=765219"}],"curies":[{"name":"wp","href":"https:\/\/api.w.org\/{rel}","templated":true}]}}