{"id":765216,"date":"2025-08-28T11:35:38","date_gmt":"2025-08-28T08:35:38","guid":{"rendered":"https:\/\/roveyayinevi.com.tr\/index.php\/urun\/memleket-manzaralari\/"},"modified":"2026-04-15T03:30:56","modified_gmt":"2026-04-15T00:30:56","slug":"memleket-manzaralari","status":"publish","type":"product","link":"https:\/\/roveyayinevi.com.tr\/index.php\/urun\/memleket-manzaralari\/","title":{"rendered":"Memleket Manzaralar\u0131"},"content":{"rendered":"<p>Anadolu\u2019nun dayan\u0131\u015fma gelene\u011fine dokunmaya ve bu topraklar\u0131n yu\u0308zy\u0131llard\u0131r ya\u015fatt\u0131\u011f\u0131 birlik ruhunu yeniden ke\u015ffetmeye haz\u0131r m\u0131s\u0131n\u0131z?   Memleket Manzaralar\u0131\u2019nda, \u201cAvrupa Siyaset Okulu\u201d program mezunlar\u0131 bu topraklar\u0131n dayan\u0131\u015fma ku\u0308ltu\u0308ru\u0308nu\u0308n \u00f6zgu\u0308n ve ilham verici deneyimlerini bizlerle payla\u015f\u0131yor. \u015e\u00f6lenlere ve e\u011flencelere kat\u0131l\u0131yor, ekmek pi\u015firip sofralar kuruyor, evler yap\u0131p daireler sat\u0131n al\u0131yor, ya\u015fl\u0131lar\u0131 ziyaret edip yoksullara yard\u0131m ediyor ve yetimlerle birlikte kamp yap\u0131yorlar. Anlayaca\u011f\u0131n\u0131z \u00e7ok uzaklardaki de\u011ferleri tam i\u00e7imizde hissettirip k\u0131ymetlerini en saf bi\u00e7imde g\u00f6zler \u00f6nu\u0308ne seriyorlar.   \u201cZor zamanlardan ge\u00e7iyoruz. Kar\u015f\u0131 kar\u015f\u0131ya oldu\u011fumuz ve olaca\u011f\u0131m\u0131z tu\u0308m bu krizlerle ba\u015fa \u00e7\u0131kabilmek i\u00e7in ge\u00e7mi\u015f deneyim ve pratiklerin hat\u0131rlanmas\u0131 bu\u0308yu\u0308k \u00f6nem ta\u015f\u0131yor. Elinizdeki se\u00e7kiyi bu amaca uygun, Avrupa Siyaset Okulu mezunlar\u0131n\u0131n tarih ve co\u011frafya i\u00e7inde \u00e7\u0131kt\u0131klar\u0131 ke\u015ffi n gu\u0308ncesi olarak g\u00f6rebilirsiniz\u2026\u201d Ula\u015f Bayraktar <\/p>\n","protected":false},"excerpt":{"rendered":"<p>Anadolu\u2019nun dayan\u0131\u015fma gelene\u011fine dokunmaya ve bu topraklar\u0131n yu\u0308zy\u0131llard\u0131r ya\u015fatt\u0131\u011f\u0131 birlik ruhunu yeniden ke\u015ffetmeye haz\u0131r m\u0131s\u0131n\u0131z? Memleket Manzaralar\u0131\u2019nda, \u201cAvrupa Siyaset Okulu\u201d program mezunlar\u0131 bu topraklar\u0131n dayan\u0131\u015fma ku\u0308ltu\u0308ru\u0308nu\u0308n<span class=\"excerpt-hellip\"> [\u2026]<\/span><\/p>\n","protected":false},"featured_media":0,"template":"","meta":{"_monsterinsights_skip_tracking":false,"_monsterinsights_sitenote_active":false,"_monsterinsights_sitenote_note":"","_monsterinsights_sitenote_category":0},"product_brand":[],"product_cat":[12325,12324],"product_tag":[],"class_list":{"0":"post-765216","1":"product","2":"type-product","3":"status-publish","5":"product_cat-diger-sosyoloji","6":"product_cat-sosyoloji","7":"pa_cilt-ciltsiz","8":"pa_tur-kitap","9":"pa_yayinevi-dogan-kitap","10":"pa_yazar-kolektif","12":"first","13":"instock","14":"sale","15":"shipping-taxable","16":"purchasable","17":"product-type-simple"},"_links":{"self":[{"href":"https:\/\/roveyayinevi.com.tr\/index.php\/wp-json\/wp\/v2\/product\/765216","targetHints":{"allow":["GET"]}}],"collection":[{"href":"https:\/\/roveyayinevi.com.tr\/index.php\/wp-json\/wp\/v2\/product"}],"about":[{"href":"https:\/\/roveyayinevi.com.tr\/index.php\/wp-json\/wp\/v2\/types\/product"}],"wp:attachment":[{"href":"https:\/\/roveyayinevi.com.tr\/index.php\/wp-json\/wp\/v2\/media?parent=765216"}],"wp:term":[{"taxonomy":"product_brand","embeddable":true,"href":"https:\/\/roveyayinevi.com.tr\/index.php\/wp-json\/wp\/v2\/product_brand?post=765216"},{"taxonomy":"product_cat","embeddable":true,"href":"https:\/\/roveyayinevi.com.tr\/index.php\/wp-json\/wp\/v2\/product_cat?post=765216"},{"taxonomy":"product_tag","embeddable":true,"href":"https:\/\/roveyayinevi.com.tr\/index.php\/wp-json\/wp\/v2\/product_tag?post=765216"}],"curies":[{"name":"wp","href":"https:\/\/api.w.org\/{rel}","templated":true}]}}