{"id":765208,"date":"2025-08-28T11:35:21","date_gmt":"2025-08-28T08:35:21","guid":{"rendered":"https:\/\/roveyayinevi.com.tr\/index.php\/urun\/sirinler-ile-buyumek-12-usta-sirin-esyalarini-odunc-vermek-istemiyor\/"},"modified":"2026-04-15T03:30:56","modified_gmt":"2026-04-15T00:30:56","slug":"sirinler-ile-buyumek-12-usta-sirin-esyalarini-odunc-vermek-istemiyor","status":"publish","type":"product","link":"https:\/\/roveyayinevi.com.tr\/index.php\/urun\/sirinler-ile-buyumek-12-usta-sirin-esyalarini-odunc-vermek-istemiyor\/","title":{"rendered":"\u015eirinler \u0130le B\u00fcy\u00fcmek &#8211; 12 Usta \u015eirin  E\u015fyalar\u0131n\u0131 \u00d6d\u00fcn\u00e7 Vermek \u0130stemiyor"},"content":{"rendered":"<p>\u015eirinler K\u00f6y\u00fc\u2019nde herkes \u015funu bilir: bir alete ihtiyaca duyuldu\u011funda Usta \u015eirin\u2019den \u00f6d\u00fcn\u00e7 al\u0131n\u0131r! Ama di\u011fer \u015eirinler ald\u0131klar\u0131n\u0131 Usta \u015eirin\u2019e geri getirmeyi \u00e7o\u011funlukla unutuyor. Bu y\u00fczden Usta \u015eirin bundan b\u00f6yle e\u015fyalar\u0131n\u0131 kimseye \u00f6d\u00fcn\u00e7 vermeme karar\u0131 al\u0131yor! Di\u011ferlerinin ger\u00e7ekten ihtiyac\u0131 olsa bile&#8230; C\u00f6mertlik ve sayg\u0131 aras\u0131ndaki dengeyi bulmak her zaman kolay olmuyor\u2026    EL\u0130NDEK\u0130 K\u0130TAP \u00d6D\u00dcN\u00c7 ALMANIN VE \u00d6D\u00dcN\u00c7 VERMEN\u0130N ANLAMINI \u00d6\u011eRENMEN \u0130\u00c7\u0130N VAR!   \u00c7ocukluk d\u00f6nemi sorunlar\u0131 konusunda uzman psikolog ve psikanalist Diane Drory taraf\u0131ndan yaz\u0131lm\u0131\u015f ve \u00e7ocuklarla diyalog kurmaya yard\u0131mc\u0131, e\u011fitici bilgilerle&#8230;<\/p>\n","protected":false},"excerpt":{"rendered":"<p>\u015eirinler K\u00f6y\u00fc\u2019nde herkes \u015funu bilir: bir alete ihtiyaca duyuldu\u011funda Usta \u015eirin\u2019den \u00f6d\u00fcn\u00e7 al\u0131n\u0131r! Ama di\u011fer \u015eirinler ald\u0131klar\u0131n\u0131 Usta \u015eirin\u2019e geri getirmeyi \u00e7o\u011funlukla unutuyor. Bu y\u00fczden Usta<span class=\"excerpt-hellip\"> [\u2026]<\/span><\/p>\n","protected":false},"featured_media":0,"template":"","meta":{"_monsterinsights_skip_tracking":false,"_monsterinsights_sitenote_active":false,"_monsterinsights_sitenote_note":"","_monsterinsights_sitenote_category":0},"product_brand":[],"product_cat":[12689,12274],"product_tag":[],"class_list":{"0":"post-765208","1":"product","2":"type-product","3":"status-publish","5":"product_cat-cizgi-roman-cocuk-ve-genclik-kitaplari","6":"product_cat-cocuk-ve-genclik-kitaplari","7":"pa_cilt-ciltsiz","8":"pa_tur-kitap","9":"pa_yayinevi-buyulu-fener-yayinlari","10":"pa_yazar-kolektif","12":"first","13":"instock","14":"sale","15":"shipping-taxable","16":"purchasable","17":"product-type-simple"},"_links":{"self":[{"href":"https:\/\/roveyayinevi.com.tr\/index.php\/wp-json\/wp\/v2\/product\/765208","targetHints":{"allow":["GET"]}}],"collection":[{"href":"https:\/\/roveyayinevi.com.tr\/index.php\/wp-json\/wp\/v2\/product"}],"about":[{"href":"https:\/\/roveyayinevi.com.tr\/index.php\/wp-json\/wp\/v2\/types\/product"}],"wp:attachment":[{"href":"https:\/\/roveyayinevi.com.tr\/index.php\/wp-json\/wp\/v2\/media?parent=765208"}],"wp:term":[{"taxonomy":"product_brand","embeddable":true,"href":"https:\/\/roveyayinevi.com.tr\/index.php\/wp-json\/wp\/v2\/product_brand?post=765208"},{"taxonomy":"product_cat","embeddable":true,"href":"https:\/\/roveyayinevi.com.tr\/index.php\/wp-json\/wp\/v2\/product_cat?post=765208"},{"taxonomy":"product_tag","embeddable":true,"href":"https:\/\/roveyayinevi.com.tr\/index.php\/wp-json\/wp\/v2\/product_tag?post=765208"}],"curies":[{"name":"wp","href":"https:\/\/api.w.org\/{rel}","templated":true}]}}