{"id":765207,"date":"2025-08-28T11:35:20","date_gmt":"2025-08-28T08:35:20","guid":{"rendered":"https:\/\/roveyayinevi.com.tr\/index.php\/urun\/dunyamiz-hakkinda-bilmeniz-gereken-150-super-akillica-sey\/"},"modified":"2026-04-15T03:30:56","modified_gmt":"2026-04-15T00:30:56","slug":"dunyamiz-hakkinda-bilmeniz-gereken-150-super-akillica-sey","status":"publish","type":"product","link":"https:\/\/roveyayinevi.com.tr\/index.php\/urun\/dunyamiz-hakkinda-bilmeniz-gereken-150-super-akillica-sey\/","title":{"rendered":"D\u00fcnyam\u0131z Hakk\u0131nda Bilmeniz Gereken 150 S\u00fcper Ak\u0131ll\u0131ca \u015eey"},"content":{"rendered":"<p>D\u00dcNYANIN EN E\u011eLENCEL\u0130 GER\u00c7EKLER ANS\u0130KLOPED\u0130S\u0130 R\u00fczg\u00e2ra g\u00fcne\u015f mi sebep olur? Nil nehri d\u00fcnyadaki en uzun nehir midir? Bakterileri nas\u0131l \u00f6ld\u00fcr\u00fcrs\u00fcn\u00fcz? A\u011fa\u00e7lar geceleri uyur mu? \u00c7OK DAHA FAZLASINI \u00d6\u011eRENMEYE HAZIR MISINIZ?<\/p>\n","protected":false},"excerpt":{"rendered":"<p>D\u00dcNYANIN EN E\u011eLENCEL\u0130 GER\u00c7EKLER ANS\u0130KLOPED\u0130S\u0130 R\u00fczg\u00e2ra g\u00fcne\u015f mi sebep olur? Nil nehri d\u00fcnyadaki en uzun nehir midir? Bakterileri nas\u0131l \u00f6ld\u00fcr\u00fcrs\u00fcn\u00fcz? A\u011fa\u00e7lar geceleri uyur mu? \u00c7OK DAHA<span class=\"excerpt-hellip\"> [\u2026]<\/span><\/p>\n","protected":false},"featured_media":0,"template":"","meta":{"_monsterinsights_skip_tracking":false,"_monsterinsights_sitenote_active":false,"_monsterinsights_sitenote_note":"","_monsterinsights_sitenote_category":0},"product_brand":[],"product_cat":[13005,13006],"product_tag":[],"class_list":{"0":"post-765207","1":"product","2":"type-product","3":"status-publish","5":"product_cat-bilim-muhendislik","6":"product_cat-populer-bilim","7":"pa_cilt-ciltsiz","8":"pa_tur-kitap","9":"pa_yayinevi-orenda","10":"pa_yazar-mathilda-masters","12":"first","13":"instock","14":"sale","15":"shipping-taxable","16":"purchasable","17":"product-type-simple"},"_links":{"self":[{"href":"https:\/\/roveyayinevi.com.tr\/index.php\/wp-json\/wp\/v2\/product\/765207","targetHints":{"allow":["GET"]}}],"collection":[{"href":"https:\/\/roveyayinevi.com.tr\/index.php\/wp-json\/wp\/v2\/product"}],"about":[{"href":"https:\/\/roveyayinevi.com.tr\/index.php\/wp-json\/wp\/v2\/types\/product"}],"wp:attachment":[{"href":"https:\/\/roveyayinevi.com.tr\/index.php\/wp-json\/wp\/v2\/media?parent=765207"}],"wp:term":[{"taxonomy":"product_brand","embeddable":true,"href":"https:\/\/roveyayinevi.com.tr\/index.php\/wp-json\/wp\/v2\/product_brand?post=765207"},{"taxonomy":"product_cat","embeddable":true,"href":"https:\/\/roveyayinevi.com.tr\/index.php\/wp-json\/wp\/v2\/product_cat?post=765207"},{"taxonomy":"product_tag","embeddable":true,"href":"https:\/\/roveyayinevi.com.tr\/index.php\/wp-json\/wp\/v2\/product_tag?post=765207"}],"curies":[{"name":"wp","href":"https:\/\/api.w.org\/{rel}","templated":true}]}}