{"id":765206,"date":"2025-08-28T11:35:19","date_gmt":"2025-08-28T08:35:19","guid":{"rendered":"https:\/\/roveyayinevi.com.tr\/index.php\/urun\/kizilelma-ciltli\/"},"modified":"2026-04-15T03:30:56","modified_gmt":"2026-04-15T00:30:56","slug":"kizilelma-ciltli","status":"publish","type":"product","link":"https:\/\/roveyayinevi.com.tr\/index.php\/urun\/kizilelma-ciltli\/","title":{"rendered":"K\u0131z\u0131lelma (Ciltli)"},"content":{"rendered":"<p>Milletlerin ula\u015fmak istedikleri ideallerine \u00fclk\u00fc, mefk\u00fbre denir. Bir millet mefk\u00fbresi varsa millet olur ve dinamizm kazan\u0131r. K\u0131z\u0131lelma, genel olarak \u201ceri\u015filmesi istenen \u00fclk\u00fc, elde edilmesi ama\u00e7lanan muhayyel yer\u201d anlam\u0131nda kullan\u0131lm\u0131\u015ft\u0131r. T\u00fcrk b\u00fcy\u00fckl\u00fc\u011f\u00fcn\u00fcn, il\u00e2h\u00ee bir gayenin timsali haline gelen K\u0131z\u0131lelma, T\u00fcrk\u2019\u00fcn d\u00fcnyada var olma ve d\u00fcnyaya y\u00f6n vermesinin ad\u0131d\u0131r. K\u0131z\u0131lelma, d\u00fcnyaya hakim olman\u0131n sembol\u00fcd\u00fcr. T\u00fcrk S\u0130HA\u2019lar\u0131 sava\u015f anlay\u0131\u015f\u0131n\u0131 de\u011fi\u015ftirip yeni bir sava\u015f konsepti geli\u015ftirdi. \u0130sl\u00e2m d\u00fcnyas\u0131n\u0131n son as\u0131rlarda askeri sahada yapt\u0131\u011f\u0131 en \u00f6nemli silah olan \u2018S\u0130HA\u2019lar\u0131 \u00fcreten Baykar Teknoloji, sava\u015f alan\u0131nda bir devrim yaratacak insans\u0131z u\u00e7a\u011fa T\u00fcrk tarihinde \u00f6nemli bir yeri olan \u2018K\u0131z\u0131lelma\u2019 ismini verdi. Bu kitapta tarih boyunca T\u00fcrk ordusu, sava\u015f felsefesi, cihan hakimiyeti ve T\u00fcrk d\u00fc\u015f\u00fcncesinin tarihi geli\u015fimi ele al\u0131nm\u0131\u015ft\u0131r. <\/p>\n","protected":false},"excerpt":{"rendered":"<p>Milletlerin ula\u015fmak istedikleri ideallerine \u00fclk\u00fc, mefk\u00fbre denir. Bir millet mefk\u00fbresi varsa millet olur ve dinamizm kazan\u0131r. K\u0131z\u0131lelma, genel olarak \u201ceri\u015filmesi istenen \u00fclk\u00fc, elde edilmesi ama\u00e7lanan muhayyel<span class=\"excerpt-hellip\"> [\u2026]<\/span><\/p>\n","protected":false},"featured_media":0,"template":"","meta":{"_monsterinsights_skip_tracking":false,"_monsterinsights_sitenote_active":false,"_monsterinsights_sitenote_note":"","_monsterinsights_sitenote_category":0},"product_brand":[],"product_cat":[12370,12304],"product_tag":[],"class_list":{"0":"post-765206","1":"product","2":"type-product","3":"status-publish","5":"product_cat-arastirma-inceleme","6":"product_cat-tarih","7":"pa_cilt-ciltli","8":"pa_tur-kitap","9":"pa_yayinevi-yeditepe-yayinevi","10":"pa_yazar-erhan-afyoncu","12":"first","13":"instock","14":"sale","15":"shipping-taxable","16":"purchasable","17":"product-type-simple"},"_links":{"self":[{"href":"https:\/\/roveyayinevi.com.tr\/index.php\/wp-json\/wp\/v2\/product\/765206","targetHints":{"allow":["GET"]}}],"collection":[{"href":"https:\/\/roveyayinevi.com.tr\/index.php\/wp-json\/wp\/v2\/product"}],"about":[{"href":"https:\/\/roveyayinevi.com.tr\/index.php\/wp-json\/wp\/v2\/types\/product"}],"wp:attachment":[{"href":"https:\/\/roveyayinevi.com.tr\/index.php\/wp-json\/wp\/v2\/media?parent=765206"}],"wp:term":[{"taxonomy":"product_brand","embeddable":true,"href":"https:\/\/roveyayinevi.com.tr\/index.php\/wp-json\/wp\/v2\/product_brand?post=765206"},{"taxonomy":"product_cat","embeddable":true,"href":"https:\/\/roveyayinevi.com.tr\/index.php\/wp-json\/wp\/v2\/product_cat?post=765206"},{"taxonomy":"product_tag","embeddable":true,"href":"https:\/\/roveyayinevi.com.tr\/index.php\/wp-json\/wp\/v2\/product_tag?post=765206"}],"curies":[{"name":"wp","href":"https:\/\/api.w.org\/{rel}","templated":true}]}}