{"id":765205,"date":"2025-08-28T11:35:17","date_gmt":"2025-08-28T08:35:17","guid":{"rendered":"https:\/\/roveyayinevi.com.tr\/index.php\/urun\/sirinler-ile-buyumek-11-mimar-sirin-kibar-olmayi-ogreniyor\/"},"modified":"2026-04-15T03:30:56","modified_gmt":"2026-04-15T00:30:56","slug":"sirinler-ile-buyumek-11-mimar-sirin-kibar-olmayi-ogreniyor","status":"publish","type":"product","link":"https:\/\/roveyayinevi.com.tr\/index.php\/urun\/sirinler-ile-buyumek-11-mimar-sirin-kibar-olmayi-ogreniyor\/","title":{"rendered":"\u015eirinler \u0130le B\u00fcy\u00fcmek &#8211; 11 Mimar \u015eirin Kibar Olmay\u0131 \u00d6\u011freniyor"},"content":{"rendered":"<p>Mimar \u015eirin sanat\u00e7\u0131 olman\u0131n kendisine t\u00fcm k\u00f6y\u00fcn hayat\u0131n\u0131 alt\u00fcst etme hakk\u0131n\u0131 verdi\u011fini d\u00fc\u015f\u00fcn\u00fcyor. Asl\u0131nda d\u00fc\u015f\u00fcnd\u00fc\u011f\u00fcn\u00fcn aksine her \u015fey onun istedi\u011fi gibi olamaz. Mimar \u015eirin yaln\u0131z kalmak istemiyorsa \u00f6fkesini bir kenara b\u0131rak\u0131p kibar olmay\u0131 \u00f6\u011frenmeli.    EL\u0130NDEK\u0130 K\u0130TAP K\u0130BAR OLMAYI \u00d6\u011eRENMEN \u0130\u00c7\u0130N VAR! \u00c7ocukluk d\u00f6nemi sorunlar\u0131 konusunda uzman psikolog ve psikanalist Diane Drory taraf\u0131ndan yaz\u0131lm\u0131\u015f ve \u00e7ocuklarla diyalog kurmaya yard\u0131mc\u0131, e\u011fitici bilgilerle&#8230;<\/p>\n","protected":false},"excerpt":{"rendered":"<p>Mimar \u015eirin sanat\u00e7\u0131 olman\u0131n kendisine t\u00fcm k\u00f6y\u00fcn hayat\u0131n\u0131 alt\u00fcst etme hakk\u0131n\u0131 verdi\u011fini d\u00fc\u015f\u00fcn\u00fcyor. Asl\u0131nda d\u00fc\u015f\u00fcnd\u00fc\u011f\u00fcn\u00fcn aksine her \u015fey onun istedi\u011fi gibi olamaz. Mimar \u015eirin yaln\u0131z kalmak<span class=\"excerpt-hellip\"> [\u2026]<\/span><\/p>\n","protected":false},"featured_media":0,"template":"","meta":{"_monsterinsights_skip_tracking":false,"_monsterinsights_sitenote_active":false,"_monsterinsights_sitenote_note":"","_monsterinsights_sitenote_category":0},"product_brand":[],"product_cat":[12274,15842],"product_tag":[],"class_list":{"0":"post-765205","1":"product","2":"type-product","3":"status-publish","5":"product_cat-cocuk-ve-genclik-kitaplari","6":"product_cat-egitici-kitaplar","7":"pa_cilt-ciltsiz","8":"pa_tur-kitap","9":"pa_yayinevi-buyulu-fener-yayinlari","10":"pa_yazar-kolektif","12":"first","13":"instock","14":"sale","15":"shipping-taxable","16":"purchasable","17":"product-type-simple"},"_links":{"self":[{"href":"https:\/\/roveyayinevi.com.tr\/index.php\/wp-json\/wp\/v2\/product\/765205","targetHints":{"allow":["GET"]}}],"collection":[{"href":"https:\/\/roveyayinevi.com.tr\/index.php\/wp-json\/wp\/v2\/product"}],"about":[{"href":"https:\/\/roveyayinevi.com.tr\/index.php\/wp-json\/wp\/v2\/types\/product"}],"wp:attachment":[{"href":"https:\/\/roveyayinevi.com.tr\/index.php\/wp-json\/wp\/v2\/media?parent=765205"}],"wp:term":[{"taxonomy":"product_brand","embeddable":true,"href":"https:\/\/roveyayinevi.com.tr\/index.php\/wp-json\/wp\/v2\/product_brand?post=765205"},{"taxonomy":"product_cat","embeddable":true,"href":"https:\/\/roveyayinevi.com.tr\/index.php\/wp-json\/wp\/v2\/product_cat?post=765205"},{"taxonomy":"product_tag","embeddable":true,"href":"https:\/\/roveyayinevi.com.tr\/index.php\/wp-json\/wp\/v2\/product_tag?post=765205"}],"curies":[{"name":"wp","href":"https:\/\/api.w.org\/{rel}","templated":true}]}}