{"id":765204,"date":"2025-08-28T11:35:15","date_gmt":"2025-08-28T08:35:15","guid":{"rendered":"https:\/\/roveyayinevi.com.tr\/index.php\/urun\/dedektif-kurukafa-sonuna-kadar-15-ciltli\/"},"modified":"2026-04-15T03:30:56","modified_gmt":"2026-04-15T00:30:56","slug":"dedektif-kurukafa-sonuna-kadar-15-ciltli","status":"publish","type":"product","link":"https:\/\/roveyayinevi.com.tr\/index.php\/urun\/dedektif-kurukafa-sonuna-kadar-15-ciltli\/","title":{"rendered":"Dedektif Kurukafa : Sonuna Kadar 15 (Ciltli)"},"content":{"rendered":"<p>Uluslararas\u0131 \u00e7oksatan \u201cDedektif Kurukafa\u201d serisinin ikinci b\u00f6l\u00fcm\u00fc heyecan verici bir \u015fekilde sona eriyor. Kimse buna haz\u0131r de\u011fil\u2026   Y\u00fcz\u00fc Olmayanlar evrenimize geri d\u00f6nd\u00fc. K\u00f6t\u00fcler kazand\u0131.   Her \u015feyin sona ermesine sadece birka\u00e7 g\u00fcn kalm\u0131\u015fken ve art\u0131k Valkyrie Cain\u2019e g\u00fcvenemezken Skulduggery, d\u00fcnyadan geriye kalanlar\u0131 kurtarmak istiyorsa, d\u00fc\u015fmanla i\u015fbirli\u011fi yapmak zorunda. \u0130\u015fler tam da en umutsuz g\u00f6r\u00fcnd\u00fc\u011f\u00fc s\u0131rada, daha da k\u00f6t\u00fcle\u015fmeyi ba\u015far\u0131yor. Se\u00e7ilmi\u015f Ki\u015fi d\u00fc\u015ft\u00fc\u011f\u00fcnde Omen Darkly aya\u011fa kalkmak zorunda kal\u0131yor. \u00c7ok \u015fey oluyor. \u00c7o\u011fu da k\u00f6t\u00fc. Yapacak bir \u015fey yok. \u00dcnl\u00fc kahraman\u0131n dedi\u011fi gibi, \u201c\u015eimdi sava\u015f zaman\u0131 bebe\u011fim.\u201d <\/p>\n","protected":false},"excerpt":{"rendered":"<p>Uluslararas\u0131 \u00e7oksatan \u201cDedektif Kurukafa\u201d serisinin ikinci b\u00f6l\u00fcm\u00fc heyecan verici bir \u015fekilde sona eriyor. Kimse buna haz\u0131r de\u011fil\u2026 Y\u00fcz\u00fc Olmayanlar evrenimize geri d\u00f6nd\u00fc. K\u00f6t\u00fcler kazand\u0131. Her \u015feyin<span class=\"excerpt-hellip\"> [\u2026]<\/span><\/p>\n","protected":false},"featured_media":0,"template":"","meta":{"_monsterinsights_skip_tracking":false,"_monsterinsights_sitenote_active":false,"_monsterinsights_sitenote_note":"","_monsterinsights_sitenote_category":0},"product_brand":[],"product_cat":[12274,12284],"product_tag":[],"class_list":{"0":"post-765204","1":"product","2":"type-product","3":"status-publish","5":"product_cat-cocuk-ve-genclik-kitaplari","6":"product_cat-hikayeler","7":"pa_cilt-ciltli","8":"pa_tur-kitap","9":"pa_yayinevi-artemis-yayinlari","10":"pa_yazar-derek-landy","12":"first","13":"instock","14":"sale","15":"shipping-taxable","16":"purchasable","17":"product-type-simple"},"_links":{"self":[{"href":"https:\/\/roveyayinevi.com.tr\/index.php\/wp-json\/wp\/v2\/product\/765204","targetHints":{"allow":["GET"]}}],"collection":[{"href":"https:\/\/roveyayinevi.com.tr\/index.php\/wp-json\/wp\/v2\/product"}],"about":[{"href":"https:\/\/roveyayinevi.com.tr\/index.php\/wp-json\/wp\/v2\/types\/product"}],"wp:attachment":[{"href":"https:\/\/roveyayinevi.com.tr\/index.php\/wp-json\/wp\/v2\/media?parent=765204"}],"wp:term":[{"taxonomy":"product_brand","embeddable":true,"href":"https:\/\/roveyayinevi.com.tr\/index.php\/wp-json\/wp\/v2\/product_brand?post=765204"},{"taxonomy":"product_cat","embeddable":true,"href":"https:\/\/roveyayinevi.com.tr\/index.php\/wp-json\/wp\/v2\/product_cat?post=765204"},{"taxonomy":"product_tag","embeddable":true,"href":"https:\/\/roveyayinevi.com.tr\/index.php\/wp-json\/wp\/v2\/product_tag?post=765204"}],"curies":[{"name":"wp","href":"https:\/\/api.w.org\/{rel}","templated":true}]}}