{"id":765203,"date":"2025-08-28T11:35:13","date_gmt":"2025-08-28T08:35:13","guid":{"rendered":"https:\/\/roveyayinevi.com.tr\/index.php\/urun\/sirinler-ile-buyumek-13-kararsiz-sirin-basarisiz-olmaktan-korkuyor\/"},"modified":"2025-08-31T20:54:32","modified_gmt":"2025-08-31T17:54:32","slug":"sirinler-ile-buyumek-13-kararsiz-sirin-basarisiz-olmaktan-korkuyor","status":"publish","type":"product","link":"https:\/\/roveyayinevi.com.tr\/index.php\/urun\/sirinler-ile-buyumek-13-kararsiz-sirin-basarisiz-olmaktan-korkuyor\/","title":{"rendered":"\u015eirinler \u0130le B\u00fcy\u00fcmek &#8211; 13 Karars\u0131z \u015eirin Ba\u015far\u0131s\u0131z Olmaktan Korkuyor"},"content":{"rendered":"<p>Herkesin belirli bir yetene\u011finin oldu\u011fu \u015eirinler K\u00f6y\u00fc\u2019nde kendine yer bulmak bazen kolay olmayabiliyor. Futbolda, resimde ve a\u015f\u00e7\u0131l\u0131kta \u015fans\u0131n\u0131 deneyip ba\u015far\u0131s\u0131z olan Karas\u0131z \u015eirin \u00e7ok \u00e7ok \u00fcz\u00fcl\u00fcyor ve bir hi\u00e7 oldu\u011fu d\u00fc\u015f\u00fcncesine kap\u0131l\u0131yor. Neyse ki bir konuda yetenekli olman\u0131n sab\u0131r ve kararl\u0131l\u0131k meselesi oldu\u011funu ona hat\u0131rlatacak bir \u015eirin Baba\u2019s\u0131 var!    EL\u0130NDEK\u0130K\u0130TAP BA\u015eARISIZLI\u011eI KABUL ETMEY\u0130\u00d6\u011eRENMEN \u0130\u00c7\u0130N VAR!    \u00c7ocukluk d\u00f6nemi sorunlar\u0131 konusunda uzman psikolog ve psikanalist Diane Drory taraf\u0131ndan yaz\u0131lm\u0131\u015f ve \u00e7ocuklarla diyalog kurmaya yard\u0131mc\u0131, e\u011fitici bilgilerle&#8230;<\/p>\n","protected":false},"excerpt":{"rendered":"<p>Herkesin belirli bir yetene\u011finin oldu\u011fu \u015eirinler K\u00f6y\u00fc\u2019nde kendine yer bulmak bazen kolay olmayabiliyor. Futbolda, resimde ve a\u015f\u00e7\u0131l\u0131kta \u015fans\u0131n\u0131 deneyip ba\u015far\u0131s\u0131z olan Karas\u0131z \u015eirin \u00e7ok \u00e7ok \u00fcz\u00fcl\u00fcyor<span class=\"excerpt-hellip\"> [\u2026]<\/span><\/p>\n","protected":false},"featured_media":0,"template":"","meta":{"_monsterinsights_skip_tracking":false,"_monsterinsights_sitenote_active":false,"_monsterinsights_sitenote_note":"","_monsterinsights_sitenote_category":0},"product_brand":[],"product_cat":[12274,15842],"product_tag":[],"class_list":{"0":"post-765203","1":"product","2":"type-product","3":"status-publish","5":"product_cat-cocuk-ve-genclik-kitaplari","6":"product_cat-egitici-kitaplar","7":"pa_cilt-ciltsiz","8":"pa_tur-kitap","9":"pa_yayinevi-buyulu-fener-yayinlari","10":"pa_yazar-kolektif","12":"first","13":"instock","14":"sale","15":"shipping-taxable","16":"purchasable","17":"product-type-simple"},"_links":{"self":[{"href":"https:\/\/roveyayinevi.com.tr\/index.php\/wp-json\/wp\/v2\/product\/765203","targetHints":{"allow":["GET"]}}],"collection":[{"href":"https:\/\/roveyayinevi.com.tr\/index.php\/wp-json\/wp\/v2\/product"}],"about":[{"href":"https:\/\/roveyayinevi.com.tr\/index.php\/wp-json\/wp\/v2\/types\/product"}],"wp:attachment":[{"href":"https:\/\/roveyayinevi.com.tr\/index.php\/wp-json\/wp\/v2\/media?parent=765203"}],"wp:term":[{"taxonomy":"product_brand","embeddable":true,"href":"https:\/\/roveyayinevi.com.tr\/index.php\/wp-json\/wp\/v2\/product_brand?post=765203"},{"taxonomy":"product_cat","embeddable":true,"href":"https:\/\/roveyayinevi.com.tr\/index.php\/wp-json\/wp\/v2\/product_cat?post=765203"},{"taxonomy":"product_tag","embeddable":true,"href":"https:\/\/roveyayinevi.com.tr\/index.php\/wp-json\/wp\/v2\/product_tag?post=765203"}],"curies":[{"name":"wp","href":"https:\/\/api.w.org\/{rel}","templated":true}]}}