{"id":765202,"date":"2025-08-28T11:35:11","date_gmt":"2025-08-28T08:35:11","guid":{"rendered":"https:\/\/roveyayinevi.com.tr\/index.php\/urun\/eflal-serisi-kutulu-set\/"},"modified":"2026-04-13T03:26:21","modified_gmt":"2026-04-13T00:26:21","slug":"eflal-serisi-kutulu-set","status":"publish","type":"product","link":"https:\/\/roveyayinevi.com.tr\/index.php\/urun\/eflal-serisi-kutulu-set\/","title":{"rendered":"Eflal Serisi Kutulu Set"},"content":{"rendered":"<p>Efl\u00e2l serisi d\u00f6rt kitaptan olu\u015fmaktad\u0131r. S\u0131ras\u0131yla  Efl\u00e2l 1, Efl\u00e2l 2, Efl\u00e2l 3 ve Efl\u00e2l 4 serinin kitaplar\u0131d\u0131r.   Dijital platformda milyonlarca okunan ve pop\u00fcler k\u00fclt\u00fcrde b\u00fcy\u00fck bir kitleye sahip olan R. \u0130deli, Efl\u00e2l serisi ile kimsesiz gen\u00e7 bir kad\u0131n\u0131n, s\u0131rlar\u0131n ard\u0131na saklanan hayat\u0131n\u0131 ayd\u0131nl\u0131\u011fa kavu\u015fturuyor.   Efl\u00e2l, onaylanmayan bir evlili\u011fin meyvesidir ve hen\u00fcz d\u00fcnyaya gelmeden, hik\u00e2yesine \u00f6l\u00fcm\u00fcn g\u00f6lgesi d\u00fc\u015fm\u00fc\u015ft\u00fcr. \u00d6lesiye nefret etti\u011fi insanlardan ka\u00e7\u0131p s\u0131\u011f\u0131nd\u0131\u011f\u0131 limanda, belki hayat\u0131n\u0131n a\u015fk\u0131n\u0131 bulacak belki de en b\u00fcy\u00fck hayal k\u0131r\u0131kl\u0131\u011f\u0131n\u0131 ya\u015fayacak. <\/p>\n","protected":false},"excerpt":{"rendered":"<p>Efl\u00e2l serisi d\u00f6rt kitaptan olu\u015fmaktad\u0131r. S\u0131ras\u0131yla Efl\u00e2l 1, Efl\u00e2l 2, Efl\u00e2l 3 ve Efl\u00e2l 4 serinin kitaplar\u0131d\u0131r. Dijital platformda milyonlarca okunan ve pop\u00fcler k\u00fclt\u00fcrde b\u00fcy\u00fck bir<span class=\"excerpt-hellip\"> [\u2026]<\/span><\/p>\n","protected":false},"featured_media":0,"template":"","meta":{"_monsterinsights_skip_tracking":false,"_monsterinsights_sitenote_active":false,"_monsterinsights_sitenote_note":"","_monsterinsights_sitenote_category":0},"product_brand":[],"product_cat":[12291,12711],"product_tag":[],"class_list":{"0":"post-765202","1":"product","2":"type-product","3":"status-publish","5":"product_cat-edebiyat","6":"product_cat-roman-oyku","7":"pa_cilt-ciltsiz","8":"pa_tur-kitap","9":"pa_yayinevi-artemis-yayinlari","10":"pa_yazar-r-ideli","12":"first","13":"instock","14":"sale","15":"shipping-taxable","16":"purchasable","17":"product-type-simple"},"_links":{"self":[{"href":"https:\/\/roveyayinevi.com.tr\/index.php\/wp-json\/wp\/v2\/product\/765202","targetHints":{"allow":["GET"]}}],"collection":[{"href":"https:\/\/roveyayinevi.com.tr\/index.php\/wp-json\/wp\/v2\/product"}],"about":[{"href":"https:\/\/roveyayinevi.com.tr\/index.php\/wp-json\/wp\/v2\/types\/product"}],"wp:attachment":[{"href":"https:\/\/roveyayinevi.com.tr\/index.php\/wp-json\/wp\/v2\/media?parent=765202"}],"wp:term":[{"taxonomy":"product_brand","embeddable":true,"href":"https:\/\/roveyayinevi.com.tr\/index.php\/wp-json\/wp\/v2\/product_brand?post=765202"},{"taxonomy":"product_cat","embeddable":true,"href":"https:\/\/roveyayinevi.com.tr\/index.php\/wp-json\/wp\/v2\/product_cat?post=765202"},{"taxonomy":"product_tag","embeddable":true,"href":"https:\/\/roveyayinevi.com.tr\/index.php\/wp-json\/wp\/v2\/product_tag?post=765202"}],"curies":[{"name":"wp","href":"https:\/\/api.w.org\/{rel}","templated":true}]}}