{"id":765201,"date":"2025-08-28T11:35:10","date_gmt":"2025-08-28T08:35:10","guid":{"rendered":"https:\/\/roveyayinevi.com.tr\/index.php\/urun\/islam-hukukuna-gore-aile-icindeki-fertlerin-mulkiyet-haklari\/"},"modified":"2026-04-15T03:30:56","modified_gmt":"2026-04-15T00:30:56","slug":"islam-hukukuna-gore-aile-icindeki-fertlerin-mulkiyet-haklari","status":"publish","type":"product","link":"https:\/\/roveyayinevi.com.tr\/index.php\/urun\/islam-hukukuna-gore-aile-icindeki-fertlerin-mulkiyet-haklari\/","title":{"rendered":"\u0130slam Hukukuna G\u00f6re Aile \u0130\u00e7indeki Fertlerin M\u00fclkiyet Haklar\u0131"},"content":{"rendered":"<p>G\u00fcn\u00fcm\u00fczde kul hakk\u0131 denilince, yabanc\u0131 ki\u015filerden \u00e7al\u0131narak, gasp edilerek al\u0131nan mallar akla gelmektedir. Ancak kul hakk\u0131 bunlardan ibaret de\u011fildir. Bu d\u00fc\u015f\u00fcnce sebebiyle \u00f6zellikle hayat\u0131n b\u00fcy\u00fck b\u00f6l\u00fcm\u00fcn\u00fc birlikte ge\u00e7irdi\u011fimiz e\u015flerimiz, anne babam\u0131z ve \u00e7ocuklar\u0131m\u0131z\u0131n haklar\u0131 g\u00f6zden ka\u00e7maktad\u0131r. H\u00e2lbuki birbirimize en fazla hakk\u0131n\u0131n ge\u00e7mesi muhtemel ki\u015filer en yak\u0131n\u0131m\u0131zdaki ki\u015filerdir. \u00c7al\u0131\u015fmam\u0131zda aile fertlerinin m\u00e2li haklar\u0131 ve bu haklarda di\u011fer aile \u00fcyelerinin sorumluluklar\u0131n\u0131 ele almaya \u00e7al\u0131\u015ft\u0131k. Her ne kadar aile hukuku ve m\u00fclkiyetle ilgili bir\u00e7ok akademik \u00e7al\u0131\u015fma bulunsa da aile \u00fcyelerinin m\u00fclkiyet hakk\u0131n\u0131 ele alan bir \u00e7al\u0131\u015fma yap\u0131lmam\u0131\u015ft\u0131r. \u00c7al\u0131\u015fmam\u0131z g\u00fcn\u00fcm\u00fczde \u00f6nemli oldu\u011funu d\u00fc\u015f\u00fcnd\u00fc\u011f\u00fcm\u00fcz bir konuyu ele almaktad\u0131r. Zira aile i\u00e7inde m\u00e2l\u00ee haklar\u0131n ihlal ve ihmal edilmesi y\u00fcz\u00fcnden bir\u00e7ok aile da\u011f\u0131lmakta ve sonras\u0131nda m\u00e2li sebeplerden dolay\u0131 istenmeyen olaylarla kar\u015f\u0131la\u015f\u0131lmaktad\u0131r. Bu t\u00fcr anla\u015fmazl\u0131klar\u0131n en aza indirilmesi i\u00e7in anla\u015fmazl\u0131klara sebebiyet veren mallar\u0131n ger\u00e7ek sahibinin problemle kar\u015f\u0131la\u015f\u0131ld\u0131\u011f\u0131nda de\u011fil, mal ilk elde edildi\u011finde belirlenmesi \u00f6nem arz etmektedir. Bu \u00e7al\u0131\u015fma, \u00f6zellikle aile fertlerinin m\u00e2l\u00ee y\u00f6nden anla\u015fmazl\u0131klar\u0131n\u0131 minimuma indirme \u00fcmidiyle ve bir nebze olsun anla\u015fmazl\u0131klara \u00e7\u00f6z\u00fcm \u00fcretmesi temennisiyle yap\u0131lm\u0131\u015ft\u0131r. <\/p>\n","protected":false},"excerpt":{"rendered":"<p>G\u00fcn\u00fcm\u00fczde kul hakk\u0131 denilince, yabanc\u0131 ki\u015filerden \u00e7al\u0131narak, gasp edilerek al\u0131nan mallar akla gelmektedir. Ancak kul hakk\u0131 bunlardan ibaret de\u011fildir. Bu d\u00fc\u015f\u00fcnce sebebiyle \u00f6zellikle hayat\u0131n b\u00fcy\u00fck b\u00f6l\u00fcm\u00fcn\u00fc<span class=\"excerpt-hellip\"> [\u2026]<\/span><\/p>\n","protected":false},"featured_media":0,"template":"","meta":{"_monsterinsights_skip_tracking":false,"_monsterinsights_sitenote_active":false,"_monsterinsights_sitenote_note":"","_monsterinsights_sitenote_category":0},"product_brand":[],"product_cat":[12573,12566],"product_tag":[],"class_list":{"0":"post-765201","1":"product","2":"type-product","3":"status-publish","5":"product_cat-akademik-kitaplar","6":"product_cat-egitim","7":"pa_cilt-ciltsiz","8":"pa_tur-kitap","9":"pa_yayinevi-soncag-akademik-kitaplar","10":"pa_yazar-abdullah-erdem","12":"first","13":"instock","14":"sale","15":"shipping-taxable","16":"purchasable","17":"product-type-simple"},"_links":{"self":[{"href":"https:\/\/roveyayinevi.com.tr\/index.php\/wp-json\/wp\/v2\/product\/765201","targetHints":{"allow":["GET"]}}],"collection":[{"href":"https:\/\/roveyayinevi.com.tr\/index.php\/wp-json\/wp\/v2\/product"}],"about":[{"href":"https:\/\/roveyayinevi.com.tr\/index.php\/wp-json\/wp\/v2\/types\/product"}],"wp:attachment":[{"href":"https:\/\/roveyayinevi.com.tr\/index.php\/wp-json\/wp\/v2\/media?parent=765201"}],"wp:term":[{"taxonomy":"product_brand","embeddable":true,"href":"https:\/\/roveyayinevi.com.tr\/index.php\/wp-json\/wp\/v2\/product_brand?post=765201"},{"taxonomy":"product_cat","embeddable":true,"href":"https:\/\/roveyayinevi.com.tr\/index.php\/wp-json\/wp\/v2\/product_cat?post=765201"},{"taxonomy":"product_tag","embeddable":true,"href":"https:\/\/roveyayinevi.com.tr\/index.php\/wp-json\/wp\/v2\/product_tag?post=765201"}],"curies":[{"name":"wp","href":"https:\/\/api.w.org\/{rel}","templated":true}]}}