{"id":765200,"date":"2025-08-28T11:35:09","date_gmt":"2025-08-28T08:35:09","guid":{"rendered":"https:\/\/roveyayinevi.com.tr\/index.php\/urun\/osmanli-fetvalarinda-ahilik-karsilastiklari-hukuki-sorunlar-ve-cozumleri\/"},"modified":"2026-04-15T03:30:56","modified_gmt":"2026-04-15T00:30:56","slug":"osmanli-fetvalarinda-ahilik-karsilastiklari-hukuki-sorunlar-ve-cozumleri","status":"publish","type":"product","link":"https:\/\/roveyayinevi.com.tr\/index.php\/urun\/osmanli-fetvalarinda-ahilik-karsilastiklari-hukuki-sorunlar-ve-cozumleri\/","title":{"rendered":"Osmanl\u0131 Fetvalar\u0131nda Ahilik Kar\u015f\u0131la\u015ft\u0131klar\u0131 Hukuki Sorunlar ve \u00c7\u00f6z\u00fcmleri"},"content":{"rendered":"<p>\u00c7al\u0131\u015fmam\u0131z giri\u015f, d\u00f6rt b\u00f6l\u00fcm ve bir sonu\u015ftan olu\u015fmaktad\u0131r. Bu eserde yer alan \u00e7al\u0131\u015fmalar\u0131n ikisi makale, di\u011ferleri ise K\u0131r\u015fehir Ahi Evran \u00dcniversitesi\u2019nin d\u00fczenlemi\u015f oldu\u011fu uluslararas\u0131 sempozyumda sunulan bildirilerden olu\u015fmaktad\u0131r. Birinci b\u00f6l\u00fcmde XVI. y\u00fczy\u0131l fetva literar\u00fcnde ah\u00eelik, ikinci b\u00f6l\u00fcmde ah\u00eelerin finansmanla ilgili kar\u015f\u0131la\u015ft\u0131klar\u0131 sorunlar ve finansman yollar\u0131, \u00fc\u00e7\u00fcnc\u00fc b\u00f6l\u00fcmde i\u015fyerleriyle ilgili sorunlar, d\u00f6rd\u00fcnc\u00fc b\u00f6l\u00fcmde de ortakl\u0131k s\u0131ras\u0131nda ya\u015fad\u0131klar\u0131 sorunlar incelenmektedir. Her bir b\u00f6l\u00fcm farkl\u0131 bir \u00e7al\u0131\u015fma olmas\u0131 bak\u0131m\u0131ndan baz\u0131 tekrarlar ka\u00e7\u0131n\u0131lmazd\u0131r. Yine de okuyucular\u0131n her t\u00fcrl\u00fc yap\u0131c\u0131 tenkit ve \u00f6nerisi, \u00e7al\u0131\u015fman\u0131n daha iyiye ula\u015fmas\u0131 noktas\u0131nda bir f\u0131rsat olarak de\u011ferlendirilecektir. Bu eserin meydana gelmesine vesile olan Ahi Evran \u00dcniversite\u2019ne ve bana her daim destek olan ba\u015fta ailem olmak \u00fczere b\u00fct\u00fcn dost ve arkada\u015flar\u0131ma te\u015fekk\u00fcrlerimi sunar\u0131m. <\/p>\n","protected":false},"excerpt":{"rendered":"<p>\u00c7al\u0131\u015fmam\u0131z giri\u015f, d\u00f6rt b\u00f6l\u00fcm ve bir sonu\u015ftan olu\u015fmaktad\u0131r. Bu eserde yer alan \u00e7al\u0131\u015fmalar\u0131n ikisi makale, di\u011ferleri ise K\u0131r\u015fehir Ahi Evran \u00dcniversitesi\u2019nin d\u00fczenlemi\u015f oldu\u011fu uluslararas\u0131 sempozyumda sunulan<span class=\"excerpt-hellip\"> [\u2026]<\/span><\/p>\n","protected":false},"featured_media":0,"template":"","meta":{"_monsterinsights_skip_tracking":false,"_monsterinsights_sitenote_active":false,"_monsterinsights_sitenote_note":"","_monsterinsights_sitenote_category":0},"product_brand":[],"product_cat":[12573,12566],"product_tag":[],"class_list":{"0":"post-765200","1":"product","2":"type-product","3":"status-publish","5":"product_cat-akademik-kitaplar","6":"product_cat-egitim","7":"pa_cilt-ciltsiz","8":"pa_tur-kitap","9":"pa_yayinevi-soncag-akademik-kitaplar","10":"pa_yazar-ahmet-inanir","12":"first","13":"instock","14":"sale","15":"shipping-taxable","16":"purchasable","17":"product-type-simple"},"_links":{"self":[{"href":"https:\/\/roveyayinevi.com.tr\/index.php\/wp-json\/wp\/v2\/product\/765200","targetHints":{"allow":["GET"]}}],"collection":[{"href":"https:\/\/roveyayinevi.com.tr\/index.php\/wp-json\/wp\/v2\/product"}],"about":[{"href":"https:\/\/roveyayinevi.com.tr\/index.php\/wp-json\/wp\/v2\/types\/product"}],"wp:attachment":[{"href":"https:\/\/roveyayinevi.com.tr\/index.php\/wp-json\/wp\/v2\/media?parent=765200"}],"wp:term":[{"taxonomy":"product_brand","embeddable":true,"href":"https:\/\/roveyayinevi.com.tr\/index.php\/wp-json\/wp\/v2\/product_brand?post=765200"},{"taxonomy":"product_cat","embeddable":true,"href":"https:\/\/roveyayinevi.com.tr\/index.php\/wp-json\/wp\/v2\/product_cat?post=765200"},{"taxonomy":"product_tag","embeddable":true,"href":"https:\/\/roveyayinevi.com.tr\/index.php\/wp-json\/wp\/v2\/product_tag?post=765200"}],"curies":[{"name":"wp","href":"https:\/\/api.w.org\/{rel}","templated":true}]}}