{"id":765199,"date":"2025-08-28T11:35:06","date_gmt":"2025-08-28T08:35:06","guid":{"rendered":"https:\/\/roveyayinevi.com.tr\/index.php\/urun\/bir-yer-var\/"},"modified":"2026-04-15T03:30:56","modified_gmt":"2026-04-15T00:30:56","slug":"bir-yer-var","status":"publish","type":"product","link":"https:\/\/roveyayinevi.com.tr\/index.php\/urun\/bir-yer-var\/","title":{"rendered":"Bir Yer Var"},"content":{"rendered":"<p>Ger\u00e7ekle d\u00fc\u015f\u00fcn i\u00e7 i\u00e7e ge\u00e7ti\u011fi bir yer var; yak\u0131n ama bir o kadar da uzak. On bir farkl\u0131 yazar\u0131n iki\u015fer \u00f6yk\u00fcs\u00fcn\u00fcn oldu\u011fu bu kitaptaysa en \u00e7ok okura yer var. Kimi, hayat\u0131n \u00e7\u0131kmazlar\u0131ndaki kahramanlarda kendinden bir \u015feyler bulacak; kimi de onlar\u0131n d\u00fcnyas\u0131na konuk olacak.   Sizlerin bu konuklu\u011funda yazarlar alacaklar\u0131 telif haklar\u0131n\u0131 \u00e7ocuklar\u0131n e\u011fitimine aktaracaklard\u0131r.<\/p>\n","protected":false},"excerpt":{"rendered":"<p>Ger\u00e7ekle d\u00fc\u015f\u00fcn i\u00e7 i\u00e7e ge\u00e7ti\u011fi bir yer var; yak\u0131n ama bir o kadar da uzak. On bir farkl\u0131 yazar\u0131n iki\u015fer \u00f6yk\u00fcs\u00fcn\u00fcn oldu\u011fu bu kitaptaysa en \u00e7ok<span class=\"excerpt-hellip\"> [\u2026]<\/span><\/p>\n","protected":false},"featured_media":0,"template":"","meta":{"_monsterinsights_skip_tracking":false,"_monsterinsights_sitenote_active":false,"_monsterinsights_sitenote_note":"","_monsterinsights_sitenote_category":0},"product_brand":[],"product_cat":[12291,18202],"product_tag":[],"class_list":{"0":"post-765199","1":"product","2":"type-product","3":"status-publish","5":"product_cat-edebiyat","6":"product_cat-hikaye","7":"pa_cilt-ciltsiz","8":"pa_tur-kitap","9":"pa_yayinevi-kuzey-isigi-yayinlari","10":"pa_yazar-kolektif","12":"first","13":"instock","14":"sale","15":"shipping-taxable","16":"purchasable","17":"product-type-simple"},"_links":{"self":[{"href":"https:\/\/roveyayinevi.com.tr\/index.php\/wp-json\/wp\/v2\/product\/765199","targetHints":{"allow":["GET"]}}],"collection":[{"href":"https:\/\/roveyayinevi.com.tr\/index.php\/wp-json\/wp\/v2\/product"}],"about":[{"href":"https:\/\/roveyayinevi.com.tr\/index.php\/wp-json\/wp\/v2\/types\/product"}],"wp:attachment":[{"href":"https:\/\/roveyayinevi.com.tr\/index.php\/wp-json\/wp\/v2\/media?parent=765199"}],"wp:term":[{"taxonomy":"product_brand","embeddable":true,"href":"https:\/\/roveyayinevi.com.tr\/index.php\/wp-json\/wp\/v2\/product_brand?post=765199"},{"taxonomy":"product_cat","embeddable":true,"href":"https:\/\/roveyayinevi.com.tr\/index.php\/wp-json\/wp\/v2\/product_cat?post=765199"},{"taxonomy":"product_tag","embeddable":true,"href":"https:\/\/roveyayinevi.com.tr\/index.php\/wp-json\/wp\/v2\/product_tag?post=765199"}],"curies":[{"name":"wp","href":"https:\/\/api.w.org\/{rel}","templated":true}]}}