{"id":765195,"date":"2025-08-28T11:34:59","date_gmt":"2025-08-28T08:34:59","guid":{"rendered":"https:\/\/roveyayinevi.com.tr\/index.php\/urun\/kiyamet-sonrasi-olagan-bir-gun\/"},"modified":"2026-04-15T03:30:56","modified_gmt":"2026-04-15T00:30:56","slug":"kiyamet-sonrasi-olagan-bir-gun","status":"publish","type":"product","link":"https:\/\/roveyayinevi.com.tr\/index.php\/urun\/kiyamet-sonrasi-olagan-bir-gun\/","title":{"rendered":"K\u0131yamet Sonras\u0131 Ola\u011fan Bir G\u00fcn"},"content":{"rendered":"<p>Gelece\u011fin yok olmas\u0131ym\u0131\u015f k\u0131yamet, bunu anlad\u0131\u011f\u0131m anda ge\u00e7mi\u015fin de yok oldu\u011funu fark ettim. Ne de olsa gelecek ge\u00e7mi\u015fin intikam\u0131n\u0131 al\u0131rken onu ayakta tutar. Oysa \u015fimdi zaman akm\u0131yor. Gelecek yok. D\u00fc\u015fman\u0131n\u0131 kaybeden ge\u00e7mi\u015f de kendili\u011finden solup gidiyor.   Zaman\u0131n durdu\u011fu, hep ayn\u0131 g\u00fcnde, belki de hep ayn\u0131 gecede devam eden hayat. K\u0131yamet sonras\u0131 o g\u00fcnde an\u0131lar\u0131n belirsizle\u015fti\u011fi, ya\u015famla \u00f6l\u00fcm\u00fcn birbirine ge\u00e7ti\u011fi, e\u015fyan\u0131n anlams\u0131zla\u015ft\u0131\u011f\u0131 bir d\u00fcnya. Umudun belki de sadece zeytin a\u011fac\u0131n\u0131n dal\u0131nda, zeytin yapra\u011f\u0131n\u0131 \u00e7i\u011fneyen bir kad\u0131n\u0131n g\u00f6bek kordonunda sakland\u0131\u011f\u0131 bulutsu bir evren.   T\u00fcrler aras\u0131nda sal\u0131nan K\u0131yamet Sonras\u0131 Ola\u011fan Bir G\u00fcn\u2019de Murat G\u00fclsoy, ge\u00e7mi\u015f, \u015fimdi ve gelece\u011fi insanla insan d\u0131\u015f\u0131n\u0131n belirsiz \u00e7izgisinde dola\u015farak ince ince i\u015fliyor. <\/p>\n","protected":false},"excerpt":{"rendered":"<p>Gelece\u011fin yok olmas\u0131ym\u0131\u015f k\u0131yamet, bunu anlad\u0131\u011f\u0131m anda ge\u00e7mi\u015fin de yok oldu\u011funu fark ettim. Ne de olsa gelecek ge\u00e7mi\u015fin intikam\u0131n\u0131 al\u0131rken onu ayakta tutar. Oysa \u015fimdi zaman<span class=\"excerpt-hellip\"> [\u2026]<\/span><\/p>\n","protected":false},"featured_media":0,"template":"","meta":{"_monsterinsights_skip_tracking":false,"_monsterinsights_sitenote_active":false,"_monsterinsights_sitenote_note":"","_monsterinsights_sitenote_category":0},"product_brand":[],"product_cat":[12291,12711],"product_tag":[],"class_list":{"0":"post-765195","1":"product","2":"type-product","3":"status-publish","5":"product_cat-edebiyat","6":"product_cat-roman-oyku","7":"pa_cilt-ciltsiz","8":"pa_tur-kitap","9":"pa_yayinevi-can-yayinlari","10":"pa_yazar-murat-gulsoy","12":"first","13":"instock","14":"sale","15":"shipping-taxable","16":"purchasable","17":"product-type-simple"},"_links":{"self":[{"href":"https:\/\/roveyayinevi.com.tr\/index.php\/wp-json\/wp\/v2\/product\/765195","targetHints":{"allow":["GET"]}}],"collection":[{"href":"https:\/\/roveyayinevi.com.tr\/index.php\/wp-json\/wp\/v2\/product"}],"about":[{"href":"https:\/\/roveyayinevi.com.tr\/index.php\/wp-json\/wp\/v2\/types\/product"}],"wp:attachment":[{"href":"https:\/\/roveyayinevi.com.tr\/index.php\/wp-json\/wp\/v2\/media?parent=765195"}],"wp:term":[{"taxonomy":"product_brand","embeddable":true,"href":"https:\/\/roveyayinevi.com.tr\/index.php\/wp-json\/wp\/v2\/product_brand?post=765195"},{"taxonomy":"product_cat","embeddable":true,"href":"https:\/\/roveyayinevi.com.tr\/index.php\/wp-json\/wp\/v2\/product_cat?post=765195"},{"taxonomy":"product_tag","embeddable":true,"href":"https:\/\/roveyayinevi.com.tr\/index.php\/wp-json\/wp\/v2\/product_tag?post=765195"}],"curies":[{"name":"wp","href":"https:\/\/api.w.org\/{rel}","templated":true}]}}