{"id":765188,"date":"2025-08-28T11:34:46","date_gmt":"2025-08-28T08:34:46","guid":{"rendered":"https:\/\/roveyayinevi.com.tr\/index.php\/urun\/en-buyuk-sir\/"},"modified":"2026-04-15T03:30:56","modified_gmt":"2026-04-15T00:30:56","slug":"en-buyuk-sir","status":"publish","type":"product","link":"https:\/\/roveyayinevi.com.tr\/index.php\/urun\/en-buyuk-sir\/","title":{"rendered":"En B\u00fcy\u00fck S\u0131r"},"content":{"rendered":"<p>GER\u00c7EKLER\u0130 \u00d6\u011eRENMEK CESARET \u0130STER!   En B\u00fcy\u00fck S\u0131r, David Icke\u2019\u0131n, Galler Prensesi Diana cinayeti dahil, \u015fa\u015f\u0131rt\u0131c\u0131 bilgiler i\u00e7eren, en g\u00fc\u00e7l\u00fc ve \u00e7arp\u0131c\u0131 kitab\u0131. Icke g\u00fcvenilir kaynaklara dayanarak bu kez, gizli bir \u0131rk\u0131n binlerce y\u0131ld\u0131r d\u00fcnyay\u0131 nas\u0131l kontrol etti\u011fini a\u00e7\u0131kl\u0131yor. Bu \u0131rk\u0131n, bir\u00e7ok ilahi dini de yaratmakla kalmad\u0131\u011f\u0131n\u0131, insanl\u0131\u011f\u0131 hem zihinsel hem duygusal bask\u0131ya maruz b\u0131rakan ruhsal ve ezoterik bilinci de yayd\u0131\u011f\u0131n\u0131 anlat\u0131yor. H\u0131ristiyanl\u0131\u011f\u0131n ve di\u011fer dinlerin ger\u00e7ek k\u00f6kenlerine dair y\u0131k\u0131c\u0131 iddialarda bulunurken, d\u00fcnyan\u0131n neden ola\u011fan\u00fcst\u00fc bir de\u011fi\u015fim ve d\u00f6n\u00fc\u015f\u00fcm s\u00fcrecine girdi\u011fini a\u00e7\u0131klayan bilimsel ger\u00e7ekleri de belgeliyor. Britanya Kraliyet Ailesi\u2019nin \u015fa\u015f\u0131rt\u0131c\u0131 s\u0131rlar\u0131n\u0131 if\u015fa ediyor. Kapsaml\u0131 ara\u015ft\u0131rmalar ve \u00f6nemli ba\u011flant\u0131larla, Diana\u2019n\u0131n 1997 y\u0131l\u0131nda Paris\u2019te nas\u0131l ve neden \u00f6ld\u00fcr\u00fcld\u00fc\u011f\u00fcn\u00fc bamba\u015fka y\u00f6nleriyle sorguluyor. En B\u00fcy\u00fck S\u0131r, hayat\u0131n\u0131z\u0131 de\u011fi\u015ftirecek benzersiz bir kitap ve okurlar\u0131n\u0131 bu komploya kar\u015f\u0131 harekete ge\u00e7irmeye y\u00f6nelik bir \u00e7a\u011fr\u0131. Bu kitab\u0131 okuyan hi\u00e7 kimse i\u00e7in hayat eskisi gibi olmayacak. <\/p>\n","protected":false},"excerpt":{"rendered":"<p>GER\u00c7EKLER\u0130 \u00d6\u011eRENMEK CESARET \u0130STER! En B\u00fcy\u00fck S\u0131r, David Icke\u2019\u0131n, Galler Prensesi Diana cinayeti dahil, \u015fa\u015f\u0131rt\u0131c\u0131 bilgiler i\u00e7eren, en g\u00fc\u00e7l\u00fc ve \u00e7arp\u0131c\u0131 kitab\u0131. Icke g\u00fcvenilir kaynaklara dayanarak<span class=\"excerpt-hellip\"> [\u2026]<\/span><\/p>\n","protected":false},"featured_media":0,"template":"","meta":{"_monsterinsights_skip_tracking":false,"_monsterinsights_sitenote_active":false,"_monsterinsights_sitenote_note":"","_monsterinsights_sitenote_category":0},"product_brand":[],"product_cat":[12370,12304],"product_tag":[],"class_list":{"0":"post-765188","1":"product","2":"type-product","3":"status-publish","5":"product_cat-arastirma-inceleme","6":"product_cat-tarih","7":"pa_cilt-ciltsiz","8":"pa_tur-kitap","9":"pa_yayinevi-destek-yayinlari","10":"pa_yazar-david-icke","12":"first","13":"instock","14":"sale","15":"shipping-taxable","16":"purchasable","17":"product-type-simple"},"_links":{"self":[{"href":"https:\/\/roveyayinevi.com.tr\/index.php\/wp-json\/wp\/v2\/product\/765188","targetHints":{"allow":["GET"]}}],"collection":[{"href":"https:\/\/roveyayinevi.com.tr\/index.php\/wp-json\/wp\/v2\/product"}],"about":[{"href":"https:\/\/roveyayinevi.com.tr\/index.php\/wp-json\/wp\/v2\/types\/product"}],"wp:attachment":[{"href":"https:\/\/roveyayinevi.com.tr\/index.php\/wp-json\/wp\/v2\/media?parent=765188"}],"wp:term":[{"taxonomy":"product_brand","embeddable":true,"href":"https:\/\/roveyayinevi.com.tr\/index.php\/wp-json\/wp\/v2\/product_brand?post=765188"},{"taxonomy":"product_cat","embeddable":true,"href":"https:\/\/roveyayinevi.com.tr\/index.php\/wp-json\/wp\/v2\/product_cat?post=765188"},{"taxonomy":"product_tag","embeddable":true,"href":"https:\/\/roveyayinevi.com.tr\/index.php\/wp-json\/wp\/v2\/product_tag?post=765188"}],"curies":[{"name":"wp","href":"https:\/\/api.w.org\/{rel}","templated":true}]}}