{"id":765186,"date":"2025-08-28T11:34:41","date_gmt":"2025-08-28T08:34:41","guid":{"rendered":"https:\/\/roveyayinevi.com.tr\/index.php\/urun\/king-hotele-hos-geldiniz-2\/"},"modified":"2026-04-15T03:30:56","modified_gmt":"2026-04-15T00:30:56","slug":"king-hotele-hos-geldiniz-2","status":"publish","type":"product","link":"https:\/\/roveyayinevi.com.tr\/index.php\/urun\/king-hotele-hos-geldiniz-2\/","title":{"rendered":"King Hotel&#8217;e Ho\u015f Geldiniz 2"},"content":{"rendered":"<p>G\u00dcLMEKTEN KORKAN GU WON \u0130LE HER ZAMAN I\u015eIL I\u015eIL G\u00dcL\u00dcMSEYEN CHEON SARANG.   MASAL GI\u0307BI\u0307 A\u015eKLARINI ANLATAN SON HI\u0307K\u00c2YE. <\/p>\n","protected":false},"excerpt":{"rendered":"<p>G\u00dcLMEKTEN KORKAN GU WON \u0130LE HER ZAMAN I\u015eIL I\u015eIL G\u00dcL\u00dcMSEYEN CHEON SARANG. MASAL GI\u0307BI\u0307 A\u015eKLARINI ANLATAN SON HI\u0307K\u00c2YE.<\/p>\n","protected":false},"featured_media":0,"template":"","meta":{"_monsterinsights_skip_tracking":false,"_monsterinsights_sitenote_active":false,"_monsterinsights_sitenote_note":"","_monsterinsights_sitenote_category":0},"product_brand":[],"product_cat":[12416,12291],"product_tag":[],"class_list":{"0":"post-765186","1":"product","2":"type-product","3":"status-publish","5":"product_cat-cizgi-roman","6":"product_cat-edebiyat","7":"pa_cilt-ciltsiz","8":"pa_tur-kitap","9":"pa_yayinevi-athica-yayinlari","10":"pa_yazar-choi-rome","12":"first","13":"instock","14":"sale","15":"shipping-taxable","16":"purchasable","17":"product-type-simple"},"_links":{"self":[{"href":"https:\/\/roveyayinevi.com.tr\/index.php\/wp-json\/wp\/v2\/product\/765186","targetHints":{"allow":["GET"]}}],"collection":[{"href":"https:\/\/roveyayinevi.com.tr\/index.php\/wp-json\/wp\/v2\/product"}],"about":[{"href":"https:\/\/roveyayinevi.com.tr\/index.php\/wp-json\/wp\/v2\/types\/product"}],"wp:attachment":[{"href":"https:\/\/roveyayinevi.com.tr\/index.php\/wp-json\/wp\/v2\/media?parent=765186"}],"wp:term":[{"taxonomy":"product_brand","embeddable":true,"href":"https:\/\/roveyayinevi.com.tr\/index.php\/wp-json\/wp\/v2\/product_brand?post=765186"},{"taxonomy":"product_cat","embeddable":true,"href":"https:\/\/roveyayinevi.com.tr\/index.php\/wp-json\/wp\/v2\/product_cat?post=765186"},{"taxonomy":"product_tag","embeddable":true,"href":"https:\/\/roveyayinevi.com.tr\/index.php\/wp-json\/wp\/v2\/product_tag?post=765186"}],"curies":[{"name":"wp","href":"https:\/\/api.w.org\/{rel}","templated":true}]}}